{"id":17078,"date":"2019-08-30T19:46:06","date_gmt":"2019-08-30T19:46:06","guid":{"rendered":"https:\/\/www.agrimprove.com\/who-we-are\/"},"modified":"2022-02-28T07:31:34","modified_gmt":"2022-02-28T07:31:34","slug":"wer-wir-sind","status":"publish","type":"page","link":"https:\/\/www.agrimprove.com\/de\/wer-wir-sind\/","title":{"rendered":"Wer wir sind"},"content":{"rendered":"\n<div class=\"wp-block-group\"><div class=\"wp-block-group__inner-container is-layout-flow wp-block-group-is-layout-flow\">\n<h2><strong>Agrimprove, <br>eine Marke der Royal Agrifirm Group<\/strong><\/h2>\n<p>Agrimprove ist die Marke f\u00fcr funktionelle Futtermittelzusatzstoffe der Royal Agrifirm Group. Zur Unterst\u00fctzung von Landwirten auf der ganzen Welt entwickeln wir Ideen in den Bereichen Tiergesundheit und -ern\u00e4hrung und setzen diese Ideen in konkrete Verbesserungsstrategien um, die auf der Optimierung von Futtermitteln basieren.<\/p>\n<p>In enger Zusammenarbeit mit den Akteuren in der Landwirtschaft, der Futtermittelproduktion, der Verarbeitung und dem Einzelhandel setzen wir die Kraft der Wissenschaft ein, um die Art und Weise, wie wir Nahrungsmittel f\u00fcr unsere wachsende Weltbev\u00f6lkerung produzieren, kontinuierlich zu verbessern. Indem wir Futtermittel von einer Massenware in ein leistungsf\u00e4higes Werkzeug f\u00fcr Verbesserungen verwandeln, k\u00f6nnen wir zuversichtlich in eine Zukunft mit besseren Lebensmitteln f\u00fcr mehr Menschen blicken.<\/p>\n<\/div><\/div>\n","protected":false},"excerpt":{"rendered":"<p>Agrimprove, eine Marke der Royal Agrifirm Group Agrimprove ist die Marke f\u00fcr funktionelle Futtermittelzusatzstoffe der Royal Agrifirm Group. Zur Unterst\u00fctzung von Landwirten auf der ganzen Welt entwickeln wir Ideen in den Bereichen Tiergesundheit und -ern\u00e4hrung und setzen diese Ideen in konkrete Verbesserungsstrategien um, die auf der Optimierung von Futtermitteln basieren. In enger Zusammenarbeit mit den [&hellip;]<\/p>\n","protected":false},"author":1,"featured_media":0,"parent":0,"menu_order":0,"comment_status":"closed","ping_status":"closed","template":"page-whoweare.php","meta":{"_acf_changed":false,"footnotes":""},"country":[],"class_list":["post-17078","page","type-page","status-publish","hentry"],"acf":[],"yoast_head":"<!-- This site is optimized with the Yoast SEO plugin v26.9 - https:\/\/yoast.com\/product\/yoast-seo-wordpress\/ -->\n<title>Wer wir sind - Agrimprove<\/title>\n<meta name=\"robots\" content=\"index, follow, max-snippet:-1, max-image-preview:large, max-video-preview:-1\" \/>\n<link rel=\"canonical\" href=\"https:\/\/www.agrimprove.com\/de\/wer-wir-sind\/\" \/>\n<meta property=\"og:locale\" content=\"de_DE\" \/>\n<meta property=\"og:type\" content=\"article\" \/>\n<meta property=\"og:title\" content=\"Wer wir sind - Agrimprove\" \/>\n<meta property=\"og:description\" content=\"Agrimprove, eine Marke der Royal Agrifirm Group Agrimprove ist die Marke f\u00fcr funktionelle Futtermittelzusatzstoffe der Royal Agrifirm Group. Zur Unterst\u00fctzung von Landwirten auf der ganzen Welt entwickeln wir Ideen in den Bereichen Tiergesundheit und -ern\u00e4hrung und setzen diese Ideen in konkrete Verbesserungsstrategien um, die auf der Optimierung von Futtermitteln basieren. In enger Zusammenarbeit mit den [&hellip;]\" \/>\n<meta property=\"og:url\" content=\"https:\/\/www.agrimprove.com\/de\/wer-wir-sind\/\" \/>\n<meta property=\"og:site_name\" content=\"Agrimprove\" \/>\n<meta property=\"article:publisher\" content=\"https:\/\/www.facebook.com\/Agrimprove-107026970835037\" \/>\n<meta property=\"article:modified_time\" content=\"2022-02-28T07:31:34+00:00\" \/>\n<meta name=\"twitter:card\" content=\"summary_large_image\" \/>\n<meta name=\"twitter:label1\" content=\"Gesch\u00e4tzte Lesezeit\" \/>\n\t<meta name=\"twitter:data1\" content=\"1\u00a0Minute\" \/>\n<script type=\"application\/ld+json\" class=\"yoast-schema-graph\">{\"@context\":\"https:\/\/schema.org\",\"@graph\":[{\"@type\":\"WebPage\",\"@id\":\"https:\/\/www.agrimprove.com\/de\/wer-wir-sind\/\",\"url\":\"https:\/\/www.agrimprove.com\/de\/wer-wir-sind\/\",\"name\":\"Wer wir sind - Agrimprove\",\"isPartOf\":{\"@id\":\"https:\/\/www.agrimprove.com\/de\/#website\"},\"datePublished\":\"2019-08-30T19:46:06+00:00\",\"dateModified\":\"2022-02-28T07:31:34+00:00\",\"breadcrumb\":{\"@id\":\"https:\/\/www.agrimprove.com\/de\/wer-wir-sind\/#breadcrumb\"},\"inLanguage\":\"de\",\"potentialAction\":[{\"@type\":\"ReadAction\",\"target\":[\"https:\/\/www.agrimprove.com\/de\/wer-wir-sind\/\"]}]},{\"@type\":\"BreadcrumbList\",\"@id\":\"https:\/\/www.agrimprove.com\/de\/wer-wir-sind\/#breadcrumb\",\"itemListElement\":[{\"@type\":\"ListItem\",\"position\":1,\"name\":\"Home\",\"item\":\"https:\/\/www.agrimprove.com\/de\/\"},{\"@type\":\"ListItem\",\"position\":2,\"name\":\"Wer wir sind\"}]},{\"@type\":\"WebSite\",\"@id\":\"https:\/\/www.agrimprove.com\/de\/#website\",\"url\":\"https:\/\/www.agrimprove.com\/de\/\",\"name\":\"Agrimprove\",\"description\":\"We farm ideas\",\"potentialAction\":[{\"@type\":\"SearchAction\",\"target\":{\"@type\":\"EntryPoint\",\"urlTemplate\":\"https:\/\/www.agrimprove.com\/de\/?s={search_term_string}\"},\"query-input\":{\"@type\":\"PropertyValueSpecification\",\"valueRequired\":true,\"valueName\":\"search_term_string\"}}],\"inLanguage\":\"de\"}]}<\/script>\n<!-- \/ Yoast SEO plugin. -->","yoast_head_json":{"title":"Wer wir sind - Agrimprove","robots":{"index":"index","follow":"follow","max-snippet":"max-snippet:-1","max-image-preview":"max-image-preview:large","max-video-preview":"max-video-preview:-1"},"canonical":"https:\/\/www.agrimprove.com\/de\/wer-wir-sind\/","og_locale":"de_DE","og_type":"article","og_title":"Wer wir sind - Agrimprove","og_description":"Agrimprove, eine Marke der Royal Agrifirm Group Agrimprove ist die Marke f\u00fcr funktionelle Futtermittelzusatzstoffe der Royal Agrifirm Group. Zur Unterst\u00fctzung von Landwirten auf der ganzen Welt entwickeln wir Ideen in den Bereichen Tiergesundheit und -ern\u00e4hrung und setzen diese Ideen in konkrete Verbesserungsstrategien um, die auf der Optimierung von Futtermitteln basieren. In enger Zusammenarbeit mit den [&hellip;]","og_url":"https:\/\/www.agrimprove.com\/de\/wer-wir-sind\/","og_site_name":"Agrimprove","article_publisher":"https:\/\/www.facebook.com\/Agrimprove-107026970835037","article_modified_time":"2022-02-28T07:31:34+00:00","twitter_card":"summary_large_image","twitter_misc":{"Gesch\u00e4tzte Lesezeit":"1\u00a0Minute"},"schema":{"@context":"https:\/\/schema.org","@graph":[{"@type":"WebPage","@id":"https:\/\/www.agrimprove.com\/de\/wer-wir-sind\/","url":"https:\/\/www.agrimprove.com\/de\/wer-wir-sind\/","name":"Wer wir sind - Agrimprove","isPartOf":{"@id":"https:\/\/www.agrimprove.com\/de\/#website"},"datePublished":"2019-08-30T19:46:06+00:00","dateModified":"2022-02-28T07:31:34+00:00","breadcrumb":{"@id":"https:\/\/www.agrimprove.com\/de\/wer-wir-sind\/#breadcrumb"},"inLanguage":"de","potentialAction":[{"@type":"ReadAction","target":["https:\/\/www.agrimprove.com\/de\/wer-wir-sind\/"]}]},{"@type":"BreadcrumbList","@id":"https:\/\/www.agrimprove.com\/de\/wer-wir-sind\/#breadcrumb","itemListElement":[{"@type":"ListItem","position":1,"name":"Home","item":"https:\/\/www.agrimprove.com\/de\/"},{"@type":"ListItem","position":2,"name":"Wer wir sind"}]},{"@type":"WebSite","@id":"https:\/\/www.agrimprove.com\/de\/#website","url":"https:\/\/www.agrimprove.com\/de\/","name":"Agrimprove","description":"We farm ideas","potentialAction":[{"@type":"SearchAction","target":{"@type":"EntryPoint","urlTemplate":"https:\/\/www.agrimprove.com\/de\/?s={search_term_string}"},"query-input":{"@type":"PropertyValueSpecification","valueRequired":true,"valueName":"search_term_string"}}],"inLanguage":"de"}]}},"_links":{"self":[{"href":"https:\/\/www.agrimprove.com\/de\/wp-json\/wp\/v2\/pages\/17078","targetHints":{"allow":["GET"]}}],"collection":[{"href":"https:\/\/www.agrimprove.com\/de\/wp-json\/wp\/v2\/pages"}],"about":[{"href":"https:\/\/www.agrimprove.com\/de\/wp-json\/wp\/v2\/types\/page"}],"author":[{"embeddable":true,"href":"https:\/\/www.agrimprove.com\/de\/wp-json\/wp\/v2\/users\/1"}],"replies":[{"embeddable":true,"href":"https:\/\/www.agrimprove.com\/de\/wp-json\/wp\/v2\/comments?post=17078"}],"version-history":[{"count":6,"href":"https:\/\/www.agrimprove.com\/de\/wp-json\/wp\/v2\/pages\/17078\/revisions"}],"predecessor-version":[{"id":18729,"href":"https:\/\/www.agrimprove.com\/de\/wp-json\/wp\/v2\/pages\/17078\/revisions\/18729"}],"wp:attachment":[{"href":"https:\/\/www.agrimprove.com\/de\/wp-json\/wp\/v2\/media?parent=17078"}],"wp:term":[{"taxonomy":"country","embeddable":true,"href":"https:\/\/www.agrimprove.com\/de\/wp-json\/wp\/v2\/country?post=17078"}],"curies":[{"name":"wp","href":"https:\/\/api.w.org\/{rel}","templated":true}]}}