{"id":21531,"date":"2019-09-06T07:49:47","date_gmt":"2019-09-06T07:49:47","guid":{"rendered":"https:\/\/www.agrimprove.com\/cookie-policy\/"},"modified":"2022-06-13T17:46:00","modified_gmt":"2022-06-13T17:46:00","slug":"cookie-policy","status":"publish","type":"page","link":"https:\/\/www.agrimprove.com\/de\/cookie-policy\/","title":{"rendered":"Cookie Policy"},"content":{"rendered":"\n<p>Agrifirm (Agrifirm Group B.V. und \/ oder ihre verbundenen Unternehmen) verwendet Cookies auf der Website <a href=\"http:\/\/www.agrimprove.com\">www.agrimprove.com<\/a>. Dies sind kleine Informationsdateien, die beim Besuch der Website auf Ihrem Computer gespeichert werden. Cookies erm\u00f6glichen es unserer Website, ordnungsgem\u00e4\u00df zu funktionieren und Einblicke in das Besucherverhalten auf der Website zu erhalten. Wir verwenden diese Informationen, um unsere Webdienste zu optimieren. Cookies gef\u00e4hrden nicht die Sicherheit Ihres Computers.<\/p>\n\n\n\n<p>Sie k\u00f6nnen Cookies auch jederzeit manuell von Ihrem Computer l\u00f6schen. Sie k\u00f6nnen Cookies auch blockieren. Suchen Sie in Ihrem Browser unter &#8222;Internetoptionen&#8220;. Wenn Sie Cookies l\u00f6schen oder blockieren, funktioniert unsere Website m\u00f6glicherweise nicht mehr optimal und Sie k\u00f6nnen m\u00f6glicherweise einige Dienste nicht nutzen.<\/p>\n\n\n\n<h2 class=\"wp-block-heading\">Funktionale und nicht funktionale Cookies<\/h2>\n\n\n\n<p>Cookies k\u00f6nnen in funktionale und nicht funktionale Cookies unterteilt werden. Funktionale Cookies sind f\u00fcr das ordnungsgem\u00e4\u00dfe Funktionieren der Website erforderlich und stellen sicher, dass wir Ihnen bei jedem Besuch unserer Website schnell und korrekt die gew\u00fcnschten Informationen anzeigen k\u00f6nnen. Praktisch, dann m\u00fcssen Sie nicht jedes Mal Ihre Daten eingeben, Bevorzugungen angeben oder Ihre Einstellungen anpassen.<\/p>\n\n\n\n<p>Wir verwenden die nicht funktionale Cookies, um zu sehen, wie viele Besucher unsere Website hat und wie diese Besucher die Website nutzen. Wir verwenden diese Informationen, um die Website weiter zu verbessern. Diese Informationen sind anonym, wir k\u00f6nnen niemanden mit diesen Informationen identifizieren. Diese Dateien verschwinden automatisch, sobald Sie Ihren Internetbrowser schlie\u00dfen oder bis zu 12 Monate nach Ihrem letzten Besuch auf dem Computer verbleiben.<\/p>\n\n\n\n<p>Funktionale Cookies werden unter anderem verwendet, um:<\/p>\n\n\n\n<ul class=\"wp-block-list\"><li>Ihre Anmeldedaten zu speichern.<\/li><li>Die Sicherheit Ihrer Anmeldedaten zu garantieren.<\/li><li>Online Bestellformulare im voraus mit Ihren Kundendaten zu f\u00fcllen.<\/li><li>Ein eindeutiges Design der Website zu garantiere. M\u00e9moriser vos informations de connexion.<\/li><\/ul>\n\n\n\n<p>Nicht funktionale Cookies werden unter anderem verwendet, um:<\/p>\n\n\n\n<ul class=\"wp-block-list\"><li>Zu messen wie viele Besucher unsere Website hat.<\/li><li>Zu bestimmen wie Besucher die Website nutzen.<\/li><li>Die Leistugen der Website zu verbessern.<\/li><li>Ihre Benutzererfahrung auf der Website zu verbessern.<\/li><\/ul>\n\n\n\n<p>Weitere Informationen zu Cookies und zur Cookie-Gesetzgebung finden Sie hier: <a href=\"http:\/\/www.youronlinechoices.com\/\">http:\/\/www.youronlinechoices.com\/<\/a><\/p>\n\n\n\n<h2 class=\"wp-block-heading\">Cookie-Richtlinie aktualisieren<\/h2>\n\n\n\n<p>Diese Cookie-Richtlinie kann in der Zwischenzeit angepasst werden, um \u00c4nderungen und nachfolgende Konsequenzen f\u00fcr das Abrufen und Verwalten von Daten offenzulegen. Wenn \u00c4nderungen an dieser Richtlinie vorgenommen werden, sehen Sie unten auf der Seite das Datum, an dem der Text zuletzt ge\u00e4ndert wurde.<\/p>\n\n\n\n<p>Wir behalten uns das Recht vor, \u00c4nderungen an der Art und Weise vorzunehmen, wie wir mit Daten umgehen, die in den Cookie-Richtlinien beschriebenen Bedingungen anzupassen und diese \u00c4nderungen auf Ihre Daten anzuwenden. Durch den Besuch unserer Website stimmen Sie den jeweils aktuellen Bestimmungen unserer Cookie-Richtlinie zu.<\/p>\n","protected":false},"excerpt":{"rendered":"<p>Agrifirm (Agrifirm Group B.V. und \/ oder ihre verbundenen Unternehmen) verwendet Cookies auf der Website www.agrimprove.com. Dies sind kleine Informationsdateien, die beim Besuch der Website auf Ihrem Computer gespeichert werden. Cookies erm\u00f6glichen es unserer Website, ordnungsgem\u00e4\u00df zu funktionieren und Einblicke in das Besucherverhalten auf der Website zu erhalten. Wir verwenden diese Informationen, um unsere Webdienste [&hellip;]<\/p>\n","protected":false},"author":1,"featured_media":0,"parent":0,"menu_order":0,"comment_status":"closed","ping_status":"closed","template":"","meta":{"_acf_changed":false,"footnotes":""},"country":[],"class_list":["post-21531","page","type-page","status-publish","hentry"],"acf":[],"yoast_head":"<!-- This site is optimized with the Yoast SEO plugin v26.9 - https:\/\/yoast.com\/product\/yoast-seo-wordpress\/ -->\n<title>Cookie Policy - Agrimprove<\/title>\n<meta name=\"robots\" content=\"index, follow, max-snippet:-1, max-image-preview:large, max-video-preview:-1\" \/>\n<link rel=\"canonical\" href=\"https:\/\/www.agrimprove.com\/de\/cookie-policy\/\" \/>\n<meta property=\"og:locale\" content=\"de_DE\" \/>\n<meta property=\"og:type\" content=\"article\" \/>\n<meta property=\"og:title\" content=\"Cookie Policy - Agrimprove\" \/>\n<meta property=\"og:description\" content=\"Agrifirm (Agrifirm Group B.V. und \/ oder ihre verbundenen Unternehmen) verwendet Cookies auf der Website www.agrimprove.com. Dies sind kleine Informationsdateien, die beim Besuch der Website auf Ihrem Computer gespeichert werden. Cookies erm\u00f6glichen es unserer Website, ordnungsgem\u00e4\u00df zu funktionieren und Einblicke in das Besucherverhalten auf der Website zu erhalten. Wir verwenden diese Informationen, um unsere Webdienste [&hellip;]\" \/>\n<meta property=\"og:url\" content=\"https:\/\/www.agrimprove.com\/de\/cookie-policy\/\" \/>\n<meta property=\"og:site_name\" content=\"Agrimprove\" \/>\n<meta property=\"article:publisher\" content=\"https:\/\/www.facebook.com\/Agrimprove-107026970835037\" \/>\n<meta property=\"article:modified_time\" content=\"2022-06-13T17:46:00+00:00\" \/>\n<meta name=\"twitter:card\" content=\"summary_large_image\" \/>\n<meta name=\"twitter:label1\" content=\"Gesch\u00e4tzte Lesezeit\" \/>\n\t<meta name=\"twitter:data1\" content=\"2\u00a0Minuten\" \/>\n<script type=\"application\/ld+json\" class=\"yoast-schema-graph\">{\"@context\":\"https:\/\/schema.org\",\"@graph\":[{\"@type\":\"WebPage\",\"@id\":\"https:\/\/www.agrimprove.com\/de\/cookie-policy\/\",\"url\":\"https:\/\/www.agrimprove.com\/de\/cookie-policy\/\",\"name\":\"Cookie Policy - Agrimprove\",\"isPartOf\":{\"@id\":\"https:\/\/www.agrimprove.com\/de\/#website\"},\"datePublished\":\"2019-09-06T07:49:47+00:00\",\"dateModified\":\"2022-06-13T17:46:00+00:00\",\"breadcrumb\":{\"@id\":\"https:\/\/www.agrimprove.com\/de\/cookie-policy\/#breadcrumb\"},\"inLanguage\":\"de\",\"potentialAction\":[{\"@type\":\"ReadAction\",\"target\":[\"https:\/\/www.agrimprove.com\/de\/cookie-policy\/\"]}]},{\"@type\":\"BreadcrumbList\",\"@id\":\"https:\/\/www.agrimprove.com\/de\/cookie-policy\/#breadcrumb\",\"itemListElement\":[{\"@type\":\"ListItem\",\"position\":1,\"name\":\"Home\",\"item\":\"https:\/\/www.agrimprove.com\/de\/\"},{\"@type\":\"ListItem\",\"position\":2,\"name\":\"Cookie Policy\"}]},{\"@type\":\"WebSite\",\"@id\":\"https:\/\/www.agrimprove.com\/de\/#website\",\"url\":\"https:\/\/www.agrimprove.com\/de\/\",\"name\":\"Agrimprove\",\"description\":\"We farm ideas\",\"potentialAction\":[{\"@type\":\"SearchAction\",\"target\":{\"@type\":\"EntryPoint\",\"urlTemplate\":\"https:\/\/www.agrimprove.com\/de\/?s={search_term_string}\"},\"query-input\":{\"@type\":\"PropertyValueSpecification\",\"valueRequired\":true,\"valueName\":\"search_term_string\"}}],\"inLanguage\":\"de\"}]}<\/script>\n<!-- \/ Yoast SEO plugin. -->","yoast_head_json":{"title":"Cookie Policy - Agrimprove","robots":{"index":"index","follow":"follow","max-snippet":"max-snippet:-1","max-image-preview":"max-image-preview:large","max-video-preview":"max-video-preview:-1"},"canonical":"https:\/\/www.agrimprove.com\/de\/cookie-policy\/","og_locale":"de_DE","og_type":"article","og_title":"Cookie Policy - Agrimprove","og_description":"Agrifirm (Agrifirm Group B.V. und \/ oder ihre verbundenen Unternehmen) verwendet Cookies auf der Website www.agrimprove.com. Dies sind kleine Informationsdateien, die beim Besuch der Website auf Ihrem Computer gespeichert werden. Cookies erm\u00f6glichen es unserer Website, ordnungsgem\u00e4\u00df zu funktionieren und Einblicke in das Besucherverhalten auf der Website zu erhalten. Wir verwenden diese Informationen, um unsere Webdienste [&hellip;]","og_url":"https:\/\/www.agrimprove.com\/de\/cookie-policy\/","og_site_name":"Agrimprove","article_publisher":"https:\/\/www.facebook.com\/Agrimprove-107026970835037","article_modified_time":"2022-06-13T17:46:00+00:00","twitter_card":"summary_large_image","twitter_misc":{"Gesch\u00e4tzte Lesezeit":"2\u00a0Minuten"},"schema":{"@context":"https:\/\/schema.org","@graph":[{"@type":"WebPage","@id":"https:\/\/www.agrimprove.com\/de\/cookie-policy\/","url":"https:\/\/www.agrimprove.com\/de\/cookie-policy\/","name":"Cookie Policy - Agrimprove","isPartOf":{"@id":"https:\/\/www.agrimprove.com\/de\/#website"},"datePublished":"2019-09-06T07:49:47+00:00","dateModified":"2022-06-13T17:46:00+00:00","breadcrumb":{"@id":"https:\/\/www.agrimprove.com\/de\/cookie-policy\/#breadcrumb"},"inLanguage":"de","potentialAction":[{"@type":"ReadAction","target":["https:\/\/www.agrimprove.com\/de\/cookie-policy\/"]}]},{"@type":"BreadcrumbList","@id":"https:\/\/www.agrimprove.com\/de\/cookie-policy\/#breadcrumb","itemListElement":[{"@type":"ListItem","position":1,"name":"Home","item":"https:\/\/www.agrimprove.com\/de\/"},{"@type":"ListItem","position":2,"name":"Cookie Policy"}]},{"@type":"WebSite","@id":"https:\/\/www.agrimprove.com\/de\/#website","url":"https:\/\/www.agrimprove.com\/de\/","name":"Agrimprove","description":"We farm ideas","potentialAction":[{"@type":"SearchAction","target":{"@type":"EntryPoint","urlTemplate":"https:\/\/www.agrimprove.com\/de\/?s={search_term_string}"},"query-input":{"@type":"PropertyValueSpecification","valueRequired":true,"valueName":"search_term_string"}}],"inLanguage":"de"}]}},"_links":{"self":[{"href":"https:\/\/www.agrimprove.com\/de\/wp-json\/wp\/v2\/pages\/21531","targetHints":{"allow":["GET"]}}],"collection":[{"href":"https:\/\/www.agrimprove.com\/de\/wp-json\/wp\/v2\/pages"}],"about":[{"href":"https:\/\/www.agrimprove.com\/de\/wp-json\/wp\/v2\/types\/page"}],"author":[{"embeddable":true,"href":"https:\/\/www.agrimprove.com\/de\/wp-json\/wp\/v2\/users\/1"}],"replies":[{"embeddable":true,"href":"https:\/\/www.agrimprove.com\/de\/wp-json\/wp\/v2\/comments?post=21531"}],"version-history":[{"count":2,"href":"https:\/\/www.agrimprove.com\/de\/wp-json\/wp\/v2\/pages\/21531\/revisions"}],"predecessor-version":[{"id":21546,"href":"https:\/\/www.agrimprove.com\/de\/wp-json\/wp\/v2\/pages\/21531\/revisions\/21546"}],"wp:attachment":[{"href":"https:\/\/www.agrimprove.com\/de\/wp-json\/wp\/v2\/media?parent=21531"}],"wp:term":[{"taxonomy":"country","embeddable":true,"href":"https:\/\/www.agrimprove.com\/de\/wp-json\/wp\/v2\/country?post=21531"}],"curies":[{"name":"wp","href":"https:\/\/api.w.org\/{rel}","templated":true}]}}