{"id":18607,"date":"2021-09-30T10:29:14","date_gmt":"2021-09-30T10:29:14","guid":{"rendered":"https:\/\/www.agrimprove.com\/product\/vitafibra\/"},"modified":"2025-09-05T07:09:49","modified_gmt":"2025-09-05T07:09:49","slug":"vitafibra","status":"publish","type":"product","link":"https:\/\/www.agrimprove.com\/de\/produkt\/vitafibra\/","title":{"rendered":"VITAFIBRA"},"content":{"rendered":"<section class=\"section section--gutenberg section--gutenberg-nomargin wp-block-columns\"><div class=\"container\">\n<div class=\"wp-block-columns product-main-columns is-layout-flex wp-container-core-columns-is-layout-9d6595d7 wp-block-columns-is-layout-flex\">\n<div class=\"wp-block-column is-layout-flow wp-block-column-is-layout-flow\" style=\"flex-basis:66.66%\">\n<h2 class=\"wp-block-heading\"><strong>\u2018<span class=\"NormalTextRun  BCX8 SCXW45290745\">Alle <\/span><span class=\"SpellingError  BCX8 SCXW45290745\">Krankheiten<\/span> <span class=\"SpellingError  BCX8 SCXW45290745\">beginnen<\/span> <span class=\"SpellingError  BCX8 SCXW45290745\">im<\/span><span class=\"NormalTextRun  BCX8 SCXW45290745\"> Darm<\/span>\u2019<\/strong><\/h2>\n\n\n\n<p>Ein gesunder Darm ist die Grundlage f\u00fcr ein gesundes Tier; der Ansatz f\u00fcr die Darmgesundheit \u00e4ndert sich jedoch<br>je nach Lebensphase des Ferkels.<\/p>\n\n\n\n<p>W\u00e4hrend der kurzen Zeit im Abferkelstall konzentriert sich die Ern\u00e4hrung der Ferkel haupts\u00e4chlich darauf, einen gesunden Darm aufzubauen, der f\u00fcr den stressigen Moment der Entw\u00f6hnung vorbereitet ist. Nach der Entw\u00f6hnung verlagert sich der Schwerpunkt von der Schaffung einer gesunden Darmflora hin zur Erhaltung eines gesunden Darms. Letzteres war f\u00fcr Agrimprove der Grund, eine dritte Generation von Ballaststoffen zu entwickeln: Vitafibra.<\/p>\n\n\n\n<h2 class=\"wp-block-heading\"><strong>Gesunde Schweine = niedrigere Futterkosten<\/strong><\/h2>\n\n\n\n<p>Ferkel stehen nach dem Absetzen vor vielen verschiedenen Herausforderungen, die sehr oft zu Durchfall in den ersten zwei Wochen nach dem Absetzen f\u00fchren. In der sp\u00e4teren Phase der Aufzucht ist der Darm weiterhin gefordert, jedoch sind die Symptome von Durchfall nicht mehr sichtbar. In dieser Zeit verlieren Ferkel jedoch noch viel Energie, indem ihr Immunsystem auf diese subklinischen Darmprobleme reagiert. Durch die Einsparung dieser Energie mithilfe von Vitafibra verbessert sich die Futterverwertung, was zu geringeren Futterkosten f\u00fcr den Landwirt f\u00fchrt.<\/p>\n\n\n\n<p>In dieser Zeit verlieren die Ferkel immer noch viel Energie, weil ihr Immunsystem auf diese subklinischen Darmprobleme reagiert. Die Einsparung dieser Energie durch die Verwendung von Vitafibra verbessert die Futterverwertung und f\u00fchrt zu niedrigeren Futterkosten f\u00fcr den Landwirt.<\/p>\n<\/div>\n\n\n\n<div class=\"wp-block-column is-layout-flow wp-block-column-is-layout-flow\" style=\"flex-basis:33.33%\"><div class=\"block block--benefits\">\n    <h3 class=\"block-title\">Merkmale und Vorteile von <span class=\"orange\"><\/span><\/h3>\n    <ul class=\"benefits\">\n                    <li>Weniger E.coli-Besiedlung des Darms\r<\/li>\n                    <li>Geringerer Endotoxindruck f\u00fchrt zu weniger lokalen Entz\u00fcndungen\r<\/li>\n                    <li>Gesteigerte Leistung und Gesundheit<\/li>\n            <\/ul>\n<\/div><\/div>\n<\/div>\n<\/div><\/section>\n\n\n<section id=\"agri-contact-tile-block_3e0ed6d41d6bcaeb7572c8ad0b48f355\" class=\"section section--gutenberg agri-contact-tile\">\n    <div class=\"container\">\n        <div class=\"columns\">\n            \n                            <div class=\"column is-full is-10-tablet is-offset-1-tablet\">\n                                                <h2>Ihr Agrimprove-Experte<\/h2>\n                    <p><\/p>\n                                <\/div>\n        <\/div>\n        <div class=\"columns\">\n                            <div class=\"column is-full\">\n                                            <div class=\"contact-tile-wrapper\">\n                    <div class=\"contact-tile  contact-tile--empty\">\n                                                <div class=\"content-01\">\n                            <div class=\"name\">Dick Wim van Wijlen<\/div>\n                            <div class=\"function\">Country Manager Germany, Austria &#038; Switzerland<\/div>\n                        <\/div>\n                        <div class=\"content-02\">\n                                                        <div class=\"email\">\n                                <svg class='icon-before' xmlns=\"http:\/\/www.w3.org\/2000\/svg\" width=\"18.5\" height=\"13.643\" viewBox=\"0 0 18.5 13.643\">\n                                    <g data-name=\"streamline-icon-email-action-unread@24x24\" transform=\"translate(-0.75 -4)\">\n                                        <path d=\"M2.714,4.75H17.286A1.215,1.215,0,0,1,18.5,5.964v9.714a1.215,1.215,0,0,1-1.214,1.214H2.714A1.215,1.215,0,0,1,1.5,15.679V5.964A1.215,1.215,0,0,1,2.714,4.75Z\" fill=\"none\" stroke=\"#db8e17\" stroke-linecap=\"round\" stroke-linejoin=\"round\" stroke-width=\"1.5\"\/>\n                                        <path d=\"M18.161,5.3,11.62,11.564a2.255,2.255,0,0,1-3.24,0L1.839,5.3\" transform=\"translate(0)\" fill=\"none\" stroke=\"#db8e17\" stroke-linecap=\"round\" stroke-linejoin=\"round\" stroke-width=\"1.5\"\/>\n                                    <\/g>\n                                <\/svg>\n                                <a href=\"mailto:dick.wim.van.wijlen@nuscience.eu\">dick.wim.van.wijlen@nuscience.eu<\/a>\n                                <svg class='icon-after' width=\"12px\" height=\"11px\" viewBox=\"0 0 12 11\" version=\"1.1\" xmlns=\"http:\/\/www.w3.org\/2000\/svg\" xmlns:xlink=\"http:\/\/www.w3.org\/1999\/xlink\">\n                                    <g stroke=\"none\" stroke-width=\"1\" fill=\"none\" fill-rule=\"evenodd\">\n                                        <g transform=\"translate(-285.000000, -4382.000000)\" stroke=\"#CC8A00\" stroke-width=\"2\">\n                                            <g transform=\"translate(16.000000, 4233.000000)\">\n                                                <g transform=\"translate(16.600505, 144.000000)\">\n                                                    <g transform=\"translate(252.399495, 6.000000)\">\n                                                        <polyline transform=\"translate(5.384615, 4.615385) rotate(135.000000) translate(-5.384615, -4.615385) \" points=\"2.30769231 7.69230769 2.30769231 1.53846154 8.46153846 1.53846154\"><\/polyline>\n                                                        <line x1=\"0\" y1=\"4.61538462\" x2=\"9.23076923\" y2=\"4.61538462\"><\/line>\n                                                    <\/g>\n                                                <\/g>\n                                            <\/g>\n                                        <\/g>\n                                    <\/g>\n                                <\/svg>\n                            <\/div>\n                                                                                    <div class=\"telephone\">\n                                <svg class='icon-before' xmlns=\"http:\/\/www.w3.org\/2000\/svg\" width=\"20.293\" height=\"20.296\" viewBox=\"0 0 20.293 20.296\">\n                                    <g data-name=\"streamline-icon-phone@24x24\" transform=\"translate(0.156 0.127)\">\n                                         <path d=\"M12.5,18.545l.01.006a4.549,4.549,0,0,0,5.66-.621l.636-.636a1.518,1.518,0,0,0,0-2.145l-2.681-2.68a1.518,1.518,0,0,0-2.145,0h0a1.515,1.515,0,0,1-2.143,0l0,0L7.545,8.177a1.518,1.518,0,0,1,0-2.145h0a1.515,1.515,0,0,0,0-2.143l0,0L4.864,1.2a1.518,1.518,0,0,0-2.145,0l-.636.636A4.551,4.551,0,0,0,1.461,7.5l.007.01A41.056,41.056,0,0,0,12.5,18.545Z\" transform=\"translate(0)\" fill=\"none\" stroke=\"#db8e17\" stroke-linecap=\"round\" stroke-linejoin=\"round\" stroke-width=\"1.5\"\/>\n                                    <\/g>\n                                <\/svg>\n                                <a href=\"tel:+31 6 46 19 47 05\">+31 6 46 19 47 05<\/a>\n                                <svg class='icon-after' width=\"12px\" height=\"11px\" viewBox=\"0 0 12 11\" version=\"1.1\" xmlns=\"http:\/\/www.w3.org\/2000\/svg\" xmlns:xlink=\"http:\/\/www.w3.org\/1999\/xlink\">\n                                    <g stroke=\"none\" stroke-width=\"1\" fill=\"none\" fill-rule=\"evenodd\">\n                                        <g transform=\"translate(-285.000000, -4382.000000)\" stroke=\"#CC8A00\" stroke-width=\"2\">\n                                            <g transform=\"translate(16.000000, 4233.000000)\">\n                                                <g transform=\"translate(16.600505, 144.000000)\">\n                                                    <g transform=\"translate(252.399495, 6.000000)\">\n                                                        <polyline transform=\"translate(5.384615, 4.615385) rotate(135.000000) translate(-5.384615, -4.615385) \" points=\"2.30769231 7.69230769 2.30769231 1.53846154 8.46153846 1.53846154\"><\/polyline>\n                                                        <line x1=\"0\" y1=\"4.61538462\" x2=\"9.23076923\" y2=\"4.61538462\"><\/line>\n                                                    <\/g>\n                                                <\/g>\n                                            <\/g>\n                                        <\/g>\n                                    <\/g>\n                                <\/svg>\n                            <\/div>\n                            \n                                                    <\/div>\n                    <\/div>\n                <\/div>\n                            <\/div>\n        <\/div>\n    <\/div>\n<\/section>\n\n\n<section class=\"section section--related-products\">\n    <div class=\"container related-products-item-list list-content\">\n        <div class=\"columns\">\n            <div class=\"column is-full is-10-tablet is-offset-1-tablet\">\n                <h2 class=\"related-products-title section-title\">ANDERE L\u00d6SUNGEN, DIE EINE \u00dcBERLEGUNG WERT SIND<\/h2>\n                <div class=\"related-products-body section-body\"><p>Suchen Sie nach noch mehr Verbesserungen? Probieren Sie eine unserer anderen vorgeschlagenen L\u00f6sungen mit nachgewiesenem Mehrwert.<\/p>\n<\/div>\n            <\/div>\n        <\/div>\n        <div class=\"columns product-list\">    \n                            <div class=\"column is-6-tablet is-4-desktop\">\n                    <div class=\"product\">\n        <a href=\"https:\/\/www.agrimprove.com\/de\/produkt\/ambitine-eu\/\" target=\"_self\">\n        <div class=\"product--image-wrapper\">\n            <picture>\n                <source media=\"(max-width: 415px)\" data-srcset=\"https:\/\/www.agrimprove.com\/wp-content\/uploads\/2021\/04\/shutterstock_690950032-350x215.jpg\"\/>\n                <source media=\"(max-width: 1023)\" data-srcset=\"https:\/\/www.agrimprove.com\/wp-content\/uploads\/2021\/04\/shutterstock_690950032-460x282.jpg\"\/>\n                <source media=\"(min-width: 1024px)\" data-srcset=\"https:\/\/www.agrimprove.com\/wp-content\/uploads\/2021\/04\/shutterstock_690950032-350x215.jpg\"\/>\n                <img class=\"lazyload blur-up \" \n                    data-src=\"https:\/\/www.agrimprove.com\/wp-content\/uploads\/2021\/04\/shutterstock_690950032-350x215.jpg\"\n                    alt=\"\"\/>\n            <\/picture>\n                        <div class=\"gradient\"><\/div>\n        <\/div>\n    <\/a>\n    \n    <div class=\"product--content-wrapper\">\n        <a href=\"https:\/\/www.agrimprove.com\/de\/produkt\/ambitine-eu\/\" target=\"_self\">\n        <div class=\"product--title\">\n            <h2>AMBITINE<sup>\u00ae<\/sup> EU<\/h2>\n        <\/div>\n        <\/a>\n\n        <div class=\"product--description\">\n            Sp\u00e4tmastleistung\n        <\/div>\n        \n        <a href=\"https:\/\/www.agrimprove.com\/de\/produkt\/ambitine-eu\/\" target=\"_self\">\n        <div class=\"product--link\">\n            einzelheiten\n            <div class=\"arrow\">\n                <svg viewBox=\"0 0 12 11\" version=\"1.1\" xmlns=\"http:\/\/www.w3.org\/2000\/svg\" xmlns:xlink=\"http:\/\/www.w3.org\/1999\/xlink\">\n                    <g stroke=\"none\" stroke-width=\"1\" fill=\"none\" fill-rule=\"evenodd\">\n                        <g transform=\"translate(-333.000000, -364.000000)\" stroke=\"currentColor\" stroke-width=\"2\">\n                            <g transform=\"translate(16.000000, 346.000000)\">\n                                <g transform=\"translate(317.000000, 19.000000)\">\n                                    <polyline transform=\"translate(5.384615, 4.615385) rotate(135.000000) translate(-5.384615, -4.615385) \" points=\"2.30769231 7.69230769 2.30769231 1.53846154 8.46153846 1.53846154\"><\/polyline>\n                                    <line x1=\"0\" y1=\"4.61538462\" x2=\"9.23076923\" y2=\"4.61538462\"><\/line>\n                                <\/g>\n                            <\/g>\n                        <\/g>\n                    <\/g>\n                <\/svg>\n            <\/div>\n        <\/div>\n        <\/a>\n    <\/div>\n<\/div>\n                <\/div>\n                            <div class=\"column is-6-tablet is-4-desktop\">\n                    <div class=\"product\">\n        <a href=\"https:\/\/www.agrimprove.com\/de\/produkt\/vitanox-2\/\" target=\"_self\">\n        <div class=\"product--image-wrapper\">\n            <picture>\n                <source media=\"(max-width: 415px)\" data-srcset=\"https:\/\/www.agrimprove.com\/wp-content\/uploads\/2019\/09\/All-species-phenophylen-350x215.jpg\"\/>\n                <source media=\"(max-width: 1023)\" data-srcset=\"https:\/\/www.agrimprove.com\/wp-content\/uploads\/2019\/09\/All-species-phenophylen-460x282.jpg\"\/>\n                <source media=\"(min-width: 1024px)\" data-srcset=\"https:\/\/www.agrimprove.com\/wp-content\/uploads\/2019\/09\/All-species-phenophylen-350x215.jpg\"\/>\n                <img class=\"lazyload blur-up \" \n                    data-src=\"https:\/\/www.agrimprove.com\/wp-content\/uploads\/2019\/09\/All-species-phenophylen-350x215.jpg\"\n                    alt=\"\"\/>\n            <\/picture>\n                        <div class=\"gradient\"><\/div>\n        <\/div>\n    <\/a>\n    \n    <div class=\"product--content-wrapper\">\n        <a href=\"https:\/\/www.agrimprove.com\/de\/produkt\/vitanox-2\/\" target=\"_self\">\n        <div class=\"product--title\">\n            <h2>VITANOX<\/h2>\n        <\/div>\n        <\/a>\n\n        <div class=\"product--description\">\n            Nat\u00fcrliche Antioxidantien\n        <\/div>\n        \n        <a href=\"https:\/\/www.agrimprove.com\/de\/produkt\/vitanox-2\/\" target=\"_self\">\n        <div class=\"product--link\">\n            einzelheiten\n            <div class=\"arrow\">\n                <svg viewBox=\"0 0 12 11\" version=\"1.1\" xmlns=\"http:\/\/www.w3.org\/2000\/svg\" xmlns:xlink=\"http:\/\/www.w3.org\/1999\/xlink\">\n                    <g stroke=\"none\" stroke-width=\"1\" fill=\"none\" fill-rule=\"evenodd\">\n                        <g transform=\"translate(-333.000000, -364.000000)\" stroke=\"currentColor\" stroke-width=\"2\">\n                            <g transform=\"translate(16.000000, 346.000000)\">\n                                <g transform=\"translate(317.000000, 19.000000)\">\n                                    <polyline transform=\"translate(5.384615, 4.615385) rotate(135.000000) translate(-5.384615, -4.615385) \" points=\"2.30769231 7.69230769 2.30769231 1.53846154 8.46153846 1.53846154\"><\/polyline>\n                                    <line x1=\"0\" y1=\"4.61538462\" x2=\"9.23076923\" y2=\"4.61538462\"><\/line>\n                                <\/g>\n                            <\/g>\n                        <\/g>\n                    <\/g>\n                <\/svg>\n            <\/div>\n        <\/div>\n        <\/a>\n    <\/div>\n<\/div>\n                <\/div>\n                            <div class=\"column is-6-tablet is-4-desktop\">\n                    <div class=\"product\">\n        <a href=\"https:\/\/www.agrimprove.com\/de\/produkt\/aromabiotic\/\" target=\"_self\">\n        <div class=\"product--image-wrapper\">\n            <picture>\n                <source media=\"(max-width: 415px)\" data-srcset=\"https:\/\/www.agrimprove.com\/wp-content\/uploads\/2019\/09\/shutterstock_519329620_sized-350x215.jpg\"\/>\n                <source media=\"(max-width: 1023)\" data-srcset=\"https:\/\/www.agrimprove.com\/wp-content\/uploads\/2019\/09\/shutterstock_519329620_sized-460x282.jpg\"\/>\n                <source media=\"(min-width: 1024px)\" data-srcset=\"https:\/\/www.agrimprove.com\/wp-content\/uploads\/2019\/09\/shutterstock_519329620_sized-350x215.jpg\"\/>\n                <img class=\"lazyload blur-up \" \n                    data-src=\"https:\/\/www.agrimprove.com\/wp-content\/uploads\/2019\/09\/shutterstock_519329620_sized-350x215.jpg\"\n                    alt=\"\"\/>\n            <\/picture>\n                        <div class=\"gradient\"><\/div>\n        <\/div>\n    <\/a>\n    \n    <div class=\"product--content-wrapper\">\n        <a href=\"https:\/\/www.agrimprove.com\/de\/produkt\/aromabiotic\/\" target=\"_self\">\n        <div class=\"product--title\">\n            <h2>AROMABIOTIC<sup>\u00ae<\/sup><\/h2>\n        <\/div>\n        <\/a>\n\n        <div class=\"product--description\">\n            MKFS, das original\n        <\/div>\n        \n        <a href=\"https:\/\/www.agrimprove.com\/de\/produkt\/aromabiotic\/\" target=\"_self\">\n        <div class=\"product--link\">\n            einzelheiten\n            <div class=\"arrow\">\n                <svg viewBox=\"0 0 12 11\" version=\"1.1\" xmlns=\"http:\/\/www.w3.org\/2000\/svg\" xmlns:xlink=\"http:\/\/www.w3.org\/1999\/xlink\">\n                    <g stroke=\"none\" stroke-width=\"1\" fill=\"none\" fill-rule=\"evenodd\">\n                        <g transform=\"translate(-333.000000, -364.000000)\" stroke=\"currentColor\" stroke-width=\"2\">\n                            <g transform=\"translate(16.000000, 346.000000)\">\n                                <g transform=\"translate(317.000000, 19.000000)\">\n                                    <polyline transform=\"translate(5.384615, 4.615385) rotate(135.000000) translate(-5.384615, -4.615385) \" points=\"2.30769231 7.69230769 2.30769231 1.53846154 8.46153846 1.53846154\"><\/polyline>\n                                    <line x1=\"0\" y1=\"4.61538462\" x2=\"9.23076923\" y2=\"4.61538462\"><\/line>\n                                <\/g>\n                            <\/g>\n                        <\/g>\n                    <\/g>\n                <\/svg>\n            <\/div>\n        <\/div>\n        <\/a>\n    <\/div>\n<\/div>\n                <\/div>\n                    <\/div>\n    <\/div>\n<\/section>\n","protected":false},"excerpt":{"rendered":"<p>Die dritte Generation der Faser<\/p>\n","protected":false},"featured_media":17243,"template":"","meta":{"_acf_changed":true},"product_brand":[],"product_cat":[4027,4029],"product_tag":[],"sector":[4049],"country":[],"class_list":{"0":"post-18607","1":"product","2":"type-product","3":"status-publish","4":"has-post-thumbnail","6":"product_cat-gesundheit-de","7":"product_cat-stress-immunitaet-de","8":"sector-schwein-de","10":"first","11":"instock","12":"shipping-taxable","13":"product-type-simple"},"acf":[],"yoast_head":"<!-- This site is optimized with the Yoast SEO plugin v26.9 - https:\/\/yoast.com\/product\/yoast-seo-wordpress\/ -->\n<title>VITAFIBRA<\/title>\n<meta name=\"robots\" content=\"index, follow, max-snippet:-1, max-image-preview:large, max-video-preview:-1\" \/>\n<link rel=\"canonical\" href=\"https:\/\/www.agrimprove.com\/de\/produkt\/vitafibra\/\" \/>\n<meta property=\"og:locale\" content=\"de_DE\" \/>\n<meta property=\"og:type\" content=\"article\" \/>\n<meta property=\"og:title\" content=\"VITAFIBRA\" \/>\n<meta property=\"og:description\" content=\"Die dritte Generation der Faser\" \/>\n<meta property=\"og:url\" content=\"https:\/\/www.agrimprove.com\/de\/produkt\/vitafibra\/\" \/>\n<meta property=\"og:site_name\" content=\"Agrimprove\" \/>\n<meta property=\"article:publisher\" content=\"https:\/\/www.facebook.com\/Agrimprove-107026970835037\" \/>\n<meta property=\"article:modified_time\" content=\"2025-09-05T07:09:49+00:00\" \/>\n<meta property=\"og:image\" content=\"https:\/\/www.agrimprove.com\/wp-content\/uploads\/2021\/09\/shutterstock_1864416343.jpg\" \/>\n\t<meta property=\"og:image:width\" content=\"1500\" \/>\n\t<meta property=\"og:image:height\" content=\"902\" \/>\n\t<meta property=\"og:image:type\" content=\"image\/jpeg\" \/>\n<meta name=\"twitter:card\" content=\"summary_large_image\" \/>\n<meta name=\"twitter:label1\" content=\"Gesch\u00e4tzte Lesezeit\" \/>\n\t<meta name=\"twitter:data1\" content=\"3\u00a0Minuten\" \/>\n<script type=\"application\/ld+json\" class=\"yoast-schema-graph\">{\"@context\":\"https:\/\/schema.org\",\"@graph\":[{\"@type\":\"WebPage\",\"@id\":\"https:\/\/www.agrimprove.com\/de\/produkt\/vitafibra\/\",\"url\":\"https:\/\/www.agrimprove.com\/de\/produkt\/vitafibra\/\",\"name\":\"VITAFIBRA\",\"isPartOf\":{\"@id\":\"https:\/\/www.agrimprove.com\/de\/#website\"},\"primaryImageOfPage\":{\"@id\":\"https:\/\/www.agrimprove.com\/de\/produkt\/vitafibra\/#primaryimage\"},\"image\":{\"@id\":\"https:\/\/www.agrimprove.com\/de\/produkt\/vitafibra\/#primaryimage\"},\"thumbnailUrl\":\"https:\/\/www.agrimprove.com\/wp-content\/uploads\/2021\/09\/shutterstock_1864416343.jpg\",\"datePublished\":\"2021-09-30T10:29:14+00:00\",\"dateModified\":\"2025-09-05T07:09:49+00:00\",\"breadcrumb\":{\"@id\":\"https:\/\/www.agrimprove.com\/de\/produkt\/vitafibra\/#breadcrumb\"},\"inLanguage\":\"de\",\"potentialAction\":[{\"@type\":\"ReadAction\",\"target\":[\"https:\/\/www.agrimprove.com\/de\/produkt\/vitafibra\/\"]}]},{\"@type\":\"ImageObject\",\"inLanguage\":\"de\",\"@id\":\"https:\/\/www.agrimprove.com\/de\/produkt\/vitafibra\/#primaryimage\",\"url\":\"https:\/\/www.agrimprove.com\/wp-content\/uploads\/2021\/09\/shutterstock_1864416343.jpg\",\"contentUrl\":\"https:\/\/www.agrimprove.com\/wp-content\/uploads\/2021\/09\/shutterstock_1864416343.jpg\",\"width\":1500,\"height\":902},{\"@type\":\"BreadcrumbList\",\"@id\":\"https:\/\/www.agrimprove.com\/de\/produkt\/vitafibra\/#breadcrumb\",\"itemListElement\":[{\"@type\":\"ListItem\",\"position\":1,\"name\":\"Home\",\"item\":\"https:\/\/www.agrimprove.com\/de\/\"},{\"@type\":\"ListItem\",\"position\":2,\"name\":\"Unsere Produkte\",\"item\":\"https:\/\/www.agrimprove.com\/de\/our-products\/\"},{\"@type\":\"ListItem\",\"position\":3,\"name\":\"VITAFIBRA\"}]},{\"@type\":\"WebSite\",\"@id\":\"https:\/\/www.agrimprove.com\/de\/#website\",\"url\":\"https:\/\/www.agrimprove.com\/de\/\",\"name\":\"Agrimprove\",\"description\":\"We farm ideas\",\"potentialAction\":[{\"@type\":\"SearchAction\",\"target\":{\"@type\":\"EntryPoint\",\"urlTemplate\":\"https:\/\/www.agrimprove.com\/de\/?s={search_term_string}\"},\"query-input\":{\"@type\":\"PropertyValueSpecification\",\"valueRequired\":true,\"valueName\":\"search_term_string\"}}],\"inLanguage\":\"de\"}]}<\/script>\n<!-- \/ Yoast SEO plugin. -->","yoast_head_json":{"title":"VITAFIBRA","robots":{"index":"index","follow":"follow","max-snippet":"max-snippet:-1","max-image-preview":"max-image-preview:large","max-video-preview":"max-video-preview:-1"},"canonical":"https:\/\/www.agrimprove.com\/de\/produkt\/vitafibra\/","og_locale":"de_DE","og_type":"article","og_title":"VITAFIBRA","og_description":"Die dritte Generation der Faser","og_url":"https:\/\/www.agrimprove.com\/de\/produkt\/vitafibra\/","og_site_name":"Agrimprove","article_publisher":"https:\/\/www.facebook.com\/Agrimprove-107026970835037","article_modified_time":"2025-09-05T07:09:49+00:00","og_image":[{"width":1500,"height":902,"url":"https:\/\/www.agrimprove.com\/wp-content\/uploads\/2021\/09\/shutterstock_1864416343.jpg","type":"image\/jpeg"}],"twitter_card":"summary_large_image","twitter_misc":{"Gesch\u00e4tzte Lesezeit":"3\u00a0Minuten"},"schema":{"@context":"https:\/\/schema.org","@graph":[{"@type":"WebPage","@id":"https:\/\/www.agrimprove.com\/de\/produkt\/vitafibra\/","url":"https:\/\/www.agrimprove.com\/de\/produkt\/vitafibra\/","name":"VITAFIBRA","isPartOf":{"@id":"https:\/\/www.agrimprove.com\/de\/#website"},"primaryImageOfPage":{"@id":"https:\/\/www.agrimprove.com\/de\/produkt\/vitafibra\/#primaryimage"},"image":{"@id":"https:\/\/www.agrimprove.com\/de\/produkt\/vitafibra\/#primaryimage"},"thumbnailUrl":"https:\/\/www.agrimprove.com\/wp-content\/uploads\/2021\/09\/shutterstock_1864416343.jpg","datePublished":"2021-09-30T10:29:14+00:00","dateModified":"2025-09-05T07:09:49+00:00","breadcrumb":{"@id":"https:\/\/www.agrimprove.com\/de\/produkt\/vitafibra\/#breadcrumb"},"inLanguage":"de","potentialAction":[{"@type":"ReadAction","target":["https:\/\/www.agrimprove.com\/de\/produkt\/vitafibra\/"]}]},{"@type":"ImageObject","inLanguage":"de","@id":"https:\/\/www.agrimprove.com\/de\/produkt\/vitafibra\/#primaryimage","url":"https:\/\/www.agrimprove.com\/wp-content\/uploads\/2021\/09\/shutterstock_1864416343.jpg","contentUrl":"https:\/\/www.agrimprove.com\/wp-content\/uploads\/2021\/09\/shutterstock_1864416343.jpg","width":1500,"height":902},{"@type":"BreadcrumbList","@id":"https:\/\/www.agrimprove.com\/de\/produkt\/vitafibra\/#breadcrumb","itemListElement":[{"@type":"ListItem","position":1,"name":"Home","item":"https:\/\/www.agrimprove.com\/de\/"},{"@type":"ListItem","position":2,"name":"Unsere Produkte","item":"https:\/\/www.agrimprove.com\/de\/our-products\/"},{"@type":"ListItem","position":3,"name":"VITAFIBRA"}]},{"@type":"WebSite","@id":"https:\/\/www.agrimprove.com\/de\/#website","url":"https:\/\/www.agrimprove.com\/de\/","name":"Agrimprove","description":"We farm ideas","potentialAction":[{"@type":"SearchAction","target":{"@type":"EntryPoint","urlTemplate":"https:\/\/www.agrimprove.com\/de\/?s={search_term_string}"},"query-input":{"@type":"PropertyValueSpecification","valueRequired":true,"valueName":"search_term_string"}}],"inLanguage":"de"}]}},"_links":{"self":[{"href":"https:\/\/www.agrimprove.com\/de\/wp-json\/wp\/v2\/product\/18607","targetHints":{"allow":["GET"]}}],"collection":[{"href":"https:\/\/www.agrimprove.com\/de\/wp-json\/wp\/v2\/product"}],"about":[{"href":"https:\/\/www.agrimprove.com\/de\/wp-json\/wp\/v2\/types\/product"}],"wp:featuredmedia":[{"embeddable":true,"href":"https:\/\/www.agrimprove.com\/de\/wp-json\/wp\/v2\/media\/17243"}],"wp:attachment":[{"href":"https:\/\/www.agrimprove.com\/de\/wp-json\/wp\/v2\/media?parent=18607"}],"wp:term":[{"taxonomy":"product_brand","embeddable":true,"href":"https:\/\/www.agrimprove.com\/de\/wp-json\/wp\/v2\/product_brand?post=18607"},{"taxonomy":"product_cat","embeddable":true,"href":"https:\/\/www.agrimprove.com\/de\/wp-json\/wp\/v2\/product_cat?post=18607"},{"taxonomy":"product_tag","embeddable":true,"href":"https:\/\/www.agrimprove.com\/de\/wp-json\/wp\/v2\/product_tag?post=18607"},{"taxonomy":"sector","embeddable":true,"href":"https:\/\/www.agrimprove.com\/de\/wp-json\/wp\/v2\/sector?post=18607"},{"taxonomy":"country","embeddable":true,"href":"https:\/\/www.agrimprove.com\/de\/wp-json\/wp\/v2\/country?post=18607"}],"curies":[{"name":"wp","href":"https:\/\/api.w.org\/{rel}","templated":true}]}}