{"id":9884,"date":"2020-06-25T18:54:22","date_gmt":"2020-06-25T18:54:22","guid":{"rendered":"https:\/\/www.agrimprove.com\/?post_type=product&#038;p=9884"},"modified":"2021-09-14T10:36:11","modified_gmt":"2021-09-14T10:36:11","slug":"vifafix-select-pigs","status":"publish","type":"product","link":"https:\/\/www.agrimprove.com\/es\/producto\/vifafix-select-pigs\/","title":{"rendered":"Vifafix Select+ pigs"},"content":{"rendered":"<section class=\"section section--gutenberg section--gutenberg-nomargin wp-block-columns\"><div class=\"container\">\n<div class=\"wp-block-columns product-main-columns is-layout-flex wp-container-core-columns-is-layout-9d6595d7 wp-block-columns-is-layout-flex\">\n<div class=\"wp-block-column is-layout-flow wp-block-column-is-layout-flow\" style=\"flex-basis:66.66%\">\n<h2 class=\"wp-block-heading\"><strong>Vitafix Select+, previene los efectos de las micotoxinas<\/strong><\/h2>\n\n\n\n<p>Vitafix Select+, tiene como ingrediente principal la bentonita. La bentonita tiene una estructura laminar de tres capas que le otorga la propiedad de adsorci\u00f3n de micotoxinas, en particular de micotoxinas polares (ej. Aflatoxina). El Vitafix Select+ es altamente efectivo en la uni\u00f3n de aflatoxinas (&gt; 99%). La capacidad de adsorci\u00f3n de la bentonita viene determinada por su superficie espec\u00edfca (puntos de uni\u00f3n con la micotoxina) y su capacidad de intercambio cati\u00f3nico. Todo ello, conlleva a una reducci\u00f3n de la absorci\u00f3n de micotoxinas en el tracto gastrointestinal y su distribuci\u00f3n en sangre.<\/p>\n\n\n\n<h2 class=\"wp-block-heading\"><strong>Vitafix Select+, capacidad de adsorci\u00f3n<\/strong><\/h2>\n\n\n\n<p>La adsorci\u00f3n o uni\u00f3n de las micotoxinas evita su absorci\u00f3n desde el tracto gastrointestinal hacia el resto del organismo. Debido a la reducci\u00f3n de la biodisponibilidad, las micotoxinas no pueden inducir efectos t\u00f3xicos en \u00f3r-ganos espec\u00edficos como el h\u00edgado o los ri\u00f1ones y el sistema inmunol\u00f3gico<\/p>\n<\/div>\n\n\n\n<div class=\"wp-block-column is-layout-flow wp-block-column-is-layout-flow\" style=\"flex-basis:33.33%\"><div class=\"block block--benefits\">\n    <h3 class=\"block-title\">principales beneficios de <span class=\"orange\"><\/span><\/h3>\n    <ul class=\"benefits\">\n                    <li>Disminuci\u00f3n de la absorci\u00f3n de micotoxinas en el tracto gastrointestinal.\r<\/li>\n                    <li>Disminuci\u00f3n de la distribuci\u00f3n sist\u00e9mica a diferentes \u00f3rganos.\r<\/li>\n                    <li>Disminuci\u00f3n de los efectos negativos en el estado   sanitario y el rendimiento de los animales.<\/li>\n            <\/ul>\n<\/div>\n\n<div class=\"block block--productwhitepaper\">\n    <div class=\"inner\">\n                    <h3 class=\"block-title\">Quieres saber m\u00e1s? <\/h3>\n        \n                        <button class=\"button button--primary  align-left\" id=''>Ponerse en contacto \n\n    \n    <\/button>\n\n            \n            \n            <\/div>\n<\/div>\n<style>\n    .block.block--productwhitepaper.align-center {\n        display: flex;\n        flex-direction: row;\n        justify-content: center;   \n    }\n\n    .block.block--productwhitepaper.align-right {\n        display: flex;\n        flex-direction: row;\n        justify-content: flex-end;   \n    }\n\n    .block.block--productwhitepaper.align-center .block-title {\n        text-align: center;\n    }\n\n    .block.block--productwhitepaper.align-right .block-title {\n        text-align: right;\n    }\n\n    .block.block--productwhitepaper .inner {\n        display: flex;\n        flex-direction: column;\n    }\n\n    .block.block--productwhitepaper .button.align-center {\n        margin-left: auto;\n        margin-right: auto;\n    }\n\n    .block.block--productwhitepaper .button.align-left {\n        margin-right: auto;\n    }\n\n    .block.block--productwhitepaper .button.align-right {\n        margin-left: auto;\n    }\n<\/style><\/div>\n<\/div>\n<\/div><\/section>\n\n\n<section id=\"agri-contact-tile-block_60d1ca36c17db\" class=\"section section--gutenberg agri-contact-tile\">\n    <div class=\"container\">\n        <div class=\"columns\">\n            \n                            <div class=\"column is-full is-10-tablet is-offset-1-tablet\">\n                                                <h2>Tu experto en Agrimprove <\/h2>\n                    <p><\/p>\n                                <\/div>\n        <\/div>\n        <div class=\"columns\">\n                            <div class=\"column is-full\">\n                                            <div class=\"contact-tile-wrapper\">\n                    <div class=\"contact-tile  contact-tile--empty\">\n                                                <div class=\"content-01\">\n                            <div class=\"name\">Marc  Intven<\/div>\n                            <div class=\"function\">Sales Manager<\/div>\n                        <\/div>\n                        <div class=\"content-02\">\n                                                        <div class=\"email\">\n                                <svg class='icon-before' xmlns=\"http:\/\/www.w3.org\/2000\/svg\" width=\"18.5\" height=\"13.643\" viewBox=\"0 0 18.5 13.643\">\n                                    <g data-name=\"streamline-icon-email-action-unread@24x24\" transform=\"translate(-0.75 -4)\">\n                                        <path d=\"M2.714,4.75H17.286A1.215,1.215,0,0,1,18.5,5.964v9.714a1.215,1.215,0,0,1-1.214,1.214H2.714A1.215,1.215,0,0,1,1.5,15.679V5.964A1.215,1.215,0,0,1,2.714,4.75Z\" fill=\"none\" stroke=\"#db8e17\" stroke-linecap=\"round\" stroke-linejoin=\"round\" stroke-width=\"1.5\"\/>\n                                        <path d=\"M18.161,5.3,11.62,11.564a2.255,2.255,0,0,1-3.24,0L1.839,5.3\" transform=\"translate(0)\" fill=\"none\" stroke=\"#db8e17\" stroke-linecap=\"round\" stroke-linejoin=\"round\" stroke-width=\"1.5\"\/>\n                                    <\/g>\n                                <\/svg>\n                                <a href=\"mailto:m.intven@nuscience.eu\">m.intven@nuscience.eu<\/a>\n                                <svg class='icon-after' width=\"12px\" height=\"11px\" viewBox=\"0 0 12 11\" version=\"1.1\" xmlns=\"http:\/\/www.w3.org\/2000\/svg\" xmlns:xlink=\"http:\/\/www.w3.org\/1999\/xlink\">\n                                    <g stroke=\"none\" stroke-width=\"1\" fill=\"none\" fill-rule=\"evenodd\">\n                                        <g transform=\"translate(-285.000000, -4382.000000)\" stroke=\"#CC8A00\" stroke-width=\"2\">\n                                            <g transform=\"translate(16.000000, 4233.000000)\">\n                                                <g transform=\"translate(16.600505, 144.000000)\">\n                                                    <g transform=\"translate(252.399495, 6.000000)\">\n                                                        <polyline transform=\"translate(5.384615, 4.615385) rotate(135.000000) translate(-5.384615, -4.615385) \" points=\"2.30769231 7.69230769 2.30769231 1.53846154 8.46153846 1.53846154\"><\/polyline>\n                                                        <line x1=\"0\" y1=\"4.61538462\" x2=\"9.23076923\" y2=\"4.61538462\"><\/line>\n                                                    <\/g>\n                                                <\/g>\n                                            <\/g>\n                                        <\/g>\n                                    <\/g>\n                                <\/svg>\n                            <\/div>\n                                                        \n                                                    <\/div>\n                    <\/div>\n                <\/div>\n                            <\/div>\n        <\/div>\n    <\/div>\n<\/section>\n\n\n\n<section id=\"agri-gallery-block_60d1e5dbc17dc\" class=\"section section--gutenberg agri-gallery\">\n    <div class=\"container\">\n        <div class=\"columns\">\n            <div class=\"column\">\n            <div class='gallery-slider-wrapper'><div class='gallery-slider block-gallery-slider'><div class=\"gallery-slide\"><a href=\"https:\/\/www.agrimprove.com\/wp-content\/uploads\/2019\/09\/Pigs-in-corridor-2-1440x960.jpg\" data-caption=\"\"><img decoding=\"async\" src=\"https:\/\/www.agrimprove.com\/wp-content\/uploads\/2019\/09\/Pigs-in-corridor-2-375x375.jpg\" alt=\"\"><\/a><\/div><div class=\"gallery-slide\"><a href=\"https:\/\/www.agrimprove.com\/wp-content\/uploads\/2019\/09\/Pigs-group-fattening-pigs-in-pen-1440x960.jpg\" data-caption=\"\"><img decoding=\"async\" src=\"https:\/\/www.agrimprove.com\/wp-content\/uploads\/2019\/09\/Pigs-group-fattening-pigs-in-pen-375x375.jpg\" alt=\"\"><\/a><\/div><div class=\"gallery-slide\"><a href=\"https:\/\/www.agrimprove.com\/wp-content\/uploads\/2019\/09\/Poultry-dinner-people-1440x961.jpg\" data-caption=\"\"><img decoding=\"async\" src=\"https:\/\/www.agrimprove.com\/wp-content\/uploads\/2019\/09\/Poultry-dinner-people-375x375.jpg\" alt=\"\"><\/a><\/div><div class=\"gallery-slide\"><a href=\"https:\/\/www.agrimprove.com\/wp-content\/uploads\/2019\/09\/shutterstock_48384775-1440x964.jpg\" data-caption=\"\"><img decoding=\"async\" src=\"https:\/\/www.agrimprove.com\/wp-content\/uploads\/2019\/09\/shutterstock_48384775-375x375.jpg\" alt=\"\"><\/a><\/div><\/div><\/div>            <\/div>\n        <\/div>\n    <\/div>\n<\/section> \n\n\n\n<section id=\"agri-quote-block_5f7452c6456f9\" class=\"section section--gutenberg  agri-quote\">\n    <div class=\"container\">\n        <div class=\"block block--cta\">\n            <div class=\"columns\">\n                <div class=\"column is-10-tablet is-offset-1-tablet\">\n                    <div class=\"block--cta__body\"><h2><span style=\"font-family: alegreya, sans-serif;\">Quieres saber m\u00e1s?<\/span><\/h2>\n<p><span style=\"font-size: 16px; font-family: alegreya, sans-serif;\"><span lang=\"es\">D\u00e9jenos un mensaje o comun\u00edquese con su experto local de Agrimprove<\/span>.<\/span><br \/>\n<span style=\"font-size: 16px; font-family: alegreya, sans-serif;\"><span lang=\"es\">Nos pondremos en contacto contigo con informaci\u00f3n m\u00e1s detallada<\/span>.<\/span><\/p>\n<\/div>\n                \n                    <div class=\"block--cta__button\">\n                        <a href=\"https:\/\/www.agrimprove.com\/es\/contact-us\/\" target=\"_self\" class=\"button button--primary button--arrow\">Ponerse en contacto                            <div class=\"arrow\">\n                                <svg viewBox=\"0 0 12 11\" version=\"1.1\" xmlns=\"http:\/\/www.w3.org\/2000\/svg\" xmlns:xlink=\"http:\/\/www.w3.org\/1999\/xlink\">\n                                    <g stroke=\"none\" stroke-width=\"1\" fill=\"none\" fill-rule=\"evenodd\">\n                                        <g transform=\"translate(-333.000000, -364.000000)\" stroke=\"currentColor\" stroke-width=\"2\">\n                                            <g transform=\"translate(16.000000, 346.000000)\">\n                                                <g transform=\"translate(317.000000, 19.000000)\">\n                                                    <polyline transform=\"translate(5.384615, 4.615385) rotate(135.000000) translate(-5.384615, -4.615385) \" points=\"2.30769231 7.69230769 2.30769231 1.53846154 8.46153846 1.53846154\"><\/polyline>\n                                                    <line x1=\"0\" y1=\"4.61538462\" x2=\"9.23076923\" y2=\"4.61538462\"><\/line>\n                                                <\/g>\n                                            <\/g>\n                                        <\/g>\n                                    <\/g>\n                                <\/svg>\n                            <\/div>\n                        <\/a>\n                    <\/div>\n\n                                    <\/div>\n            <\/div>\n        <\/div>\n    <\/div>\n<\/section>","protected":false},"excerpt":{"rendered":"<p>Vitafix Select+, previene los efectos de las micotoxinas Vitafix Select+, tiene como ingrediente principal la bentonita. La bentonita tiene una estructura laminar de tres capas que le otorga la propiedad de adsorci\u00f3n de micotoxinas, en particular de micotoxinas polares (ej. Aflatoxina). El Vitafix Select+ es altamente efectivo en la uni\u00f3n de aflatoxinas (&gt; 99%). La [&hellip;]<\/p>\n","protected":false},"featured_media":0,"template":"","meta":{"_acf_changed":false},"product_brand":[],"product_cat":[15],"product_tag":[],"sector":[],"country":[],"class_list":{"0":"post-9884","1":"product","2":"type-product","3":"status-publish","5":"product_cat-uncategorized","7":"first","8":"instock","9":"shipping-taxable","10":"product-type-simple"},"acf":[],"yoast_head":"<!-- This site is optimized with the Yoast SEO plugin v26.9 - https:\/\/yoast.com\/product\/yoast-seo-wordpress\/ -->\n<title>Vifafix Select+ pigs<\/title>\n<meta name=\"robots\" content=\"index, follow, max-snippet:-1, max-image-preview:large, max-video-preview:-1\" \/>\n<link rel=\"canonical\" href=\"https:\/\/www.agrimprove.com\/es\/producto\/vifafix-select-pigs\/\" \/>\n<meta property=\"og:locale\" content=\"es_ES\" \/>\n<meta property=\"og:type\" content=\"article\" \/>\n<meta property=\"og:title\" content=\"Vifafix Select+ pigs\" \/>\n<meta property=\"og:description\" content=\"Vitafix Select+, previene los efectos de las micotoxinas Vitafix Select+, tiene como ingrediente principal la bentonita. La bentonita tiene una estructura laminar de tres capas que le otorga la propiedad de adsorci\u00f3n de micotoxinas, en particular de micotoxinas polares (ej. Aflatoxina). El Vitafix Select+ es altamente efectivo en la uni\u00f3n de aflatoxinas (&gt; 99%). La [&hellip;]\" \/>\n<meta property=\"og:url\" content=\"https:\/\/www.agrimprove.com\/es\/producto\/vifafix-select-pigs\/\" \/>\n<meta property=\"og:site_name\" content=\"Agrimprove\" \/>\n<meta property=\"article:publisher\" content=\"https:\/\/www.facebook.com\/Agrimprove-107026970835037\" \/>\n<meta property=\"article:modified_time\" content=\"2021-09-14T10:36:11+00:00\" \/>\n<meta name=\"twitter:card\" content=\"summary_large_image\" \/>\n<meta name=\"twitter:label1\" content=\"Tiempo de lectura\" \/>\n\t<meta name=\"twitter:data1\" content=\"1 minuto\" \/>\n<script type=\"application\/ld+json\" class=\"yoast-schema-graph\">{\"@context\":\"https:\/\/schema.org\",\"@graph\":[{\"@type\":\"WebPage\",\"@id\":\"https:\/\/www.agrimprove.com\/es\/producto\/vifafix-select-pigs\/\",\"url\":\"https:\/\/www.agrimprove.com\/es\/producto\/vifafix-select-pigs\/\",\"name\":\"Vifafix Select+ pigs\",\"isPartOf\":{\"@id\":\"https:\/\/www.agrimprove.com\/es\/#website\"},\"datePublished\":\"2020-06-25T18:54:22+00:00\",\"dateModified\":\"2021-09-14T10:36:11+00:00\",\"breadcrumb\":{\"@id\":\"https:\/\/www.agrimprove.com\/es\/producto\/vifafix-select-pigs\/#breadcrumb\"},\"inLanguage\":\"es\",\"potentialAction\":[{\"@type\":\"ReadAction\",\"target\":[\"https:\/\/www.agrimprove.com\/es\/producto\/vifafix-select-pigs\/\"]}]},{\"@type\":\"BreadcrumbList\",\"@id\":\"https:\/\/www.agrimprove.com\/es\/producto\/vifafix-select-pigs\/#breadcrumb\",\"itemListElement\":[{\"@type\":\"ListItem\",\"position\":1,\"name\":\"Inicio\",\"item\":\"https:\/\/www.agrimprove.com\/es\/\"},{\"@type\":\"ListItem\",\"position\":2,\"name\":\"Lo que ofrecemos\",\"item\":\"https:\/\/www.agrimprove.com\/es\/le-que-ofrecemos\/\"},{\"@type\":\"ListItem\",\"position\":3,\"name\":\"Vifafix Select+ pigs\"}]},{\"@type\":\"WebSite\",\"@id\":\"https:\/\/www.agrimprove.com\/es\/#website\",\"url\":\"https:\/\/www.agrimprove.com\/es\/\",\"name\":\"Agrimprove\",\"description\":\"We farm ideas\",\"potentialAction\":[{\"@type\":\"SearchAction\",\"target\":{\"@type\":\"EntryPoint\",\"urlTemplate\":\"https:\/\/www.agrimprove.com\/es\/?s={search_term_string}\"},\"query-input\":{\"@type\":\"PropertyValueSpecification\",\"valueRequired\":true,\"valueName\":\"search_term_string\"}}],\"inLanguage\":\"es\"}]}<\/script>\n<!-- \/ Yoast SEO plugin. -->","yoast_head_json":{"title":"Vifafix Select+ pigs","robots":{"index":"index","follow":"follow","max-snippet":"max-snippet:-1","max-image-preview":"max-image-preview:large","max-video-preview":"max-video-preview:-1"},"canonical":"https:\/\/www.agrimprove.com\/es\/producto\/vifafix-select-pigs\/","og_locale":"es_ES","og_type":"article","og_title":"Vifafix Select+ pigs","og_description":"Vitafix Select+, previene los efectos de las micotoxinas Vitafix Select+, tiene como ingrediente principal la bentonita. La bentonita tiene una estructura laminar de tres capas que le otorga la propiedad de adsorci\u00f3n de micotoxinas, en particular de micotoxinas polares (ej. Aflatoxina). El Vitafix Select+ es altamente efectivo en la uni\u00f3n de aflatoxinas (&gt; 99%). La [&hellip;]","og_url":"https:\/\/www.agrimprove.com\/es\/producto\/vifafix-select-pigs\/","og_site_name":"Agrimprove","article_publisher":"https:\/\/www.facebook.com\/Agrimprove-107026970835037","article_modified_time":"2021-09-14T10:36:11+00:00","twitter_card":"summary_large_image","twitter_misc":{"Tiempo de lectura":"1 minuto"},"schema":{"@context":"https:\/\/schema.org","@graph":[{"@type":"WebPage","@id":"https:\/\/www.agrimprove.com\/es\/producto\/vifafix-select-pigs\/","url":"https:\/\/www.agrimprove.com\/es\/producto\/vifafix-select-pigs\/","name":"Vifafix Select+ pigs","isPartOf":{"@id":"https:\/\/www.agrimprove.com\/es\/#website"},"datePublished":"2020-06-25T18:54:22+00:00","dateModified":"2021-09-14T10:36:11+00:00","breadcrumb":{"@id":"https:\/\/www.agrimprove.com\/es\/producto\/vifafix-select-pigs\/#breadcrumb"},"inLanguage":"es","potentialAction":[{"@type":"ReadAction","target":["https:\/\/www.agrimprove.com\/es\/producto\/vifafix-select-pigs\/"]}]},{"@type":"BreadcrumbList","@id":"https:\/\/www.agrimprove.com\/es\/producto\/vifafix-select-pigs\/#breadcrumb","itemListElement":[{"@type":"ListItem","position":1,"name":"Inicio","item":"https:\/\/www.agrimprove.com\/es\/"},{"@type":"ListItem","position":2,"name":"Lo que ofrecemos","item":"https:\/\/www.agrimprove.com\/es\/le-que-ofrecemos\/"},{"@type":"ListItem","position":3,"name":"Vifafix Select+ pigs"}]},{"@type":"WebSite","@id":"https:\/\/www.agrimprove.com\/es\/#website","url":"https:\/\/www.agrimprove.com\/es\/","name":"Agrimprove","description":"We farm ideas","potentialAction":[{"@type":"SearchAction","target":{"@type":"EntryPoint","urlTemplate":"https:\/\/www.agrimprove.com\/es\/?s={search_term_string}"},"query-input":{"@type":"PropertyValueSpecification","valueRequired":true,"valueName":"search_term_string"}}],"inLanguage":"es"}]}},"_links":{"self":[{"href":"https:\/\/www.agrimprove.com\/es\/wp-json\/wp\/v2\/product\/9884","targetHints":{"allow":["GET"]}}],"collection":[{"href":"https:\/\/www.agrimprove.com\/es\/wp-json\/wp\/v2\/product"}],"about":[{"href":"https:\/\/www.agrimprove.com\/es\/wp-json\/wp\/v2\/types\/product"}],"wp:attachment":[{"href":"https:\/\/www.agrimprove.com\/es\/wp-json\/wp\/v2\/media?parent=9884"}],"wp:term":[{"taxonomy":"product_brand","embeddable":true,"href":"https:\/\/www.agrimprove.com\/es\/wp-json\/wp\/v2\/product_brand?post=9884"},{"taxonomy":"product_cat","embeddable":true,"href":"https:\/\/www.agrimprove.com\/es\/wp-json\/wp\/v2\/product_cat?post=9884"},{"taxonomy":"product_tag","embeddable":true,"href":"https:\/\/www.agrimprove.com\/es\/wp-json\/wp\/v2\/product_tag?post=9884"},{"taxonomy":"sector","embeddable":true,"href":"https:\/\/www.agrimprove.com\/es\/wp-json\/wp\/v2\/sector?post=9884"},{"taxonomy":"country","embeddable":true,"href":"https:\/\/www.agrimprove.com\/es\/wp-json\/wp\/v2\/country?post=9884"}],"curies":[{"name":"wp","href":"https:\/\/api.w.org\/{rel}","templated":true}]}}