{"id":17110,"date":"2019-08-30T19:46:06","date_gmt":"2019-08-30T19:46:06","guid":{"rendered":"https:\/\/www.agrimprove.com\/who-we-are\/"},"modified":"2022-02-21T15:35:28","modified_gmt":"2022-02-21T15:35:28","slug":"qui-sommes-nous","status":"publish","type":"page","link":"https:\/\/www.agrimprove.com\/fr\/qui-sommes-nous\/","title":{"rendered":"Qui sommes-nous"},"content":{"rendered":"\n<div class=\"wp-block-group\"><div class=\"wp-block-group__inner-container is-layout-flow wp-block-group-is-layout-flow\">\n<h2><strong>Agrimprove, <br>une marque de Royal Agrifirm Group <\/strong><\/h2>\n<p>Agrimprove est la marque d\u2019ingr\u00e9dients alimentaires fonctionnels du Groupe Royal Agrifirm. Au service des agriculteurs dans le monde entier, nous d\u00e9veloppons des id\u00e9es en mati\u00e8re de sant\u00e9 et de nutrition animale, et nous transformons ces id\u00e9es en strat\u00e9gies d\u2019am\u00e9lioration tangibles bas\u00e9es sur l\u2019optimisation des aliments.<\/p>\n<p>En collaboration \u00e9troite avec des parties prenantes de l\u2019agriculture, de la production d\u2019aliments pour animaux, de la transformation et de la vente au d\u00e9tail, nous exploitons le pouvoir de la science afin d\u2019am\u00e9liorer en continu notre mode de production de prot\u00e9ines alimentaires pour une population mondiale croissante. En transformant l\u2019alimentation animale, passant d\u2019une marchandise en vrac \u00e0 un outil d\u2019am\u00e9lioration, nous pouvons envisager avec confiance un avenir o\u00f9 l\u2019alimentation sera meilleure pour un plus grand nombre de personnes.<\/p>\n<\/div><\/div>\n","protected":false},"excerpt":{"rendered":"<p>Agrimprove, une marque de Royal Agrifirm Group Agrimprove est la marque d\u2019ingr\u00e9dients alimentaires fonctionnels du Groupe Royal Agrifirm. Au service des agriculteurs dans le monde entier, nous d\u00e9veloppons des id\u00e9es en mati\u00e8re de sant\u00e9 et de nutrition animale, et nous transformons ces id\u00e9es en strat\u00e9gies d\u2019am\u00e9lioration tangibles bas\u00e9es sur l\u2019optimisation des aliments. En collaboration \u00e9troite [&hellip;]<\/p>\n","protected":false},"author":1,"featured_media":0,"parent":0,"menu_order":0,"comment_status":"closed","ping_status":"closed","template":"page-whoweare.php","meta":{"_acf_changed":false,"footnotes":""},"country":[],"class_list":["post-17110","page","type-page","status-publish","hentry"],"acf":[],"yoast_head":"<!-- This site is optimized with the Yoast SEO plugin v26.9 - https:\/\/yoast.com\/product\/yoast-seo-wordpress\/ -->\n<title>Qui sommes-nous - Agrimprove<\/title>\n<meta name=\"robots\" content=\"index, follow, max-snippet:-1, max-image-preview:large, max-video-preview:-1\" \/>\n<link rel=\"canonical\" href=\"https:\/\/www.agrimprove.com\/fr\/qui-sommes-nous\/\" \/>\n<meta property=\"og:locale\" content=\"fr_FR\" \/>\n<meta property=\"og:type\" content=\"article\" \/>\n<meta property=\"og:title\" content=\"Qui sommes-nous - Agrimprove\" \/>\n<meta property=\"og:description\" content=\"Agrimprove, une marque de Royal Agrifirm Group Agrimprove est la marque d\u2019ingr\u00e9dients alimentaires fonctionnels du Groupe Royal Agrifirm. Au service des agriculteurs dans le monde entier, nous d\u00e9veloppons des id\u00e9es en mati\u00e8re de sant\u00e9 et de nutrition animale, et nous transformons ces id\u00e9es en strat\u00e9gies d\u2019am\u00e9lioration tangibles bas\u00e9es sur l\u2019optimisation des aliments. En collaboration \u00e9troite [&hellip;]\" \/>\n<meta property=\"og:url\" content=\"https:\/\/www.agrimprove.com\/fr\/qui-sommes-nous\/\" \/>\n<meta property=\"og:site_name\" content=\"Agrimprove\" \/>\n<meta property=\"article:publisher\" content=\"https:\/\/www.facebook.com\/Agrimprove-107026970835037\" \/>\n<meta property=\"article:modified_time\" content=\"2022-02-21T15:35:28+00:00\" \/>\n<meta name=\"twitter:card\" content=\"summary_large_image\" \/>\n<meta name=\"twitter:label1\" content=\"Dur\u00e9e de lecture estim\u00e9e\" \/>\n\t<meta name=\"twitter:data1\" content=\"1 minute\" \/>\n<script type=\"application\/ld+json\" class=\"yoast-schema-graph\">{\"@context\":\"https:\/\/schema.org\",\"@graph\":[{\"@type\":\"WebPage\",\"@id\":\"https:\/\/www.agrimprove.com\/fr\/qui-sommes-nous\/\",\"url\":\"https:\/\/www.agrimprove.com\/fr\/qui-sommes-nous\/\",\"name\":\"Qui sommes-nous - Agrimprove\",\"isPartOf\":{\"@id\":\"https:\/\/www.agrimprove.com\/fr\/#website\"},\"datePublished\":\"2019-08-30T19:46:06+00:00\",\"dateModified\":\"2022-02-21T15:35:28+00:00\",\"breadcrumb\":{\"@id\":\"https:\/\/www.agrimprove.com\/fr\/qui-sommes-nous\/#breadcrumb\"},\"inLanguage\":\"fr-FR\",\"potentialAction\":[{\"@type\":\"ReadAction\",\"target\":[\"https:\/\/www.agrimprove.com\/fr\/qui-sommes-nous\/\"]}]},{\"@type\":\"BreadcrumbList\",\"@id\":\"https:\/\/www.agrimprove.com\/fr\/qui-sommes-nous\/#breadcrumb\",\"itemListElement\":[{\"@type\":\"ListItem\",\"position\":1,\"name\":\"Accueil\",\"item\":\"https:\/\/www.agrimprove.com\/fr\/\"},{\"@type\":\"ListItem\",\"position\":2,\"name\":\"Qui sommes-nous\"}]},{\"@type\":\"WebSite\",\"@id\":\"https:\/\/www.agrimprove.com\/fr\/#website\",\"url\":\"https:\/\/www.agrimprove.com\/fr\/\",\"name\":\"Agrimprove\",\"description\":\"We farm ideas\",\"potentialAction\":[{\"@type\":\"SearchAction\",\"target\":{\"@type\":\"EntryPoint\",\"urlTemplate\":\"https:\/\/www.agrimprove.com\/fr\/?s={search_term_string}\"},\"query-input\":{\"@type\":\"PropertyValueSpecification\",\"valueRequired\":true,\"valueName\":\"search_term_string\"}}],\"inLanguage\":\"fr-FR\"}]}<\/script>\n<!-- \/ Yoast SEO plugin. -->","yoast_head_json":{"title":"Qui sommes-nous - Agrimprove","robots":{"index":"index","follow":"follow","max-snippet":"max-snippet:-1","max-image-preview":"max-image-preview:large","max-video-preview":"max-video-preview:-1"},"canonical":"https:\/\/www.agrimprove.com\/fr\/qui-sommes-nous\/","og_locale":"fr_FR","og_type":"article","og_title":"Qui sommes-nous - Agrimprove","og_description":"Agrimprove, une marque de Royal Agrifirm Group Agrimprove est la marque d\u2019ingr\u00e9dients alimentaires fonctionnels du Groupe Royal Agrifirm. Au service des agriculteurs dans le monde entier, nous d\u00e9veloppons des id\u00e9es en mati\u00e8re de sant\u00e9 et de nutrition animale, et nous transformons ces id\u00e9es en strat\u00e9gies d\u2019am\u00e9lioration tangibles bas\u00e9es sur l\u2019optimisation des aliments. En collaboration \u00e9troite [&hellip;]","og_url":"https:\/\/www.agrimprove.com\/fr\/qui-sommes-nous\/","og_site_name":"Agrimprove","article_publisher":"https:\/\/www.facebook.com\/Agrimprove-107026970835037","article_modified_time":"2022-02-21T15:35:28+00:00","twitter_card":"summary_large_image","twitter_misc":{"Dur\u00e9e de lecture estim\u00e9e":"1 minute"},"schema":{"@context":"https:\/\/schema.org","@graph":[{"@type":"WebPage","@id":"https:\/\/www.agrimprove.com\/fr\/qui-sommes-nous\/","url":"https:\/\/www.agrimprove.com\/fr\/qui-sommes-nous\/","name":"Qui sommes-nous - Agrimprove","isPartOf":{"@id":"https:\/\/www.agrimprove.com\/fr\/#website"},"datePublished":"2019-08-30T19:46:06+00:00","dateModified":"2022-02-21T15:35:28+00:00","breadcrumb":{"@id":"https:\/\/www.agrimprove.com\/fr\/qui-sommes-nous\/#breadcrumb"},"inLanguage":"fr-FR","potentialAction":[{"@type":"ReadAction","target":["https:\/\/www.agrimprove.com\/fr\/qui-sommes-nous\/"]}]},{"@type":"BreadcrumbList","@id":"https:\/\/www.agrimprove.com\/fr\/qui-sommes-nous\/#breadcrumb","itemListElement":[{"@type":"ListItem","position":1,"name":"Accueil","item":"https:\/\/www.agrimprove.com\/fr\/"},{"@type":"ListItem","position":2,"name":"Qui sommes-nous"}]},{"@type":"WebSite","@id":"https:\/\/www.agrimprove.com\/fr\/#website","url":"https:\/\/www.agrimprove.com\/fr\/","name":"Agrimprove","description":"We farm ideas","potentialAction":[{"@type":"SearchAction","target":{"@type":"EntryPoint","urlTemplate":"https:\/\/www.agrimprove.com\/fr\/?s={search_term_string}"},"query-input":{"@type":"PropertyValueSpecification","valueRequired":true,"valueName":"search_term_string"}}],"inLanguage":"fr-FR"}]}},"_links":{"self":[{"href":"https:\/\/www.agrimprove.com\/fr\/wp-json\/wp\/v2\/pages\/17110","targetHints":{"allow":["GET"]}}],"collection":[{"href":"https:\/\/www.agrimprove.com\/fr\/wp-json\/wp\/v2\/pages"}],"about":[{"href":"https:\/\/www.agrimprove.com\/fr\/wp-json\/wp\/v2\/types\/page"}],"author":[{"embeddable":true,"href":"https:\/\/www.agrimprove.com\/fr\/wp-json\/wp\/v2\/users\/1"}],"replies":[{"embeddable":true,"href":"https:\/\/www.agrimprove.com\/fr\/wp-json\/wp\/v2\/comments?post=17110"}],"version-history":[{"count":9,"href":"https:\/\/www.agrimprove.com\/fr\/wp-json\/wp\/v2\/pages\/17110\/revisions"}],"predecessor-version":[{"id":18310,"href":"https:\/\/www.agrimprove.com\/fr\/wp-json\/wp\/v2\/pages\/17110\/revisions\/18310"}],"wp:attachment":[{"href":"https:\/\/www.agrimprove.com\/fr\/wp-json\/wp\/v2\/media?parent=17110"}],"wp:term":[{"taxonomy":"country","embeddable":true,"href":"https:\/\/www.agrimprove.com\/fr\/wp-json\/wp\/v2\/country?post=17110"}],"curies":[{"name":"wp","href":"https:\/\/api.w.org\/{rel}","templated":true}]}}