{"id":14759,"date":"2021-07-14T08:48:50","date_gmt":"2021-07-14T08:48:50","guid":{"rendered":"https:\/\/www.agrimprove.com\/?post_type=product&#038;p=14759"},"modified":"2022-02-21T17:08:11","modified_gmt":"2022-02-21T17:08:11","slug":"ambitine-eu","status":"publish","type":"product","link":"https:\/\/www.agrimprove.com\/fr\/produit\/ambitine-eu\/","title":{"rendered":"AMBITINE\u00ae EU"},"content":{"rendered":"<section class=\"section section--gutenberg section--gutenberg-nomargin wp-block-columns\"><div class=\"container\">\n<div class=\"wp-block-columns product-main-columns is-layout-flex wp-container-core-columns-is-layout-9d6595d7 wp-block-columns-is-layout-flex\">\n<div class=\"wp-block-column is-layout-flow wp-block-column-is-layout-flow\" style=\"flex-basis:66.66%\">\n<h2 class=\"wp-block-heading\" id=\"late-finishing-stress-is-underrated\">Performance en fin de phase d\u2019engraissement<\/h2>\n\n\n\n<p>Vous \u00eates-vous d\u00e9j\u00e0 demand\u00e9 pourquoi les porcs en fin de phase d\u2019engraissement sont beaucoup moins performants que les animaux plus jeunes ? Il va sans dire que leur taille plus importante n\u00e9cessite beaucoup plus de nutriments et d\u2019\u00e9nergie pour leur entretien.<\/p>\n\n\n\n<p>En outre, les porcs en fin de phase d\u2019engraissement sont confront\u00e9s \u00e0 des facteurs de stress internes et externes suppl\u00e9mentaires. Pensez \u00e0 la concurrence accrue au niveau des mangeoires, \u00e0 la diminution de la surface par animal, \u00e0 l\u2019augmentation de la temp\u00e9rature ambiante due \u00e0 la production de chaleur plus \u00e9lev\u00e9e des animaux, aux changements hormonaux des animaux en p\u00e9riode de pubert\u00e9\u2026 Cette augmentation du stress activera le m\u00e9tabolisme des porcs et entra\u00eenera une utilisation encore plus \u00e9lev\u00e9e de nutriments, laissant ainsi moins de nutriments pour la croissance musculaire.<\/p>\n\n\n\n<h2 class=\"wp-block-heading\" id=\"coping-with-stress-the-key-to-success\">G\u00e9rer le stress = la cl\u00e9 du succ\u00e8s<\/h2>\n\n\n\n<p>Il sera tr\u00e8s difficile de supprimer la plupart de ces facteurs de stress en fin de phase d\u2019engraissement dans les conditions pratiques de l\u2019\u00e9levage. Ainsi, modifier la fa\u00e7on dont les animaux font face \u00e0 ces facteurs de stress pourrait \u00eatre une strat\u00e9gie \u00e0 envisager. Chez les animaux, le stress entra\u00eene automatiquement certaines r\u00e9actions physiologiques comme le stress oxydatif et l\u2019inflammation. Dans des conditions normales, les animaux ont d\u00e9velopp\u00e9 plusieurs m\u00e9canismes pour faire face \u00e0 ces facteurs de stress. <\/p>\n\n\n\n<p>Ils produisent des enzymes antioxydantes qui peuvent transformer les m\u00e9tabolites du stress en produits inoffensifs tels que l\u2019eau et l\u2019oxyg\u00e8ne. En outre, un microbiome sain et diversifi\u00e9 rendra les animaux plus r\u00e9sistants au stress et r\u00e9duira ses effets n\u00e9gatifs. Pendant cette p\u00e9riode de stress \u00e9lev\u00e9, Ambitine\u00ae EU aide les animaux \u00e0 faire face \u00e0 la situation, permettant une utilisation plus efficace des nutriments.<\/p>\n<\/div>\n\n\n\n<div class=\"wp-block-column is-layout-flow wp-block-column-is-layout-flow\" style=\"flex-basis:33.33%\"><div class=\"block block--benefits\">\n    <h3 class=\"block-title\">Caract\u00e9ristiques suppl\u00e9mentaires<\/h3>\n    <ul class=\"benefits\">\n                    <li>Faire face au stress en fin de p\u00e9riode d\u2019engraissement\r<\/li>\n                    <li>R\u00e9duction du co\u00fbt de l\u2019alimentation en r\u00e9duisant l\u2019IC de 2,6 %\r<\/li>\n                    <li>Croissance plus rapide avec 4,2 % de GMQ suppl\u00e9mentaire <\/li>\n            <\/ul>\n<\/div>\n\n<div class=\"block block--productpartner\">\n    <h3 class=\"block-title\">En partenariat avec<\/h3>\n    <ul class=\"partners\">\n                    <li>\n                                    <span>\n                \n                <img src='https:\/\/www.agrimprove.com\/wp-content\/uploads\/2021\/07\/MicrosoftTeams-image-34-200x86.png' alt=''>\n\n                <\/span>            <\/li>\n            <\/ul>\n<\/div><\/div>\n<\/div>\n<\/div><\/section>\n\n\n<section id=\"agri-contact-tile-block_60d1ca36c17db\" class=\"section section--gutenberg agri-contact-tile\">\n    <div class=\"container\">\n        <div class=\"columns\">\n            \n                            <div class=\"column is-full is-10-tablet is-offset-1-tablet\">\n                                                <h2>Votre expert agrimprove<\/h2>\n                    <p>Vous avez une question ou souhaitez un conseil personnalis\u00e9 ? Votre expert Agrimprove est pr\u00eat \u00e0 vous aider. Contactez-le directement ou demandez \u00e0 \u00eatre contact\u00e9 \u00e0 votre convenance.<\/p>\n                                <\/div>\n        <\/div>\n        <div class=\"columns\">\n                            <div class=\"column is-full\">\n                                            <div class=\"contact-tile-wrapper\">\n                    <div class=\"contact-tile  contact-tile--empty\">\n                                                <div class=\"content-01\">\n                            <div class=\"name\">Marc  Intven<\/div>\n                            <div class=\"function\">Sales Manager<\/div>\n                        <\/div>\n                        <div class=\"content-02\">\n                                                        <div class=\"email\">\n                                <svg class='icon-before' xmlns=\"http:\/\/www.w3.org\/2000\/svg\" width=\"18.5\" height=\"13.643\" viewBox=\"0 0 18.5 13.643\">\n                                    <g data-name=\"streamline-icon-email-action-unread@24x24\" transform=\"translate(-0.75 -4)\">\n                                        <path d=\"M2.714,4.75H17.286A1.215,1.215,0,0,1,18.5,5.964v9.714a1.215,1.215,0,0,1-1.214,1.214H2.714A1.215,1.215,0,0,1,1.5,15.679V5.964A1.215,1.215,0,0,1,2.714,4.75Z\" fill=\"none\" stroke=\"#db8e17\" stroke-linecap=\"round\" stroke-linejoin=\"round\" stroke-width=\"1.5\"\/>\n                                        <path d=\"M18.161,5.3,11.62,11.564a2.255,2.255,0,0,1-3.24,0L1.839,5.3\" transform=\"translate(0)\" fill=\"none\" stroke=\"#db8e17\" stroke-linecap=\"round\" stroke-linejoin=\"round\" stroke-width=\"1.5\"\/>\n                                    <\/g>\n                                <\/svg>\n                                <a href=\"mailto:m.intven@nuscience.eu\">m.intven@nuscience.eu<\/a>\n                                <svg class='icon-after' width=\"12px\" height=\"11px\" viewBox=\"0 0 12 11\" version=\"1.1\" xmlns=\"http:\/\/www.w3.org\/2000\/svg\" xmlns:xlink=\"http:\/\/www.w3.org\/1999\/xlink\">\n                                    <g stroke=\"none\" stroke-width=\"1\" fill=\"none\" fill-rule=\"evenodd\">\n                                        <g transform=\"translate(-285.000000, -4382.000000)\" stroke=\"#CC8A00\" stroke-width=\"2\">\n                                            <g transform=\"translate(16.000000, 4233.000000)\">\n                                                <g transform=\"translate(16.600505, 144.000000)\">\n                                                    <g transform=\"translate(252.399495, 6.000000)\">\n                                                        <polyline transform=\"translate(5.384615, 4.615385) rotate(135.000000) translate(-5.384615, -4.615385) \" points=\"2.30769231 7.69230769 2.30769231 1.53846154 8.46153846 1.53846154\"><\/polyline>\n                                                        <line x1=\"0\" y1=\"4.61538462\" x2=\"9.23076923\" y2=\"4.61538462\"><\/line>\n                                                    <\/g>\n                                                <\/g>\n                                            <\/g>\n                                        <\/g>\n                                    <\/g>\n                                <\/svg>\n                            <\/div>\n                                                        \n                                                    <\/div>\n                    <\/div>\n                <\/div>\n                            <\/div>\n        <\/div>\n    <\/div>\n<\/section>\n\n\n<section class=\"section section--related-products\">\n    <div class=\"container related-products-item-list list-content\">\n        <div class=\"columns\">\n            <div class=\"column is-full is-10-tablet is-offset-1-tablet\">\n                <h2 class=\"related-products-title section-title\">Solutions \u00e0 consid\u00e9rer<\/h2>\n                <div class=\"related-products-body section-body\"><p>Pr\u00eat pour une am\u00e9lioration ? Essayez l&rsquo;une des solutions que nous vous sugg\u00e9rons et dont la valeur ajout\u00e9e est av\u00e9r\u00e9e.<\/p>\n<\/div>\n            <\/div>\n        <\/div>\n        <div class=\"columns product-list\">    \n                            <div class=\"column is-6-tablet is-4-desktop\">\n                    <div class=\"product\">\n        <a href=\"https:\/\/www.agrimprove.com\/fr\/produit\/aromabiotic\/\" target=\"_self\">\n        <div class=\"product--image-wrapper\">\n            <picture>\n                <source media=\"(max-width: 415px)\" data-srcset=\"https:\/\/www.agrimprove.com\/wp-content\/uploads\/2019\/09\/shutterstock_519329620_sized-350x215.jpg\"\/>\n                <source media=\"(max-width: 1023)\" data-srcset=\"https:\/\/www.agrimprove.com\/wp-content\/uploads\/2019\/09\/shutterstock_519329620_sized-460x282.jpg\"\/>\n                <source media=\"(min-width: 1024px)\" data-srcset=\"https:\/\/www.agrimprove.com\/wp-content\/uploads\/2019\/09\/shutterstock_519329620_sized-350x215.jpg\"\/>\n                <img class=\"lazyload blur-up \" \n                    data-src=\"https:\/\/www.agrimprove.com\/wp-content\/uploads\/2019\/09\/shutterstock_519329620_sized-350x215.jpg\"\n                    alt=\"\"\/>\n            <\/picture>\n                        <div class=\"gradient\"><\/div>\n        <\/div>\n    <\/a>\n    \n    <div class=\"product--content-wrapper\">\n        <a href=\"https:\/\/www.agrimprove.com\/fr\/produit\/aromabiotic\/\" target=\"_self\">\n        <div class=\"product--title\">\n            <h2>AROMABIOTIC<sup>\u00ae<\/sup><\/h2>\n        <\/div>\n        <\/a>\n\n        <div class=\"product--description\">\n            MCFA, the original pour les porcs\n        <\/div>\n        \n        <a href=\"https:\/\/www.agrimprove.com\/fr\/produit\/aromabiotic\/\" target=\"_self\">\n        <div class=\"product--link\">\n            d\u00e9tails\n            <div class=\"arrow\">\n                <svg viewBox=\"0 0 12 11\" version=\"1.1\" xmlns=\"http:\/\/www.w3.org\/2000\/svg\" xmlns:xlink=\"http:\/\/www.w3.org\/1999\/xlink\">\n                    <g stroke=\"none\" stroke-width=\"1\" fill=\"none\" fill-rule=\"evenodd\">\n                        <g transform=\"translate(-333.000000, -364.000000)\" stroke=\"currentColor\" stroke-width=\"2\">\n                            <g transform=\"translate(16.000000, 346.000000)\">\n                                <g transform=\"translate(317.000000, 19.000000)\">\n                                    <polyline transform=\"translate(5.384615, 4.615385) rotate(135.000000) translate(-5.384615, -4.615385) \" points=\"2.30769231 7.69230769 2.30769231 1.53846154 8.46153846 1.53846154\"><\/polyline>\n                                    <line x1=\"0\" y1=\"4.61538462\" x2=\"9.23076923\" y2=\"4.61538462\"><\/line>\n                                <\/g>\n                            <\/g>\n                        <\/g>\n                    <\/g>\n                <\/svg>\n            <\/div>\n        <\/div>\n        <\/a>\n    <\/div>\n<\/div>\n                <\/div>\n                            <div class=\"column is-6-tablet is-4-desktop\">\n                    <div class=\"product\">\n        <a href=\"https:\/\/www.agrimprove.com\/fr\/produit\/c-vita\/\" target=\"_self\">\n        <div class=\"product--image-wrapper\">\n            <picture>\n                <source media=\"(max-width: 415px)\" data-srcset=\"https:\/\/www.agrimprove.com\/wp-content\/uploads\/2019\/09\/shutterstock_277909613-e1568919775464-350x215.jpg\"\/>\n                <source media=\"(max-width: 1023)\" data-srcset=\"https:\/\/www.agrimprove.com\/wp-content\/uploads\/2019\/09\/shutterstock_277909613-e1568919775464-460x282.jpg\"\/>\n                <source media=\"(min-width: 1024px)\" data-srcset=\"https:\/\/www.agrimprove.com\/wp-content\/uploads\/2019\/09\/shutterstock_277909613-e1568919775464-350x215.jpg\"\/>\n                <img class=\"lazyload blur-up \" \n                    data-src=\"https:\/\/www.agrimprove.com\/wp-content\/uploads\/2019\/09\/shutterstock_277909613-e1568919775464-350x215.jpg\"\n                    alt=\"\"\/>\n            <\/picture>\n                        <div class=\"gradient\"><\/div>\n        <\/div>\n    <\/a>\n    \n    <div class=\"product--content-wrapper\">\n        <a href=\"https:\/\/www.agrimprove.com\/fr\/produit\/c-vita\/\" target=\"_self\">\n        <div class=\"product--title\">\n            <h2>C-VITA<\/h2>\n        <\/div>\n        <\/a>\n\n        <div class=\"product--description\">\n            Soutient l\u2019immunit\u00e9 et la microflore pour les truies et les porcelets\n        <\/div>\n        \n        <a href=\"https:\/\/www.agrimprove.com\/fr\/produit\/c-vita\/\" target=\"_self\">\n        <div class=\"product--link\">\n            d\u00e9tails\n            <div class=\"arrow\">\n                <svg viewBox=\"0 0 12 11\" version=\"1.1\" xmlns=\"http:\/\/www.w3.org\/2000\/svg\" xmlns:xlink=\"http:\/\/www.w3.org\/1999\/xlink\">\n                    <g stroke=\"none\" stroke-width=\"1\" fill=\"none\" fill-rule=\"evenodd\">\n                        <g transform=\"translate(-333.000000, -364.000000)\" stroke=\"currentColor\" stroke-width=\"2\">\n                            <g transform=\"translate(16.000000, 346.000000)\">\n                                <g transform=\"translate(317.000000, 19.000000)\">\n                                    <polyline transform=\"translate(5.384615, 4.615385) rotate(135.000000) translate(-5.384615, -4.615385) \" points=\"2.30769231 7.69230769 2.30769231 1.53846154 8.46153846 1.53846154\"><\/polyline>\n                                    <line x1=\"0\" y1=\"4.61538462\" x2=\"9.23076923\" y2=\"4.61538462\"><\/line>\n                                <\/g>\n                            <\/g>\n                        <\/g>\n                    <\/g>\n                <\/svg>\n            <\/div>\n        <\/div>\n        <\/a>\n    <\/div>\n<\/div>\n                <\/div>\n                            <div class=\"column is-6-tablet is-4-desktop\">\n                    <div class=\"product\">\n        <a href=\"https:\/\/www.agrimprove.com\/fr\/produit\/vita-gp\/\" target=\"_self\">\n        <div class=\"product--image-wrapper\">\n            <picture>\n                <source media=\"(max-width: 415px)\" data-srcset=\"https:\/\/www.agrimprove.com\/wp-content\/uploads\/2019\/09\/Pigs-fattening-pigs-e1568911380227-350x215.jpg\"\/>\n                <source media=\"(max-width: 1023)\" data-srcset=\"https:\/\/www.agrimprove.com\/wp-content\/uploads\/2019\/09\/Pigs-fattening-pigs-e1568911380227-460x282.jpg\"\/>\n                <source media=\"(min-width: 1024px)\" data-srcset=\"https:\/\/www.agrimprove.com\/wp-content\/uploads\/2019\/09\/Pigs-fattening-pigs-e1568911380227-350x215.jpg\"\/>\n                <img class=\"lazyload blur-up \" \n                    data-src=\"https:\/\/www.agrimprove.com\/wp-content\/uploads\/2019\/09\/Pigs-fattening-pigs-e1568911380227-350x215.jpg\"\n                    alt=\"\"\/>\n            <\/picture>\n                        <div class=\"gradient\"><\/div>\n        <\/div>\n    <\/a>\n    \n    <div class=\"product--content-wrapper\">\n        <a href=\"https:\/\/www.agrimprove.com\/fr\/produit\/vita-gp\/\" target=\"_self\">\n        <div class=\"product--title\">\n            <h2>VITA GP<\/h2>\n        <\/div>\n        <\/a>\n\n        <div class=\"product--description\">\n            Combler l\u2019\u00e9cart de durabilit\u00e9 pour les porcs d&rsquo;engraissement\n        <\/div>\n        \n        <a href=\"https:\/\/www.agrimprove.com\/fr\/produit\/vita-gp\/\" target=\"_self\">\n        <div class=\"product--link\">\n            d\u00e9tails\n            <div class=\"arrow\">\n                <svg viewBox=\"0 0 12 11\" version=\"1.1\" xmlns=\"http:\/\/www.w3.org\/2000\/svg\" xmlns:xlink=\"http:\/\/www.w3.org\/1999\/xlink\">\n                    <g stroke=\"none\" stroke-width=\"1\" fill=\"none\" fill-rule=\"evenodd\">\n                        <g transform=\"translate(-333.000000, -364.000000)\" stroke=\"currentColor\" stroke-width=\"2\">\n                            <g transform=\"translate(16.000000, 346.000000)\">\n                                <g transform=\"translate(317.000000, 19.000000)\">\n                                    <polyline transform=\"translate(5.384615, 4.615385) rotate(135.000000) translate(-5.384615, -4.615385) \" points=\"2.30769231 7.69230769 2.30769231 1.53846154 8.46153846 1.53846154\"><\/polyline>\n                                    <line x1=\"0\" y1=\"4.61538462\" x2=\"9.23076923\" y2=\"4.61538462\"><\/line>\n                                <\/g>\n                            <\/g>\n                        <\/g>\n                    <\/g>\n                <\/svg>\n            <\/div>\n        <\/div>\n        <\/a>\n    <\/div>\n<\/div>\n                <\/div>\n                    <\/div>\n    <\/div>\n<\/section>\n\n\n\n\n<section id=\"agri-gallery-block_60d1e5dbc17dc\" class=\"section section--gutenberg agri-gallery\">\n    <div class=\"container\">\n        <div class=\"columns\">\n            <div class=\"column\">\n            <div class='gallery-slider-wrapper'><div class='gallery-slider block-gallery-slider'><div class=\"gallery-slide\"><a href=\"https:\/\/www.agrimprove.com\/wp-content\/uploads\/2021\/04\/shutterstock_690950032-1440x960.jpg\" data-caption=\"\"><img decoding=\"async\" src=\"https:\/\/www.agrimprove.com\/wp-content\/uploads\/2021\/04\/shutterstock_690950032-375x375.jpg\" alt=\"\"><\/a><\/div><div class=\"gallery-slide\"><a href=\"https:\/\/www.agrimprove.com\/wp-content\/uploads\/2019\/09\/Pigs-meat-samples-tests-pin-Ghent-university-laboratory-2-1440x960.jpg\" data-caption=\"\"><img decoding=\"async\" src=\"https:\/\/www.agrimprove.com\/wp-content\/uploads\/2019\/09\/Pigs-meat-samples-tests-pin-Ghent-university-laboratory-2-375x375.jpg\" alt=\"\"><\/a><\/div><div class=\"gallery-slide\"><a href=\"https:\/\/www.agrimprove.com\/wp-content\/uploads\/2021\/04\/shutterstock_1231609630-1440x964.jpg\" data-caption=\"\"><img decoding=\"async\" src=\"https:\/\/www.agrimprove.com\/wp-content\/uploads\/2021\/04\/shutterstock_1231609630-375x375.jpg\" alt=\"\"><\/a><\/div><\/div><\/div>            <\/div>\n        <\/div>\n    <\/div>\n<\/section> ","protected":false},"excerpt":{"rendered":"<p>Performance en fin de phase d\u2019engraissement<\/p>\n","protected":false},"featured_media":13053,"template":"","meta":{"_acf_changed":false},"product_brand":[],"product_cat":[3680,3681,3700],"product_tag":[],"sector":[3976],"country":[],"class_list":{"0":"post-14759","1":"product","2":"type-product","3":"status-publish","4":"has-post-thumbnail","6":"product_cat-performance-fr","7":"product_cat-stress-immunite-fr","8":"product_cat-securite-aliments-fr","9":"sector-porcs-fr","11":"first","12":"instock","13":"shipping-taxable","14":"product-type-simple"},"acf":[],"yoast_head":"<!-- This site is optimized with the Yoast SEO plugin v26.9 - https:\/\/yoast.com\/product\/yoast-seo-wordpress\/ -->\n<title>AMBITINE\u00ae EU<\/title>\n<meta name=\"robots\" content=\"index, follow, max-snippet:-1, max-image-preview:large, max-video-preview:-1\" \/>\n<link rel=\"canonical\" href=\"https:\/\/www.agrimprove.com\/fr\/produit\/ambitine-eu\/\" \/>\n<meta property=\"og:locale\" content=\"fr_FR\" \/>\n<meta property=\"og:type\" content=\"article\" \/>\n<meta property=\"og:title\" content=\"AMBITINE\u00ae EU\" \/>\n<meta property=\"og:description\" content=\"Performance en fin de phase d\u2019engraissement\" \/>\n<meta property=\"og:url\" content=\"https:\/\/www.agrimprove.com\/fr\/produit\/ambitine-eu\/\" \/>\n<meta property=\"og:site_name\" content=\"Agrimprove\" \/>\n<meta property=\"article:publisher\" content=\"https:\/\/www.facebook.com\/Agrimprove-107026970835037\" \/>\n<meta property=\"article:modified_time\" content=\"2022-02-21T17:08:11+00:00\" \/>\n<meta property=\"og:image\" content=\"https:\/\/www.agrimprove.com\/wp-content\/uploads\/2021\/04\/shutterstock_690950032-scaled.jpg\" \/>\n\t<meta property=\"og:image:width\" content=\"2560\" \/>\n\t<meta property=\"og:image:height\" content=\"1707\" \/>\n\t<meta property=\"og:image:type\" content=\"image\/jpeg\" \/>\n<meta name=\"twitter:card\" content=\"summary_large_image\" \/>\n<meta name=\"twitter:label1\" content=\"Dur\u00e9e de lecture estim\u00e9e\" \/>\n\t<meta name=\"twitter:data1\" content=\"2 minutes\" \/>\n<script type=\"application\/ld+json\" class=\"yoast-schema-graph\">{\"@context\":\"https:\/\/schema.org\",\"@graph\":[{\"@type\":\"WebPage\",\"@id\":\"https:\/\/www.agrimprove.com\/fr\/produit\/ambitine-eu\/\",\"url\":\"https:\/\/www.agrimprove.com\/fr\/produit\/ambitine-eu\/\",\"name\":\"AMBITINE\u00ae EU\",\"isPartOf\":{\"@id\":\"https:\/\/www.agrimprove.com\/fr\/#website\"},\"primaryImageOfPage\":{\"@id\":\"https:\/\/www.agrimprove.com\/fr\/produit\/ambitine-eu\/#primaryimage\"},\"image\":{\"@id\":\"https:\/\/www.agrimprove.com\/fr\/produit\/ambitine-eu\/#primaryimage\"},\"thumbnailUrl\":\"https:\/\/www.agrimprove.com\/wp-content\/uploads\/2021\/04\/shutterstock_690950032-scaled.jpg\",\"datePublished\":\"2021-07-14T08:48:50+00:00\",\"dateModified\":\"2022-02-21T17:08:11+00:00\",\"breadcrumb\":{\"@id\":\"https:\/\/www.agrimprove.com\/fr\/produit\/ambitine-eu\/#breadcrumb\"},\"inLanguage\":\"fr-FR\",\"potentialAction\":[{\"@type\":\"ReadAction\",\"target\":[\"https:\/\/www.agrimprove.com\/fr\/produit\/ambitine-eu\/\"]}]},{\"@type\":\"ImageObject\",\"inLanguage\":\"fr-FR\",\"@id\":\"https:\/\/www.agrimprove.com\/fr\/produit\/ambitine-eu\/#primaryimage\",\"url\":\"https:\/\/www.agrimprove.com\/wp-content\/uploads\/2021\/04\/shutterstock_690950032-scaled.jpg\",\"contentUrl\":\"https:\/\/www.agrimprove.com\/wp-content\/uploads\/2021\/04\/shutterstock_690950032-scaled.jpg\",\"width\":2560,\"height\":1707},{\"@type\":\"BreadcrumbList\",\"@id\":\"https:\/\/www.agrimprove.com\/fr\/produit\/ambitine-eu\/#breadcrumb\",\"itemListElement\":[{\"@type\":\"ListItem\",\"position\":1,\"name\":\"Accueil\",\"item\":\"https:\/\/www.agrimprove.com\/fr\/\"},{\"@type\":\"ListItem\",\"position\":2,\"name\":\"Notre offre\",\"item\":\"https:\/\/www.agrimprove.com\/fr\/notre-offre\/\"},{\"@type\":\"ListItem\",\"position\":3,\"name\":\"AMBITINE\u00ae EU\"}]},{\"@type\":\"WebSite\",\"@id\":\"https:\/\/www.agrimprove.com\/fr\/#website\",\"url\":\"https:\/\/www.agrimprove.com\/fr\/\",\"name\":\"Agrimprove\",\"description\":\"We farm ideas\",\"potentialAction\":[{\"@type\":\"SearchAction\",\"target\":{\"@type\":\"EntryPoint\",\"urlTemplate\":\"https:\/\/www.agrimprove.com\/fr\/?s={search_term_string}\"},\"query-input\":{\"@type\":\"PropertyValueSpecification\",\"valueRequired\":true,\"valueName\":\"search_term_string\"}}],\"inLanguage\":\"fr-FR\"}]}<\/script>\n<!-- \/ Yoast SEO plugin. -->","yoast_head_json":{"title":"AMBITINE\u00ae EU","robots":{"index":"index","follow":"follow","max-snippet":"max-snippet:-1","max-image-preview":"max-image-preview:large","max-video-preview":"max-video-preview:-1"},"canonical":"https:\/\/www.agrimprove.com\/fr\/produit\/ambitine-eu\/","og_locale":"fr_FR","og_type":"article","og_title":"AMBITINE\u00ae EU","og_description":"Performance en fin de phase d\u2019engraissement","og_url":"https:\/\/www.agrimprove.com\/fr\/produit\/ambitine-eu\/","og_site_name":"Agrimprove","article_publisher":"https:\/\/www.facebook.com\/Agrimprove-107026970835037","article_modified_time":"2022-02-21T17:08:11+00:00","og_image":[{"width":2560,"height":1707,"url":"https:\/\/www.agrimprove.com\/wp-content\/uploads\/2021\/04\/shutterstock_690950032-scaled.jpg","type":"image\/jpeg"}],"twitter_card":"summary_large_image","twitter_misc":{"Dur\u00e9e de lecture estim\u00e9e":"2 minutes"},"schema":{"@context":"https:\/\/schema.org","@graph":[{"@type":"WebPage","@id":"https:\/\/www.agrimprove.com\/fr\/produit\/ambitine-eu\/","url":"https:\/\/www.agrimprove.com\/fr\/produit\/ambitine-eu\/","name":"AMBITINE\u00ae EU","isPartOf":{"@id":"https:\/\/www.agrimprove.com\/fr\/#website"},"primaryImageOfPage":{"@id":"https:\/\/www.agrimprove.com\/fr\/produit\/ambitine-eu\/#primaryimage"},"image":{"@id":"https:\/\/www.agrimprove.com\/fr\/produit\/ambitine-eu\/#primaryimage"},"thumbnailUrl":"https:\/\/www.agrimprove.com\/wp-content\/uploads\/2021\/04\/shutterstock_690950032-scaled.jpg","datePublished":"2021-07-14T08:48:50+00:00","dateModified":"2022-02-21T17:08:11+00:00","breadcrumb":{"@id":"https:\/\/www.agrimprove.com\/fr\/produit\/ambitine-eu\/#breadcrumb"},"inLanguage":"fr-FR","potentialAction":[{"@type":"ReadAction","target":["https:\/\/www.agrimprove.com\/fr\/produit\/ambitine-eu\/"]}]},{"@type":"ImageObject","inLanguage":"fr-FR","@id":"https:\/\/www.agrimprove.com\/fr\/produit\/ambitine-eu\/#primaryimage","url":"https:\/\/www.agrimprove.com\/wp-content\/uploads\/2021\/04\/shutterstock_690950032-scaled.jpg","contentUrl":"https:\/\/www.agrimprove.com\/wp-content\/uploads\/2021\/04\/shutterstock_690950032-scaled.jpg","width":2560,"height":1707},{"@type":"BreadcrumbList","@id":"https:\/\/www.agrimprove.com\/fr\/produit\/ambitine-eu\/#breadcrumb","itemListElement":[{"@type":"ListItem","position":1,"name":"Accueil","item":"https:\/\/www.agrimprove.com\/fr\/"},{"@type":"ListItem","position":2,"name":"Notre offre","item":"https:\/\/www.agrimprove.com\/fr\/notre-offre\/"},{"@type":"ListItem","position":3,"name":"AMBITINE\u00ae EU"}]},{"@type":"WebSite","@id":"https:\/\/www.agrimprove.com\/fr\/#website","url":"https:\/\/www.agrimprove.com\/fr\/","name":"Agrimprove","description":"We farm ideas","potentialAction":[{"@type":"SearchAction","target":{"@type":"EntryPoint","urlTemplate":"https:\/\/www.agrimprove.com\/fr\/?s={search_term_string}"},"query-input":{"@type":"PropertyValueSpecification","valueRequired":true,"valueName":"search_term_string"}}],"inLanguage":"fr-FR"}]}},"_links":{"self":[{"href":"https:\/\/www.agrimprove.com\/fr\/wp-json\/wp\/v2\/product\/14759","targetHints":{"allow":["GET"]}}],"collection":[{"href":"https:\/\/www.agrimprove.com\/fr\/wp-json\/wp\/v2\/product"}],"about":[{"href":"https:\/\/www.agrimprove.com\/fr\/wp-json\/wp\/v2\/types\/product"}],"wp:featuredmedia":[{"embeddable":true,"href":"https:\/\/www.agrimprove.com\/fr\/wp-json\/wp\/v2\/media\/13053"}],"wp:attachment":[{"href":"https:\/\/www.agrimprove.com\/fr\/wp-json\/wp\/v2\/media?parent=14759"}],"wp:term":[{"taxonomy":"product_brand","embeddable":true,"href":"https:\/\/www.agrimprove.com\/fr\/wp-json\/wp\/v2\/product_brand?post=14759"},{"taxonomy":"product_cat","embeddable":true,"href":"https:\/\/www.agrimprove.com\/fr\/wp-json\/wp\/v2\/product_cat?post=14759"},{"taxonomy":"product_tag","embeddable":true,"href":"https:\/\/www.agrimprove.com\/fr\/wp-json\/wp\/v2\/product_tag?post=14759"},{"taxonomy":"sector","embeddable":true,"href":"https:\/\/www.agrimprove.com\/fr\/wp-json\/wp\/v2\/sector?post=14759"},{"taxonomy":"country","embeddable":true,"href":"https:\/\/www.agrimprove.com\/fr\/wp-json\/wp\/v2\/country?post=14759"}],"curies":[{"name":"wp","href":"https:\/\/api.w.org\/{rel}","templated":true}]}}