{"id":29656,"date":"2019-08-30T19:46:06","date_gmt":"2019-08-30T19:46:06","guid":{"rendered":"https:\/\/www.agrimprove.com\/who-we-are\/"},"modified":"2023-11-22T13:24:56","modified_gmt":"2023-11-22T13:24:56","slug":"who-we-are","status":"publish","type":"page","link":"https:\/\/www.agrimprove.com\/hu\/who-we-are\/","title":{"rendered":"Who we are"},"content":{"rendered":"\n<div class=\"wp-block-group\"><div class=\"wp-block-group__inner-container is-layout-flow wp-block-group-is-layout-flow\">\n<h2 style=\"text-align: left;\"><strong>Agrimprove, <br \/>a Royal Agrifirm Group <span class=\"NormalTextRun SpellingErrorV2Themed SCXW95818019 BCX9\">term\u00e9kcsoportja<\/span><span class=\"NormalTextRun SCXW95818019 BCX9\">\u00a0<\/span><\/strong><\/h2>\n<p><span class=\"TextRun SCXW189725198 BCX9\" lang=\"EN-US\" xml:lang=\"EN-US\" data-contrast=\"none\"><span class=\"NormalTextRun SCXW189725198 BCX9\">Az <\/span><span class=\"NormalTextRun SCXW189725198 BCX9\">Agrimprove<\/span> <span class=\"NormalTextRun SCXW189725198 BCX9\">brand <\/span><span class=\"NormalTextRun SCXW189725198 BCX9\">a Roya<\/span><span class=\"NormalTextRun SCXW189725198 BCX9\">l <\/span><span class=\"NormalTextRun SCXW189725198 BCX9\">Agrifirm<\/span><span class=\"NormalTextRun SCXW189725198 BCX9\"> Group <\/span><span class=\"NormalTextRun SpellingErrorV2Themed SCXW189725198 BCX9\">funkcion\u00e1lis<\/span> <span class=\"NormalTextRun SpellingErrorV2Themed SCXW189725198 BCX9\">takarm\u00e1nykieg\u00e9sz\u00edt\u0151<\/span> <span class=\"NormalTextRun SpellingErrorV2Themed SCXW189725198 BCX9\">term\u00e9kei<\/span><span class=\"NormalTextRun SpellingErrorV2Themed SCXW189725198 BCX9\">nek<\/span> <span class=\"NormalTextRun SpellingErrorV2Themed SCXW189725198 BCX9\">m\u00e1rkaneve<\/span><span class=\"NormalTextRun SCXW189725198 BCX9\">. <\/span><span class=\"NormalTextRun SCXW189725198 BCX9\">A<\/span> <span class=\"NormalTextRun SpellingErrorV2Themed SCXW189725198 BCX9\">v<\/span><span class=\"NormalTextRun SpellingErrorV2Themed SCXW189725198 BCX9\">il\u00e1g<\/span> <span class=\"NormalTextRun SpellingErrorV2Themed SCXW189725198 BCX9\">minden<\/span> <span class=\"NormalTextRun SpellingErrorV2Themed SCXW189725198 BCX9\">orsz\u00e1g\u00e1ban<\/span> <span class=\"NormalTextRun SpellingErrorV2Themed SCXW189725198 BCX9\">olyan<\/span> <span class=\"NormalTextRun SpellingErrorV2Themed SCXW189725198 BCX9\">\u00f6tletek<\/span><span class=\"NormalTextRun SpellingErrorV2Themed SCXW189725198 BCX9\">et<\/span><span class=\"NormalTextRun SCXW189725198 BCX9\">, <\/span><span class=\"NormalTextRun SpellingErrorV2Themed SCXW189725198 BCX9\">megold\u00e1si<\/span> <span class=\"NormalTextRun SpellingErrorV2Themed SCXW189725198 BCX9\">javaslatokat<\/span> <span class=\"NormalTextRun SpellingErrorV2Themed SCXW189725198 BCX9\">k\u00edn\u00e1lunk<\/span> <span class=\"NormalTextRun SCXW189725198 BCX9\">a <\/span><span class=\"NormalTextRun SpellingErrorV2Themed SCXW189725198 BCX9\">termel\u0151k<\/span> <span class=\"NormalTextRun SpellingErrorV2Themed SCXW189725198 BCX9\">t<\/span><span class=\"NormalTextRun SpellingErrorV2Themed SCXW189725198 BCX9\">\u00e1mogat\u00e1s\u00e1ra<\/span> <span class=\"NormalTextRun SpellingErrorV2Themed SCXW189725198 BCX9\">az<\/span> <span class=\"NormalTextRun SpellingErrorV2Themed SCXW189725198 BCX9\">\u00e1llati<\/span> <span class=\"NormalTextRun SpellingErrorV2Themed SCXW189725198 BCX9\">eg\u00e9szs\u00e9g<\/span> <span class=\"NormalTextRun SpellingErrorV2Themed SCXW189725198 BCX9\">\u00e9s<\/span> <span class=\"NormalTextRun SpellingErrorV2Themed SCXW189725198 BCX9\">takarm\u00e1nyoz\u00e1s<\/span> <span class=\"NormalTextRun SpellingErrorV2Themed SCXW189725198 BCX9\">ter\u00e9n<\/span><span class=\"NormalTextRun SCXW189725198 BCX9\">, <\/span><span class=\"NormalTextRun SpellingErrorV2Themed SCXW189725198 BCX9\">melyek<\/span><span class=\"NormalTextRun SpellingErrorV2Themed SCXW189725198 BCX9\">et<\/span> <span class=\"NormalTextRun SpellingErrorV2Themed SCXW189725198 BCX9\">k\u00e9zzelfoghat\u00f3<\/span> <span class=\"NormalTextRun SpellingErrorV2Themed SCXW189725198 BCX9\">megold\u00e1sokk\u00e1<\/span> <span class=\"NormalTextRun SpellingErrorV2Themed SCXW189725198 BCX9\">fejleszt\u00fck<\/span> <span class=\"NormalTextRun SpellingErrorV2Themed SCXW189725198 BCX9\">az<\/span> <span class=\"NormalTextRun SpellingErrorV2Themed SCXW189725198 BCX9\">agr\u00e1r-\u00e9lelmiszerl\u00e1nc<\/span> <span class=\"NormalTextRun SpellingErrorV2Themed SCXW189725198 BCX9\">eg\u00e9sz\u00e9ben<\/span><span class=\"NormalTextRun SCXW189725198 BCX9\">.<\/span><\/span><span class=\"EOP SCXW189725198 BCX9\" data-ccp-props=\"{&quot;201341983&quot;:0,&quot;335559739&quot;:160,&quot;335559740&quot;:259}\">\u00a0<\/span><\/p>\n<p><span class=\"TextRun SCXW193941876 BCX9\" lang=\"EN-US\" xml:lang=\"EN-US\" data-contrast=\"none\"><span class=\"NormalTextRun SCXW193941876 BCX9\">A<\/span><span class=\"NormalTextRun SCXW193941876 BCX9\">z <\/span><span class=\"NormalTextRun SpellingErrorV2Themed SCXW193941876 BCX9\">\u00e1llatteny\u00e9szt\u00e9sben<\/span><span class=\"NormalTextRun SCXW193941876 BCX9\">, <\/span><span class=\"NormalTextRun SpellingErrorV2Themed SCXW193941876 BCX9\">t<\/span><span class=\"NormalTextRun SpellingErrorV2Themed SCXW193941876 BCX9\">ermel\u00e9sben<\/span><span class=\"NormalTextRun SCXW193941876 BCX9\">, <\/span><span class=\"NormalTextRun SpellingErrorV2Themed SCXW193941876 BCX9\">feldolgoz\u00f3iparban<\/span> <span class=\"NormalTextRun SpellingErrorV2Themed SCXW193941876 BCX9\">\u00e9s<\/span> <span class=\"NormalTextRun SpellingErrorV2Themed SCXW193941876 BCX9\">kiskereskedelemben<\/span> <span class=\"NormalTextRun SpellingErrorV2Themed SCXW193941876 BCX9\">\u00e9rdekelt<\/span> <span class=\"NormalTextRun SpellingErrorV2Themed SCXW193941876 BCX9\">sz\u00f6vetkezeti<\/span> <span class=\"NormalTextRun SpellingErrorV2Themed SCXW193941876 BCX9\">tulajdonosokkal<\/span> <span class=\"NormalTextRun SpellingErrorV2Themed SCXW193941876 BCX9\">szorosan<\/span> <span class=\"NormalTextRun SpellingErrorV2Themed SCXW193941876 BCX9\">egy\u00fctmm\u0171k\u00f6dve<\/span> <span class=\"NormalTextRun SCXW193941876 BCX9\">a <\/span><span class=\"NormalTextRun SpellingErrorV2Themed SCXW193941876 BCX9\">tudom\u00e1ny<\/span><span class=\"NormalTextRun SpellingErrorV2Themed SCXW193941876 BCX9\">os<\/span> <span class=\"NormalTextRun SpellingErrorV2Themed SCXW193941876 BCX9\">fejleszt\u00e9seket<\/span><span class=\"NormalTextRun SCXW193941876 BCX9\"> is <\/span><span class=\"NormalTextRun SpellingErrorV2Themed SCXW193941876 BCX9\">fel<\/span><span class=\"NormalTextRun SpellingErrorV2Themed SCXW193941876 BCX9\">haszn\u00e1l<\/span><span class=\"NormalTextRun SpellingErrorV2Themed SCXW193941876 BCX9\">unk<\/span> <span class=\"NormalTextRun SpellingErrorV2Themed SCXW193941876 BCX9\">annak<\/span> <span class=\"NormalTextRun SpellingErrorV2Themed SCXW193941876 BCX9\">\u00e9rdek\u00e9ben<\/span><span class=\"NormalTextRun SCXW193941876 BCX9\">, <\/span><span class=\"NormalTextRun SpellingErrorV2Themed SCXW193941876 BCX9\">hogy<\/span> <span class=\"NormalTextRun SpellingErrorV2Themed SCXW193941876 BCX9\">folyamatosan<\/span> <span class=\"NormalTextRun SpellingErrorV2Themed SCXW193941876 BCX9\">jav\u00edtsuk<\/span> <span class=\"NormalTextRun SpellingErrorV2Themed SCXW193941876 BCX9\">az<\/span> <span class=\"NormalTextRun SpellingErrorV2Themed SCXW193941876 BCX9\">\u00e9lelmiszer<\/span><span class=\"NormalTextRun SpellingErrorV2Themed SCXW193941876 BCX9\">k\u00e9nt<\/span> <span class=\"NormalTextRun SpellingErrorV2Themed SCXW193941876 BCX9\">fogyasztott<\/span> <span class=\"NormalTextRun SpellingErrorV2Themed SCXW193941876 BCX9\">feh\u00e9rj\u00e9k<\/span> <span class=\"NormalTextRun SpellingErrorV2Themed SCXW193941876 BCX9\">el\u0151\u00e1ll\u00edt\u00e1si<\/span> <span class=\"NormalTextRun SpellingErrorV2Themed SCXW193941876 BCX9\">m\u00f3dj\u00e1t<\/span><span class=\"NormalTextRun SCXW193941876 BCX9\"> a <\/span><span class=\"NormalTextRun SCXW193941876 BCX9\">F\u00f6ld<\/span> <span class=\"NormalTextRun SpellingErrorV2Themed SCXW193941876 BCX9\">folyamatosan<\/span> <span class=\"NormalTextRun SpellingErrorV2Themed SCXW193941876 BCX9\">n\u00f6vekv\u0151<\/span> <span class=\"NormalTextRun SpellingErrorV2Themed SCXW193941876 BCX9\">n\u00e9pess\u00e9ge<\/span> <span class=\"NormalTextRun SpellingErrorV2Themed SCXW193941876 BCX9\">sz\u00e1m\u00e1ra<\/span><span class=\"NormalTextRun SCXW193941876 BCX9\">. <\/span><span class=\"NormalTextRun SpellingErrorV2Themed SCXW193941876 BCX9\">Amennyiben<\/span><span class=\"NormalTextRun SCXW193941876 BCX9\"> a <\/span><span class=\"NormalTextRun SpellingErrorV2Themed SCXW193941876 BCX9\">t<\/span><span class=\"NormalTextRun SpellingErrorV2Themed SCXW193941876 BCX9\">akarm\u00e1nyt<\/span> <span class=\"NormalTextRun SpellingErrorV2Themed SCXW193941876 BCX9\">\u00f6mlesztett<\/span> <span class=\"NormalTextRun SpellingErrorV2Themed SCXW193941876 BCX9\">\u00e1rucikkb\u0151l<\/span><span class=\"NormalTextRun SCXW193941876 BCX9\"> a <\/span><span class=\"NormalTextRun SpellingErrorV2Themed SCXW193941876 BCX9\">fejleszt\u00e9s<\/span> <span class=\"NormalTextRun SpellingErrorV2Themed SCXW193941876 BCX9\">er\u0151s<\/span> <span class=\"NormalTextRun SpellingErrorV2Themed SCXW193941876 BCX9\">motorj\u00e1v\u00e1<\/span> <span class=\"NormalTextRun SpellingErrorV2Themed SCXW193941876 BCX9\">alak\u00edtjuk<\/span><span class=\"NormalTextRun SCXW193941876 BCX9\">, <\/span><span class=\"NormalTextRun SpellingErrorV2Themed SCXW193941876 BCX9\">m<\/span><span class=\"NormalTextRun SpellingErrorV2Themed SCXW193941876 BCX9\">agabiztosan<\/span> <span class=\"NormalTextRun SpellingErrorV2Themed SCXW193941876 BCX9\">tekinthet\u00fcnk<\/span><span class=\"NormalTextRun SCXW193941876 BCX9\"> a <\/span><span class=\"NormalTextRun SpellingErrorV2Themed SCXW193941876 BCX9\">j\u00f6v\u0151<\/span> <span class=\"NormalTextRun SpellingErrorV2Themed SCXW193941876 BCX9\">kih\u00edv\u00e1saira<\/span><span class=\"NormalTextRun SCXW193941876 BCX9\">, <\/span><span class=\"NormalTextRun SpellingErrorV2Themed SCXW193941876 BCX9\">azzal<\/span><span class=\"NormalTextRun SCXW193941876 BCX9\"> a <\/span><span class=\"NormalTextRun SpellingErrorV2Themed SCXW193941876 BCX9\">meggy\u0151z\u0151d\u00e9ssel<\/span><span class=\"NormalTextRun SCXW193941876 BCX9\">, <\/span><span class=\"NormalTextRun SpellingErrorV2Themed SCXW193941876 BCX9\">hogy<\/span> <span class=\"NormalTextRun SpellingErrorV2Themed SCXW193941876 BCX9\">magasabb<\/span> <span class=\"NormalTextRun SpellingErrorV2Themed SCXW193941876 BCX9\">min\u0151s\u00e9g\u0171<\/span><span class=\"NormalTextRun SCXW193941876 BCX9\">, <\/span><span class=\"NormalTextRun SpellingErrorV2Themed SCXW193941876 BCX9\">eg\u00e9szs\u00e9ges<\/span> <span class=\"NormalTextRun SpellingErrorV2Themed SCXW193941876 BCX9\">\u00e9lelmiszert<\/span> <span class=\"NormalTextRun SpellingErrorV2Themed SCXW193941876 BCX9\">tudunk<\/span> <span class=\"NormalTextRun SpellingErrorV2Themed SCXW193941876 BCX9\">biztos\u00edtani<\/span><span class=\"NormalTextRun SCXW193941876 BCX9\"> a <\/span><span class=\"NormalTextRun SpellingErrorV2Themed SCXW193941876 BCX9\">n\u00f6vekv\u0151<\/span> <span class=\"NormalTextRun SpellingErrorV2Themed SCXW193941876 BCX9\">n\u00e9pess\u00e9g<\/span> <span class=\"NormalTextRun SpellingErrorV2Themed SCXW193941876 BCX9\">sz\u00e1m\u00e1ra<\/span><span class=\"NormalTextRun SCXW193941876 BCX9\">.\u00a0<\/span><\/span><span class=\"EOP SCXW193941876 BCX9\" data-ccp-props=\"{&quot;201341983&quot;:0,&quot;335559739&quot;:160,&quot;335559740&quot;:259}\">\u00a0<\/span><\/p>\n<\/div><\/div>\n","protected":false},"excerpt":{"rendered":"<p>Agrimprove, a Royal Agrifirm Group term\u00e9kcsoportja\u00a0 Az Agrimprove brand a Royal Agrifirm Group funkcion\u00e1lis takarm\u00e1nykieg\u00e9sz\u00edt\u0151 term\u00e9keinek m\u00e1rkaneve. A vil\u00e1g minden orsz\u00e1g\u00e1ban olyan \u00f6tleteket, megold\u00e1si javaslatokat k\u00edn\u00e1lunk a termel\u0151k t\u00e1mogat\u00e1s\u00e1ra az \u00e1llati eg\u00e9szs\u00e9g \u00e9s takarm\u00e1nyoz\u00e1s ter\u00e9n, melyeket k\u00e9zzelfoghat\u00f3 megold\u00e1sokk\u00e1 fejleszt\u00fck az agr\u00e1r-\u00e9lelmiszerl\u00e1nc eg\u00e9sz\u00e9ben.\u00a0 Az \u00e1llatteny\u00e9szt\u00e9sben, termel\u00e9sben, feldolgoz\u00f3iparban \u00e9s kiskereskedelemben \u00e9rdekelt sz\u00f6vetkezeti tulajdonosokkal szorosan egy\u00fctmm\u0171k\u00f6dve a tudom\u00e1nyos [&hellip;]<\/p>\n","protected":false},"author":1,"featured_media":0,"parent":0,"menu_order":0,"comment_status":"closed","ping_status":"closed","template":"page-whoweare.php","meta":{"_acf_changed":false,"footnotes":""},"country":[],"class_list":["post-29656","page","type-page","status-publish","hentry"],"acf":[],"yoast_head":"<!-- This site is optimized with the Yoast SEO plugin v26.9 - https:\/\/yoast.com\/product\/yoast-seo-wordpress\/ -->\n<title>Who we are - Agrimprove<\/title>\n<meta name=\"robots\" content=\"index, follow, max-snippet:-1, max-image-preview:large, max-video-preview:-1\" \/>\n<link rel=\"canonical\" href=\"https:\/\/www.agrimprove.com\/hu\/who-we-are\/\" \/>\n<meta property=\"og:locale\" content=\"hu_HU\" \/>\n<meta property=\"og:type\" content=\"article\" \/>\n<meta property=\"og:title\" content=\"Who we are - Agrimprove\" \/>\n<meta property=\"og:description\" content=\"Agrimprove, a Royal Agrifirm Group term\u00e9kcsoportja\u00a0 Az Agrimprove brand a Royal Agrifirm Group funkcion\u00e1lis takarm\u00e1nykieg\u00e9sz\u00edt\u0151 term\u00e9keinek m\u00e1rkaneve. A vil\u00e1g minden orsz\u00e1g\u00e1ban olyan \u00f6tleteket, megold\u00e1si javaslatokat k\u00edn\u00e1lunk a termel\u0151k t\u00e1mogat\u00e1s\u00e1ra az \u00e1llati eg\u00e9szs\u00e9g \u00e9s takarm\u00e1nyoz\u00e1s ter\u00e9n, melyeket k\u00e9zzelfoghat\u00f3 megold\u00e1sokk\u00e1 fejleszt\u00fck az agr\u00e1r-\u00e9lelmiszerl\u00e1nc eg\u00e9sz\u00e9ben.\u00a0 Az \u00e1llatteny\u00e9szt\u00e9sben, termel\u00e9sben, feldolgoz\u00f3iparban \u00e9s kiskereskedelemben \u00e9rdekelt sz\u00f6vetkezeti tulajdonosokkal szorosan egy\u00fctmm\u0171k\u00f6dve a tudom\u00e1nyos [&hellip;]\" \/>\n<meta property=\"og:url\" content=\"https:\/\/www.agrimprove.com\/hu\/who-we-are\/\" \/>\n<meta property=\"og:site_name\" content=\"Agrimprove\" \/>\n<meta property=\"article:publisher\" content=\"https:\/\/www.facebook.com\/Agrimprove-107026970835037\" \/>\n<meta property=\"article:modified_time\" content=\"2023-11-22T13:24:56+00:00\" \/>\n<meta name=\"twitter:card\" content=\"summary_large_image\" \/>\n<meta name=\"twitter:label1\" content=\"Est. reading time\" \/>\n\t<meta name=\"twitter:data1\" content=\"1 minute\" \/>\n<script type=\"application\/ld+json\" class=\"yoast-schema-graph\">{\"@context\":\"https:\/\/schema.org\",\"@graph\":[{\"@type\":\"WebPage\",\"@id\":\"https:\/\/www.agrimprove.com\/hu\/who-we-are\/\",\"url\":\"https:\/\/www.agrimprove.com\/hu\/who-we-are\/\",\"name\":\"Who we are - Agrimprove\",\"isPartOf\":{\"@id\":\"https:\/\/www.agrimprove.com\/hu\/#website\"},\"datePublished\":\"2019-08-30T19:46:06+00:00\",\"dateModified\":\"2023-11-22T13:24:56+00:00\",\"breadcrumb\":{\"@id\":\"https:\/\/www.agrimprove.com\/hu\/who-we-are\/#breadcrumb\"},\"inLanguage\":\"hu-HU\",\"potentialAction\":[{\"@type\":\"ReadAction\",\"target\":[\"https:\/\/www.agrimprove.com\/hu\/who-we-are\/\"]}]},{\"@type\":\"BreadcrumbList\",\"@id\":\"https:\/\/www.agrimprove.com\/hu\/who-we-are\/#breadcrumb\",\"itemListElement\":[{\"@type\":\"ListItem\",\"position\":1,\"name\":\"Home\",\"item\":\"https:\/\/www.agrimprove.com\/hu\/\"},{\"@type\":\"ListItem\",\"position\":2,\"name\":\"Who we are\"}]},{\"@type\":\"WebSite\",\"@id\":\"https:\/\/www.agrimprove.com\/hu\/#website\",\"url\":\"https:\/\/www.agrimprove.com\/hu\/\",\"name\":\"Agrimprove\",\"description\":\"We farm ideas\",\"potentialAction\":[{\"@type\":\"SearchAction\",\"target\":{\"@type\":\"EntryPoint\",\"urlTemplate\":\"https:\/\/www.agrimprove.com\/hu\/?s={search_term_string}\"},\"query-input\":{\"@type\":\"PropertyValueSpecification\",\"valueRequired\":true,\"valueName\":\"search_term_string\"}}],\"inLanguage\":\"hu-HU\"}]}<\/script>\n<!-- \/ Yoast SEO plugin. -->","yoast_head_json":{"title":"Who we are - Agrimprove","robots":{"index":"index","follow":"follow","max-snippet":"max-snippet:-1","max-image-preview":"max-image-preview:large","max-video-preview":"max-video-preview:-1"},"canonical":"https:\/\/www.agrimprove.com\/hu\/who-we-are\/","og_locale":"hu_HU","og_type":"article","og_title":"Who we are - Agrimprove","og_description":"Agrimprove, a Royal Agrifirm Group term\u00e9kcsoportja\u00a0 Az Agrimprove brand a Royal Agrifirm Group funkcion\u00e1lis takarm\u00e1nykieg\u00e9sz\u00edt\u0151 term\u00e9keinek m\u00e1rkaneve. A vil\u00e1g minden orsz\u00e1g\u00e1ban olyan \u00f6tleteket, megold\u00e1si javaslatokat k\u00edn\u00e1lunk a termel\u0151k t\u00e1mogat\u00e1s\u00e1ra az \u00e1llati eg\u00e9szs\u00e9g \u00e9s takarm\u00e1nyoz\u00e1s ter\u00e9n, melyeket k\u00e9zzelfoghat\u00f3 megold\u00e1sokk\u00e1 fejleszt\u00fck az agr\u00e1r-\u00e9lelmiszerl\u00e1nc eg\u00e9sz\u00e9ben.\u00a0 Az \u00e1llatteny\u00e9szt\u00e9sben, termel\u00e9sben, feldolgoz\u00f3iparban \u00e9s kiskereskedelemben \u00e9rdekelt sz\u00f6vetkezeti tulajdonosokkal szorosan egy\u00fctmm\u0171k\u00f6dve a tudom\u00e1nyos [&hellip;]","og_url":"https:\/\/www.agrimprove.com\/hu\/who-we-are\/","og_site_name":"Agrimprove","article_publisher":"https:\/\/www.facebook.com\/Agrimprove-107026970835037","article_modified_time":"2023-11-22T13:24:56+00:00","twitter_card":"summary_large_image","twitter_misc":{"Est. reading time":"1 minute"},"schema":{"@context":"https:\/\/schema.org","@graph":[{"@type":"WebPage","@id":"https:\/\/www.agrimprove.com\/hu\/who-we-are\/","url":"https:\/\/www.agrimprove.com\/hu\/who-we-are\/","name":"Who we are - Agrimprove","isPartOf":{"@id":"https:\/\/www.agrimprove.com\/hu\/#website"},"datePublished":"2019-08-30T19:46:06+00:00","dateModified":"2023-11-22T13:24:56+00:00","breadcrumb":{"@id":"https:\/\/www.agrimprove.com\/hu\/who-we-are\/#breadcrumb"},"inLanguage":"hu-HU","potentialAction":[{"@type":"ReadAction","target":["https:\/\/www.agrimprove.com\/hu\/who-we-are\/"]}]},{"@type":"BreadcrumbList","@id":"https:\/\/www.agrimprove.com\/hu\/who-we-are\/#breadcrumb","itemListElement":[{"@type":"ListItem","position":1,"name":"Home","item":"https:\/\/www.agrimprove.com\/hu\/"},{"@type":"ListItem","position":2,"name":"Who we are"}]},{"@type":"WebSite","@id":"https:\/\/www.agrimprove.com\/hu\/#website","url":"https:\/\/www.agrimprove.com\/hu\/","name":"Agrimprove","description":"We farm ideas","potentialAction":[{"@type":"SearchAction","target":{"@type":"EntryPoint","urlTemplate":"https:\/\/www.agrimprove.com\/hu\/?s={search_term_string}"},"query-input":{"@type":"PropertyValueSpecification","valueRequired":true,"valueName":"search_term_string"}}],"inLanguage":"hu-HU"}]}},"_links":{"self":[{"href":"https:\/\/www.agrimprove.com\/hu\/wp-json\/wp\/v2\/pages\/29656","targetHints":{"allow":["GET"]}}],"collection":[{"href":"https:\/\/www.agrimprove.com\/hu\/wp-json\/wp\/v2\/pages"}],"about":[{"href":"https:\/\/www.agrimprove.com\/hu\/wp-json\/wp\/v2\/types\/page"}],"author":[{"embeddable":true,"href":"https:\/\/www.agrimprove.com\/hu\/wp-json\/wp\/v2\/users\/1"}],"replies":[{"embeddable":true,"href":"https:\/\/www.agrimprove.com\/hu\/wp-json\/wp\/v2\/comments?post=29656"}],"version-history":[{"count":7,"href":"https:\/\/www.agrimprove.com\/hu\/wp-json\/wp\/v2\/pages\/29656\/revisions"}],"predecessor-version":[{"id":30739,"href":"https:\/\/www.agrimprove.com\/hu\/wp-json\/wp\/v2\/pages\/29656\/revisions\/30739"}],"wp:attachment":[{"href":"https:\/\/www.agrimprove.com\/hu\/wp-json\/wp\/v2\/media?parent=29656"}],"wp:term":[{"taxonomy":"country","embeddable":true,"href":"https:\/\/www.agrimprove.com\/hu\/wp-json\/wp\/v2\/country?post=29656"}],"curies":[{"name":"wp","href":"https:\/\/api.w.org\/{rel}","templated":true}]}}