{"id":13450,"date":"2019-09-06T07:49:47","date_gmt":"2019-09-06T07:49:47","guid":{"rendered":"https:\/\/www.agrimprove.com\/cookie-policy\/"},"modified":"2021-05-25T11:17:06","modified_gmt":"2021-05-25T11:17:06","slug":"cookie-policy","status":"publish","type":"page","link":"https:\/\/www.agrimprove.com\/pl\/cookie-policy\/","title":{"rendered":"Polityka cookies"},"content":{"rendered":"\n<p>Agrifirm na stronie <a href=\"https:\/\/www.agrimprove.com\/pl\/\">www.agrimprove.com<\/a>. wykorzystuje pliki cookies. S\u0105 to ma\u0142e pliki z informacjami gromadzone na Twoim komputerze w momencie korzystania z naszej strony internetowej. Pliki cookies pomagaj\u0105 w udoskonalaniu dzia\u0142ania naszej strony oraz zbieraniu informacji dotycz\u0105cych zachowa\u0144 u\u017cytkownik\u00f3w. Informacje te wykorzystujemy w celu optymalizowania naszego serwisu. Pliki cookies nie zagra\u017caj\u0105 bezpiecze\u0144stwu Twojego komputera.<\/p>\n\n\n\n<h2 class=\"wp-block-heading\">Functional and non &#8211; functional cookies<\/h2>\n\n\n\n<p>Cookies can be\nsubdivided into functional and non-functional cookies. Functional cookies are\nnecessary for the proper functioning of the website and ensures that we can\nshow you the required information quickly and accurately each time you visit\nour website. Useful, because you do not have to enter your information,\npreferences, or adjust your settings.<\/p>\n\n\n\n<p>We use the non-functional cookies to see how many visitors our website has and how these visitors use the website. We use this information to further improve the website. This information is anonymous, with this information we can not identify anyone. These files will disappear automatically when you close your browser or these files stay up to 12 months after your last visit to the website.<\/p>\n\n\n\n<p>Functional cookies are used to: <\/p>\n\n\n\n<ul class=\"wp-block-list\"><li>Remember your login information.<\/li><li>To ensure the security of your login information.<\/li><li>Pre-fill online order forms with your customer information.<\/li><li>Ensure consistency in the design of the website.<\/li><\/ul>\n\n\n\n<p>Non &#8211; functional cookies are used to:  <\/p>\n\n\n\n<ul class=\"wp-block-list\"><li>Measure how many people visit our website.<\/li><li>Determine how visitors use the website.<\/li><li>Improve the performance of the website.<\/li><li>Improve the user experience on the website.<\/li><\/ul>\n\n\n\n<p>As non functional cookie we use Hotjar to improve and\noptimize the use of this website and to make the website more user \u2013 friendly.\nHotjar registers page visits, clicks and scroll activities of our website\nvisitors. The recordings are made anonymous. <\/p>\n\n\n\n<p>More\ninformation about cookies and cookie legislation can be found at&nbsp;<a href=\"http:\/\/www.youronlinechoices.com\/\">http:\/\/www.youronlinechoices.com\/<\/a><\/p>\n\n\n\n<h2 class=\"wp-block-heading\">Update cookie policy<\/h2>\n\n\n\n<p>This cookie\npolicy can be adjusted in between to reveal changes and subsequent consequences\nfor obtaining and managing data. When changes are made to this policy, the date\nat the bottom of the page will be added\/modified.<\/p>\n\n\n\n<p>We reserve the\nright to make changes to the way we handle data and to modify the terms and\nconditions as described in cookie policy and to apply those adjustments to your\ndata. If you visit our website, you agree to the current terms of our cookie\npolicy.<\/p>\n","protected":false},"excerpt":{"rendered":"<p>Agrifirm na stronie www.agrimprove.com. wykorzystuje pliki cookies. S\u0105 to ma\u0142e pliki z informacjami gromadzone na Twoim komputerze w momencie korzystania z naszej strony internetowej. Pliki cookies pomagaj\u0105 w udoskonalaniu dzia\u0142ania naszej strony oraz zbieraniu informacji dotycz\u0105cych zachowa\u0144 u\u017cytkownik\u00f3w. Informacje te wykorzystujemy w celu optymalizowania naszego serwisu. Pliki cookies nie zagra\u017caj\u0105 bezpiecze\u0144stwu Twojego komputera. Functional and [&hellip;]<\/p>\n","protected":false},"author":1,"featured_media":0,"parent":0,"menu_order":0,"comment_status":"closed","ping_status":"closed","template":"","meta":{"_acf_changed":false,"footnotes":""},"country":[],"class_list":["post-13450","page","type-page","status-publish","hentry"],"acf":[],"yoast_head":"<!-- This site is optimized with the Yoast SEO plugin v26.9 - https:\/\/yoast.com\/product\/yoast-seo-wordpress\/ -->\n<title>Polityka cookies - Agrimprove<\/title>\n<meta name=\"robots\" content=\"index, follow, max-snippet:-1, max-image-preview:large, max-video-preview:-1\" \/>\n<link rel=\"canonical\" href=\"https:\/\/www.agrimprove.com\/pl\/cookie-policy\/\" \/>\n<meta property=\"og:locale\" content=\"pl_PL\" \/>\n<meta property=\"og:type\" content=\"article\" \/>\n<meta property=\"og:title\" content=\"Polityka cookies - Agrimprove\" \/>\n<meta property=\"og:description\" content=\"Agrifirm na stronie www.agrimprove.com. wykorzystuje pliki cookies. S\u0105 to ma\u0142e pliki z informacjami gromadzone na Twoim komputerze w momencie korzystania z naszej strony internetowej. Pliki cookies pomagaj\u0105 w udoskonalaniu dzia\u0142ania naszej strony oraz zbieraniu informacji dotycz\u0105cych zachowa\u0144 u\u017cytkownik\u00f3w. Informacje te wykorzystujemy w celu optymalizowania naszego serwisu. Pliki cookies nie zagra\u017caj\u0105 bezpiecze\u0144stwu Twojego komputera. Functional and [&hellip;]\" \/>\n<meta property=\"og:url\" content=\"https:\/\/www.agrimprove.com\/pl\/cookie-policy\/\" \/>\n<meta property=\"og:site_name\" content=\"Agrimprove\" \/>\n<meta property=\"article:publisher\" content=\"https:\/\/www.facebook.com\/Agrimprove-107026970835037\" \/>\n<meta property=\"article:modified_time\" content=\"2021-05-25T11:17:06+00:00\" \/>\n<meta name=\"twitter:card\" content=\"summary_large_image\" \/>\n<meta name=\"twitter:label1\" content=\"Szacowany czas czytania\" \/>\n\t<meta name=\"twitter:data1\" content=\"2 minuty\" \/>\n<script type=\"application\/ld+json\" class=\"yoast-schema-graph\">{\"@context\":\"https:\/\/schema.org\",\"@graph\":[{\"@type\":\"WebPage\",\"@id\":\"https:\/\/www.agrimprove.com\/pl\/cookie-policy\/\",\"url\":\"https:\/\/www.agrimprove.com\/pl\/cookie-policy\/\",\"name\":\"Polityka cookies - Agrimprove\",\"isPartOf\":{\"@id\":\"https:\/\/www.agrimprove.com\/pl\/#website\"},\"datePublished\":\"2019-09-06T07:49:47+00:00\",\"dateModified\":\"2021-05-25T11:17:06+00:00\",\"breadcrumb\":{\"@id\":\"https:\/\/www.agrimprove.com\/pl\/cookie-policy\/#breadcrumb\"},\"inLanguage\":\"pl-PL\",\"potentialAction\":[{\"@type\":\"ReadAction\",\"target\":[\"https:\/\/www.agrimprove.com\/pl\/cookie-policy\/\"]}]},{\"@type\":\"BreadcrumbList\",\"@id\":\"https:\/\/www.agrimprove.com\/pl\/cookie-policy\/#breadcrumb\",\"itemListElement\":[{\"@type\":\"ListItem\",\"position\":1,\"name\":\"Home\",\"item\":\"https:\/\/www.agrimprove.com\/pl\/\"},{\"@type\":\"ListItem\",\"position\":2,\"name\":\"Polityka cookies\"}]},{\"@type\":\"WebSite\",\"@id\":\"https:\/\/www.agrimprove.com\/pl\/#website\",\"url\":\"https:\/\/www.agrimprove.com\/pl\/\",\"name\":\"Agrimprove\",\"description\":\"We farm ideas\",\"potentialAction\":[{\"@type\":\"SearchAction\",\"target\":{\"@type\":\"EntryPoint\",\"urlTemplate\":\"https:\/\/www.agrimprove.com\/pl\/?s={search_term_string}\"},\"query-input\":{\"@type\":\"PropertyValueSpecification\",\"valueRequired\":true,\"valueName\":\"search_term_string\"}}],\"inLanguage\":\"pl-PL\"}]}<\/script>\n<!-- \/ Yoast SEO plugin. -->","yoast_head_json":{"title":"Polityka cookies - Agrimprove","robots":{"index":"index","follow":"follow","max-snippet":"max-snippet:-1","max-image-preview":"max-image-preview:large","max-video-preview":"max-video-preview:-1"},"canonical":"https:\/\/www.agrimprove.com\/pl\/cookie-policy\/","og_locale":"pl_PL","og_type":"article","og_title":"Polityka cookies - Agrimprove","og_description":"Agrifirm na stronie www.agrimprove.com. wykorzystuje pliki cookies. S\u0105 to ma\u0142e pliki z informacjami gromadzone na Twoim komputerze w momencie korzystania z naszej strony internetowej. Pliki cookies pomagaj\u0105 w udoskonalaniu dzia\u0142ania naszej strony oraz zbieraniu informacji dotycz\u0105cych zachowa\u0144 u\u017cytkownik\u00f3w. Informacje te wykorzystujemy w celu optymalizowania naszego serwisu. Pliki cookies nie zagra\u017caj\u0105 bezpiecze\u0144stwu Twojego komputera. Functional and [&hellip;]","og_url":"https:\/\/www.agrimprove.com\/pl\/cookie-policy\/","og_site_name":"Agrimprove","article_publisher":"https:\/\/www.facebook.com\/Agrimprove-107026970835037","article_modified_time":"2021-05-25T11:17:06+00:00","twitter_card":"summary_large_image","twitter_misc":{"Szacowany czas czytania":"2 minuty"},"schema":{"@context":"https:\/\/schema.org","@graph":[{"@type":"WebPage","@id":"https:\/\/www.agrimprove.com\/pl\/cookie-policy\/","url":"https:\/\/www.agrimprove.com\/pl\/cookie-policy\/","name":"Polityka cookies - Agrimprove","isPartOf":{"@id":"https:\/\/www.agrimprove.com\/pl\/#website"},"datePublished":"2019-09-06T07:49:47+00:00","dateModified":"2021-05-25T11:17:06+00:00","breadcrumb":{"@id":"https:\/\/www.agrimprove.com\/pl\/cookie-policy\/#breadcrumb"},"inLanguage":"pl-PL","potentialAction":[{"@type":"ReadAction","target":["https:\/\/www.agrimprove.com\/pl\/cookie-policy\/"]}]},{"@type":"BreadcrumbList","@id":"https:\/\/www.agrimprove.com\/pl\/cookie-policy\/#breadcrumb","itemListElement":[{"@type":"ListItem","position":1,"name":"Home","item":"https:\/\/www.agrimprove.com\/pl\/"},{"@type":"ListItem","position":2,"name":"Polityka cookies"}]},{"@type":"WebSite","@id":"https:\/\/www.agrimprove.com\/pl\/#website","url":"https:\/\/www.agrimprove.com\/pl\/","name":"Agrimprove","description":"We farm ideas","potentialAction":[{"@type":"SearchAction","target":{"@type":"EntryPoint","urlTemplate":"https:\/\/www.agrimprove.com\/pl\/?s={search_term_string}"},"query-input":{"@type":"PropertyValueSpecification","valueRequired":true,"valueName":"search_term_string"}}],"inLanguage":"pl-PL"}]}},"_links":{"self":[{"href":"https:\/\/www.agrimprove.com\/pl\/wp-json\/wp\/v2\/pages\/13450","targetHints":{"allow":["GET"]}}],"collection":[{"href":"https:\/\/www.agrimprove.com\/pl\/wp-json\/wp\/v2\/pages"}],"about":[{"href":"https:\/\/www.agrimprove.com\/pl\/wp-json\/wp\/v2\/types\/page"}],"author":[{"embeddable":true,"href":"https:\/\/www.agrimprove.com\/pl\/wp-json\/wp\/v2\/users\/1"}],"replies":[{"embeddable":true,"href":"https:\/\/www.agrimprove.com\/pl\/wp-json\/wp\/v2\/comments?post=13450"}],"version-history":[{"count":1,"href":"https:\/\/www.agrimprove.com\/pl\/wp-json\/wp\/v2\/pages\/13450\/revisions"}],"predecessor-version":[{"id":13452,"href":"https:\/\/www.agrimprove.com\/pl\/wp-json\/wp\/v2\/pages\/13450\/revisions\/13452"}],"wp:attachment":[{"href":"https:\/\/www.agrimprove.com\/pl\/wp-json\/wp\/v2\/media?parent=13450"}],"wp:term":[{"taxonomy":"country","embeddable":true,"href":"https:\/\/www.agrimprove.com\/pl\/wp-json\/wp\/v2\/country?post=13450"}],"curies":[{"name":"wp","href":"https:\/\/api.w.org\/{rel}","templated":true}]}}