{"id":14633,"date":"2019-09-19T18:16:47","date_gmt":"2019-09-19T18:16:47","guid":{"rendered":"https:\/\/www.agrimprove.com\/product\/aromabiotic\/"},"modified":"2021-10-12T12:56:22","modified_gmt":"2021-10-12T12:56:22","slug":"aromabiotic","status":"publish","type":"product","link":"https:\/\/www.agrimprove.com\/pl\/produkt\/aromabiotic\/","title":{"rendered":"AROMABIOTIC\u00ae"},"content":{"rendered":"<section class=\"section section--gutenberg section--gutenberg-nomargin wp-block-columns\"><div class=\"container\">\n<div class=\"wp-block-columns product-main-columns is-layout-flex wp-container-core-columns-is-layout-9d6595d7 wp-block-columns-is-layout-flex\">\n<div class=\"wp-block-column is-layout-flow wp-block-column-is-layout-flow\" style=\"flex-basis:66.66%\">\n<h2 class=\"wp-block-heading\"><strong><strong><strong>Ochrona zdrowia<\/strong><\/strong><\/strong><\/h2>\n\n\n\n<p>Wysoki status zdrowotny jest jednym z najwa\u017cniejszych czynnik\u00f3w na fermie. Bez wzgl\u0119du na poziom bioasekuracji, zwierz\u0119ta s\u0105 permanentnie nara\u017cone na dzia\u0142anie bakte\u00adrii patogennych, kt\u00f3re bytuj\u0105 w paszy, wodzie, powietrzu, oraz organizmach zwierz\u0105t.<\/p>\n\n\n\n<p>Ponad to zwi\u0119kszona \u015bmiertelno\u015b\u0107, zacho-rowalno\u015b\u0107 i w konsekwencji aktywacja uk\u0142a\u00addu immunologicznego zwi\u0119ksza zu\u017cycie bia\u0142\u00adka i energii negatywnie wp\u0142ywaj\u0105c na wyniki produkcyjne. Dodatkowo, cz\u0119stsze interwen-cje weterynaryjne zwi\u0119kszaj\u0105 koszty produ-kcji. Trzymanie zwierz\u0105t w dobrym statusie zdrowotnym jest kluczem do uzyskania do\u00adbrych wynik\u00f3w ekonomicznych na fermie.<\/p>\n\n\n\n<h2 class=\"wp-block-heading\"><strong><strong><strong>Wykorzystanie paszy<\/strong><\/strong><\/strong><\/h2>\n\n\n\n<p>W ostatnich dekadach osi\u0105gni\u0119to ogromny post\u0119p w doskonaleniu genetycznym \u015bwi\u0144 pod k\u0105tem ich mo\u017cliwo\u015bci wzrostowych oraz wykorzystania sk\u0142adnik\u00f3w pokarmowych pasz.<\/p>\n\n\n\n<p>Jednak\u017ce, jedynie dobrze funkcjonuj\u0105cy przew\u00f3d pokarmowy gwarantuje optymalne wykorzystanie paszy i konwersje sk\u0142adnik\u00f3w pokarmowych do tkanki mi\u0119\u015bniowej. Dost\u0119pna powierzchnia ch\u0142onna jelit, selektywno\u015b\u0107 absorpcji cz\u0105steczek oraz r\u00f3\u017cnorodna mikroflora w poszczeg\u00f3lnych odcinkach przewodu pokarmowego mog\u0105 zwi\u0119kszy\u0107 mo\u017cliwo\u015bci wzrostu zwierz\u0105t.<\/p>\n<\/div>\n\n\n\n<div class=\"wp-block-column is-layout-flow wp-block-column-is-layout-flow\" style=\"flex-basis:33.33%\"><div class=\"block block--benefits\">\n    <h3 class=\"block-title\">G\u0142\u00f3wne zalety stosowania  <span class=\"orange\"><\/span><\/h3>\n    <ul class=\"benefits\">\n                    <li>Zwi\u0119kszona ochrona przed patogenami\r<\/li>\n                    <li>Wzmocniony uk\u0142ad odporno\u015bciowy\r<\/li>\n                    <li>Zwi\u0119kszona powierzchnia ch\u0142onna jelit<\/li>\n            <\/ul>\n<\/div>\n\n<div class=\"block block--productwhitepaper\">\n    <div class=\"inner\">\n                    <h3 class=\"block-title\">Chcesz pozna\u0107 wi\u0119cej szczeg\u00f3\u0142\u00f3w?<\/h3>\n        \n                        <button class=\"button button--primary  align-left\" id=''>skontaktuj si\u0119 z nami\n\n    \n    <\/button>\n\n            \n            \n            <\/div>\n<\/div>\n<style>\n    .block.block--productwhitepaper.align-center {\n        display: flex;\n        flex-direction: row;\n        justify-content: center;   \n    }\n\n    .block.block--productwhitepaper.align-right {\n        display: flex;\n        flex-direction: row;\n        justify-content: flex-end;   \n    }\n\n    .block.block--productwhitepaper.align-center .block-title {\n        text-align: center;\n    }\n\n    .block.block--productwhitepaper.align-right .block-title {\n        text-align: right;\n    }\n\n    .block.block--productwhitepaper .inner {\n        display: flex;\n        flex-direction: column;\n    }\n\n    .block.block--productwhitepaper .button.align-center {\n        margin-left: auto;\n        margin-right: auto;\n    }\n\n    .block.block--productwhitepaper .button.align-left {\n        margin-right: auto;\n    }\n\n    .block.block--productwhitepaper .button.align-right {\n        margin-left: auto;\n    }\n<\/style><\/div>\n<\/div>\n<\/div><\/section>\n\n\n<section id=\"agri-contact-tile-block_5d83b678e4a1c\" class=\"section section--gutenberg agri-contact-tile\">\n    <div class=\"container\">\n        <div class=\"columns\">\n            \n                            <div class=\"column is-full is-10-tablet is-offset-1-tablet\">\n                                                <h2>Skontaktuj Si\u0119 Z Naszym Specjalist\u0105<\/h2>\n                    <p><\/p>\n                                <\/div>\n        <\/div>\n        <div class=\"columns\">\n                            <div class=\"column is-full\">\n                                            <div class=\"contact-tile-wrapper\">\n                    <div class=\"contact-tile  contact-tile--empty\">\n                                                <div class=\"content-01\">\n                            <div class=\"name\">Robert Bary\u015b<\/div>\n                            <div class=\"function\">Kierownik regionalny ds. Premiks\u00f3w \u2013 Dzia\u0142 Trzoda Chlewna<\/div>\n                        <\/div>\n                        <div class=\"content-02\">\n                                                        <div class=\"email\">\n                                <svg class='icon-before' xmlns=\"http:\/\/www.w3.org\/2000\/svg\" width=\"18.5\" height=\"13.643\" viewBox=\"0 0 18.5 13.643\">\n                                    <g data-name=\"streamline-icon-email-action-unread@24x24\" transform=\"translate(-0.75 -4)\">\n                                        <path d=\"M2.714,4.75H17.286A1.215,1.215,0,0,1,18.5,5.964v9.714a1.215,1.215,0,0,1-1.214,1.214H2.714A1.215,1.215,0,0,1,1.5,15.679V5.964A1.215,1.215,0,0,1,2.714,4.75Z\" fill=\"none\" stroke=\"#db8e17\" stroke-linecap=\"round\" stroke-linejoin=\"round\" stroke-width=\"1.5\"\/>\n                                        <path d=\"M18.161,5.3,11.62,11.564a2.255,2.255,0,0,1-3.24,0L1.839,5.3\" transform=\"translate(0)\" fill=\"none\" stroke=\"#db8e17\" stroke-linecap=\"round\" stroke-linejoin=\"round\" stroke-width=\"1.5\"\/>\n                                    <\/g>\n                                <\/svg>\n                                <a href=\"mailto:r.barys@agrifirm.com\">r.barys@agrifirm.com<\/a>\n                                <svg class='icon-after' width=\"12px\" height=\"11px\" viewBox=\"0 0 12 11\" version=\"1.1\" xmlns=\"http:\/\/www.w3.org\/2000\/svg\" xmlns:xlink=\"http:\/\/www.w3.org\/1999\/xlink\">\n                                    <g stroke=\"none\" stroke-width=\"1\" fill=\"none\" fill-rule=\"evenodd\">\n                                        <g transform=\"translate(-285.000000, -4382.000000)\" stroke=\"#CC8A00\" stroke-width=\"2\">\n                                            <g transform=\"translate(16.000000, 4233.000000)\">\n                                                <g transform=\"translate(16.600505, 144.000000)\">\n                                                    <g transform=\"translate(252.399495, 6.000000)\">\n                                                        <polyline transform=\"translate(5.384615, 4.615385) rotate(135.000000) translate(-5.384615, -4.615385) \" points=\"2.30769231 7.69230769 2.30769231 1.53846154 8.46153846 1.53846154\"><\/polyline>\n                                                        <line x1=\"0\" y1=\"4.61538462\" x2=\"9.23076923\" y2=\"4.61538462\"><\/line>\n                                                    <\/g>\n                                                <\/g>\n                                            <\/g>\n                                        <\/g>\n                                    <\/g>\n                                <\/svg>\n                            <\/div>\n                                                                                    <div class=\"telephone\">\n                                <svg class='icon-before' xmlns=\"http:\/\/www.w3.org\/2000\/svg\" width=\"20.293\" height=\"20.296\" viewBox=\"0 0 20.293 20.296\">\n                                    <g data-name=\"streamline-icon-phone@24x24\" transform=\"translate(0.156 0.127)\">\n                                         <path d=\"M12.5,18.545l.01.006a4.549,4.549,0,0,0,5.66-.621l.636-.636a1.518,1.518,0,0,0,0-2.145l-2.681-2.68a1.518,1.518,0,0,0-2.145,0h0a1.515,1.515,0,0,1-2.143,0l0,0L7.545,8.177a1.518,1.518,0,0,1,0-2.145h0a1.515,1.515,0,0,0,0-2.143l0,0L4.864,1.2a1.518,1.518,0,0,0-2.145,0l-.636.636A4.551,4.551,0,0,0,1.461,7.5l.007.01A41.056,41.056,0,0,0,12.5,18.545Z\" transform=\"translate(0)\" fill=\"none\" stroke=\"#db8e17\" stroke-linecap=\"round\" stroke-linejoin=\"round\" stroke-width=\"1.5\"\/>\n                                    <\/g>\n                                <\/svg>\n                                <a href=\"tel:+48 503 131 278\">+48 503 131 278<\/a>\n                                <svg class='icon-after' width=\"12px\" height=\"11px\" viewBox=\"0 0 12 11\" version=\"1.1\" xmlns=\"http:\/\/www.w3.org\/2000\/svg\" xmlns:xlink=\"http:\/\/www.w3.org\/1999\/xlink\">\n                                    <g stroke=\"none\" stroke-width=\"1\" fill=\"none\" fill-rule=\"evenodd\">\n                                        <g transform=\"translate(-285.000000, -4382.000000)\" stroke=\"#CC8A00\" stroke-width=\"2\">\n                                            <g transform=\"translate(16.000000, 4233.000000)\">\n                                                <g transform=\"translate(16.600505, 144.000000)\">\n                                                    <g transform=\"translate(252.399495, 6.000000)\">\n                                                        <polyline transform=\"translate(5.384615, 4.615385) rotate(135.000000) translate(-5.384615, -4.615385) \" points=\"2.30769231 7.69230769 2.30769231 1.53846154 8.46153846 1.53846154\"><\/polyline>\n                                                        <line x1=\"0\" y1=\"4.61538462\" x2=\"9.23076923\" y2=\"4.61538462\"><\/line>\n                                                    <\/g>\n                                                <\/g>\n                                            <\/g>\n                                        <\/g>\n                                    <\/g>\n                                <\/svg>\n                            <\/div>\n                            \n                                                    <\/div>\n                    <\/div>\n                <\/div>\n                            <\/div>\n        <\/div>\n    <\/div>\n<\/section>\n\n\n\n<section id=\"agri-gallery-block_5d83b38d67b2a\" class=\"section section--gutenberg agri-gallery\">\n    <div class=\"container\">\n        <div class=\"columns\">\n            <div class=\"column\">\n            <div class='gallery-slider-wrapper'><div class='gallery-slider block-gallery-slider'><div class=\"gallery-slide\"><a href=\"https:\/\/www.agrimprove.com\/wp-content\/uploads\/2019\/09\/Pigs-2-pigs-close-up-1440x960.jpg\" data-caption=\"\"><img decoding=\"async\" src=\"https:\/\/www.agrimprove.com\/wp-content\/uploads\/2019\/09\/Pigs-2-pigs-close-up-375x375.jpg\" alt=\"\"><\/a><\/div><div class=\"gallery-slide\"><a href=\"https:\/\/www.agrimprove.com\/wp-content\/uploads\/2019\/09\/Pigs-removing-skin-carcass-slaughterhouse-1440x960.jpg\" data-caption=\"\"><img decoding=\"async\" src=\"https:\/\/www.agrimprove.com\/wp-content\/uploads\/2019\/09\/Pigs-removing-skin-carcass-slaughterhouse-375x375.jpg\" alt=\"\"><\/a><\/div><div class=\"gallery-slide\"><a href=\"https:\/\/www.agrimprove.com\/wp-content\/uploads\/2019\/09\/Pigs-tests-meat-samples-pin-Ghent-university-laboratory-1440x960.jpg\" data-caption=\"\"><img decoding=\"async\" src=\"https:\/\/www.agrimprove.com\/wp-content\/uploads\/2019\/09\/Pigs-tests-meat-samples-pin-Ghent-university-laboratory-375x375.jpg\" alt=\"\"><\/a><\/div><div class=\"gallery-slide\"><a href=\"https:\/\/www.agrimprove.com\/wp-content\/uploads\/2019\/09\/Cattle-beef-barbecue-bbq-1-1440x960.jpg\" data-caption=\"\"><img decoding=\"async\" src=\"https:\/\/www.agrimprove.com\/wp-content\/uploads\/2019\/09\/Cattle-beef-barbecue-bbq-1-375x375.jpg\" alt=\"\"><\/a><\/div><\/div><\/div>            <\/div>\n        <\/div>\n    <\/div>\n<\/section> \n\n\n\n<section id=\"agri-quote-block_60d2e07d2321e\" class=\"section section--gutenberg  agri-quote\">\n    <div class=\"container\">\n        <div class=\"block block--cta\">\n            <div class=\"columns\">\n                <div class=\"column is-10-tablet is-offset-1-tablet\">\n                    <div class=\"block--cta__body\"><h2><span style=\"font-family: alegreya, sans-serif;\">Chcesz pozna\u0107 wi\u0119cej szczeg\u00f3\u0142\u00f3w?<\/span><\/h2>\n<p><span style=\"font-family: alegreya, sans-serif;\">Zostaw nam wiadomo\u015b\u0107 lub skontaktuj si\u0119 z lokalnym ekspertem Agrimprove.<br \/>\nOdezwiemy si\u0119 do Ciebie z bardziej szczeg\u00f3\u0142owymi informacjami.<\/span><\/p>\n<\/div>\n                \n                    <div class=\"block--cta__button\">\n                        <a href=\"https:\/\/www.agrimprove.com\/pl\/contact-us\/\" target=\"_self\" class=\"button button--primary button--arrow\">Napisz do nas!                             <div class=\"arrow\">\n                                <svg viewBox=\"0 0 12 11\" version=\"1.1\" xmlns=\"http:\/\/www.w3.org\/2000\/svg\" xmlns:xlink=\"http:\/\/www.w3.org\/1999\/xlink\">\n                                    <g stroke=\"none\" stroke-width=\"1\" fill=\"none\" fill-rule=\"evenodd\">\n                                        <g transform=\"translate(-333.000000, -364.000000)\" stroke=\"currentColor\" stroke-width=\"2\">\n                                            <g transform=\"translate(16.000000, 346.000000)\">\n                                                <g transform=\"translate(317.000000, 19.000000)\">\n                                                    <polyline transform=\"translate(5.384615, 4.615385) rotate(135.000000) translate(-5.384615, -4.615385) \" points=\"2.30769231 7.69230769 2.30769231 1.53846154 8.46153846 1.53846154\"><\/polyline>\n                                                    <line x1=\"0\" y1=\"4.61538462\" x2=\"9.23076923\" y2=\"4.61538462\"><\/line>\n                                                <\/g>\n                                            <\/g>\n                                        <\/g>\n                                    <\/g>\n                                <\/svg>\n                            <\/div>\n                        <\/a>\n                    <\/div>\n\n                                    <\/div>\n            <\/div>\n        <\/div>\n    <\/div>\n<\/section>","protected":false},"excerpt":{"rendered":"<p><span style=\"font-size: 20px; font-family: ubuntu, sans-serif; color: #253746;\">Dla wsparcia zdrowia oraz poprawy FCR<\/span><\/p>\n","protected":false},"featured_media":14635,"template":"","meta":{"_acf_changed":false},"product_brand":[],"product_cat":[3704,3709],"product_tag":[3971],"sector":[3992],"country":[],"class_list":{"0":"post-14633","1":"product","2":"type-product","3":"status-publish","4":"has-post-thumbnail","6":"product_cat-health-pl","7":"product_cat-antibiotics-replacement-pl","8":"product_tag-dla-wsparcia-zdrowia-oraz-poprawy-fcr","9":"sector-prosieta-pl","11":"first","12":"instock","13":"shipping-taxable","14":"product-type-simple"},"acf":[],"yoast_head":"<!-- This site is optimized with the Yoast SEO plugin v26.9 - https:\/\/yoast.com\/product\/yoast-seo-wordpress\/ -->\n<title>AROMABIOTIC\u00ae<\/title>\n<meta name=\"robots\" content=\"index, follow, max-snippet:-1, max-image-preview:large, max-video-preview:-1\" \/>\n<link rel=\"canonical\" href=\"https:\/\/www.agrimprove.com\/pl\/produkt\/aromabiotic\/\" \/>\n<meta property=\"og:locale\" content=\"pl_PL\" \/>\n<meta property=\"og:type\" content=\"article\" \/>\n<meta property=\"og:title\" content=\"AROMABIOTIC\u00ae\" \/>\n<meta property=\"og:description\" content=\"Dla wsparcia zdrowia oraz poprawy FCR\" \/>\n<meta property=\"og:url\" content=\"https:\/\/www.agrimprove.com\/pl\/produkt\/aromabiotic\/\" \/>\n<meta property=\"og:site_name\" content=\"Agrimprove\" \/>\n<meta property=\"article:publisher\" content=\"https:\/\/www.facebook.com\/Agrimprove-107026970835037\" \/>\n<meta property=\"article:modified_time\" content=\"2021-10-12T12:56:22+00:00\" \/>\n<meta property=\"og:image\" content=\"https:\/\/www.agrimprove.com\/wp-content\/uploads\/2019\/09\/shutterstock_519329620_sized.jpg\" \/>\n\t<meta property=\"og:image:width\" content=\"2560\" \/>\n\t<meta property=\"og:image:height\" content=\"1707\" \/>\n\t<meta property=\"og:image:type\" content=\"image\/jpeg\" \/>\n<meta name=\"twitter:card\" content=\"summary_large_image\" \/>\n<meta name=\"twitter:label1\" content=\"Szacowany czas czytania\" \/>\n\t<meta name=\"twitter:data1\" content=\"1 minuta\" \/>\n<script type=\"application\/ld+json\" class=\"yoast-schema-graph\">{\"@context\":\"https:\/\/schema.org\",\"@graph\":[{\"@type\":\"WebPage\",\"@id\":\"https:\/\/www.agrimprove.com\/pl\/produkt\/aromabiotic\/\",\"url\":\"https:\/\/www.agrimprove.com\/pl\/produkt\/aromabiotic\/\",\"name\":\"AROMABIOTIC\u00ae\",\"isPartOf\":{\"@id\":\"https:\/\/www.agrimprove.com\/pl\/#website\"},\"primaryImageOfPage\":{\"@id\":\"https:\/\/www.agrimprove.com\/pl\/produkt\/aromabiotic\/#primaryimage\"},\"image\":{\"@id\":\"https:\/\/www.agrimprove.com\/pl\/produkt\/aromabiotic\/#primaryimage\"},\"thumbnailUrl\":\"https:\/\/www.agrimprove.com\/wp-content\/uploads\/2019\/09\/shutterstock_519329620_sized.jpg\",\"datePublished\":\"2019-09-19T18:16:47+00:00\",\"dateModified\":\"2021-10-12T12:56:22+00:00\",\"breadcrumb\":{\"@id\":\"https:\/\/www.agrimprove.com\/pl\/produkt\/aromabiotic\/#breadcrumb\"},\"inLanguage\":\"pl-PL\",\"potentialAction\":[{\"@type\":\"ReadAction\",\"target\":[\"https:\/\/www.agrimprove.com\/pl\/produkt\/aromabiotic\/\"]}]},{\"@type\":\"ImageObject\",\"inLanguage\":\"pl-PL\",\"@id\":\"https:\/\/www.agrimprove.com\/pl\/produkt\/aromabiotic\/#primaryimage\",\"url\":\"https:\/\/www.agrimprove.com\/wp-content\/uploads\/2019\/09\/shutterstock_519329620_sized.jpg\",\"contentUrl\":\"https:\/\/www.agrimprove.com\/wp-content\/uploads\/2019\/09\/shutterstock_519329620_sized.jpg\",\"width\":2560,\"height\":1707},{\"@type\":\"BreadcrumbList\",\"@id\":\"https:\/\/www.agrimprove.com\/pl\/produkt\/aromabiotic\/#breadcrumb\",\"itemListElement\":[{\"@type\":\"ListItem\",\"position\":1,\"name\":\"Home\",\"item\":\"https:\/\/www.agrimprove.com\/pl\/\"},{\"@type\":\"ListItem\",\"position\":2,\"name\":\"Nasze produkty\",\"item\":\"https:\/\/www.agrimprove.com\/pl\/our-products\/\"},{\"@type\":\"ListItem\",\"position\":3,\"name\":\"AROMABIOTIC\u00ae\"}]},{\"@type\":\"WebSite\",\"@id\":\"https:\/\/www.agrimprove.com\/pl\/#website\",\"url\":\"https:\/\/www.agrimprove.com\/pl\/\",\"name\":\"Agrimprove\",\"description\":\"We farm ideas\",\"potentialAction\":[{\"@type\":\"SearchAction\",\"target\":{\"@type\":\"EntryPoint\",\"urlTemplate\":\"https:\/\/www.agrimprove.com\/pl\/?s={search_term_string}\"},\"query-input\":{\"@type\":\"PropertyValueSpecification\",\"valueRequired\":true,\"valueName\":\"search_term_string\"}}],\"inLanguage\":\"pl-PL\"}]}<\/script>\n<!-- \/ Yoast SEO plugin. -->","yoast_head_json":{"title":"AROMABIOTIC\u00ae","robots":{"index":"index","follow":"follow","max-snippet":"max-snippet:-1","max-image-preview":"max-image-preview:large","max-video-preview":"max-video-preview:-1"},"canonical":"https:\/\/www.agrimprove.com\/pl\/produkt\/aromabiotic\/","og_locale":"pl_PL","og_type":"article","og_title":"AROMABIOTIC\u00ae","og_description":"Dla wsparcia zdrowia oraz poprawy FCR","og_url":"https:\/\/www.agrimprove.com\/pl\/produkt\/aromabiotic\/","og_site_name":"Agrimprove","article_publisher":"https:\/\/www.facebook.com\/Agrimprove-107026970835037","article_modified_time":"2021-10-12T12:56:22+00:00","og_image":[{"width":2560,"height":1707,"url":"https:\/\/www.agrimprove.com\/wp-content\/uploads\/2019\/09\/shutterstock_519329620_sized.jpg","type":"image\/jpeg"}],"twitter_card":"summary_large_image","twitter_misc":{"Szacowany czas czytania":"1 minuta"},"schema":{"@context":"https:\/\/schema.org","@graph":[{"@type":"WebPage","@id":"https:\/\/www.agrimprove.com\/pl\/produkt\/aromabiotic\/","url":"https:\/\/www.agrimprove.com\/pl\/produkt\/aromabiotic\/","name":"AROMABIOTIC\u00ae","isPartOf":{"@id":"https:\/\/www.agrimprove.com\/pl\/#website"},"primaryImageOfPage":{"@id":"https:\/\/www.agrimprove.com\/pl\/produkt\/aromabiotic\/#primaryimage"},"image":{"@id":"https:\/\/www.agrimprove.com\/pl\/produkt\/aromabiotic\/#primaryimage"},"thumbnailUrl":"https:\/\/www.agrimprove.com\/wp-content\/uploads\/2019\/09\/shutterstock_519329620_sized.jpg","datePublished":"2019-09-19T18:16:47+00:00","dateModified":"2021-10-12T12:56:22+00:00","breadcrumb":{"@id":"https:\/\/www.agrimprove.com\/pl\/produkt\/aromabiotic\/#breadcrumb"},"inLanguage":"pl-PL","potentialAction":[{"@type":"ReadAction","target":["https:\/\/www.agrimprove.com\/pl\/produkt\/aromabiotic\/"]}]},{"@type":"ImageObject","inLanguage":"pl-PL","@id":"https:\/\/www.agrimprove.com\/pl\/produkt\/aromabiotic\/#primaryimage","url":"https:\/\/www.agrimprove.com\/wp-content\/uploads\/2019\/09\/shutterstock_519329620_sized.jpg","contentUrl":"https:\/\/www.agrimprove.com\/wp-content\/uploads\/2019\/09\/shutterstock_519329620_sized.jpg","width":2560,"height":1707},{"@type":"BreadcrumbList","@id":"https:\/\/www.agrimprove.com\/pl\/produkt\/aromabiotic\/#breadcrumb","itemListElement":[{"@type":"ListItem","position":1,"name":"Home","item":"https:\/\/www.agrimprove.com\/pl\/"},{"@type":"ListItem","position":2,"name":"Nasze produkty","item":"https:\/\/www.agrimprove.com\/pl\/our-products\/"},{"@type":"ListItem","position":3,"name":"AROMABIOTIC\u00ae"}]},{"@type":"WebSite","@id":"https:\/\/www.agrimprove.com\/pl\/#website","url":"https:\/\/www.agrimprove.com\/pl\/","name":"Agrimprove","description":"We farm ideas","potentialAction":[{"@type":"SearchAction","target":{"@type":"EntryPoint","urlTemplate":"https:\/\/www.agrimprove.com\/pl\/?s={search_term_string}"},"query-input":{"@type":"PropertyValueSpecification","valueRequired":true,"valueName":"search_term_string"}}],"inLanguage":"pl-PL"}]}},"_links":{"self":[{"href":"https:\/\/www.agrimprove.com\/pl\/wp-json\/wp\/v2\/product\/14633","targetHints":{"allow":["GET"]}}],"collection":[{"href":"https:\/\/www.agrimprove.com\/pl\/wp-json\/wp\/v2\/product"}],"about":[{"href":"https:\/\/www.agrimprove.com\/pl\/wp-json\/wp\/v2\/types\/product"}],"wp:featuredmedia":[{"embeddable":true,"href":"https:\/\/www.agrimprove.com\/pl\/wp-json\/wp\/v2\/media\/14635"}],"wp:attachment":[{"href":"https:\/\/www.agrimprove.com\/pl\/wp-json\/wp\/v2\/media?parent=14633"}],"wp:term":[{"taxonomy":"product_brand","embeddable":true,"href":"https:\/\/www.agrimprove.com\/pl\/wp-json\/wp\/v2\/product_brand?post=14633"},{"taxonomy":"product_cat","embeddable":true,"href":"https:\/\/www.agrimprove.com\/pl\/wp-json\/wp\/v2\/product_cat?post=14633"},{"taxonomy":"product_tag","embeddable":true,"href":"https:\/\/www.agrimprove.com\/pl\/wp-json\/wp\/v2\/product_tag?post=14633"},{"taxonomy":"sector","embeddable":true,"href":"https:\/\/www.agrimprove.com\/pl\/wp-json\/wp\/v2\/sector?post=14633"},{"taxonomy":"country","embeddable":true,"href":"https:\/\/www.agrimprove.com\/pl\/wp-json\/wp\/v2\/country?post=14633"}],"curies":[{"name":"wp","href":"https:\/\/api.w.org\/{rel}","templated":true}]}}