{"id":14637,"date":"2019-09-20T10:18:08","date_gmt":"2019-09-20T10:18:08","guid":{"rendered":"https:\/\/www.agrimprove.com\/product\/aromabiotic-poultry\/"},"modified":"2021-12-21T09:50:06","modified_gmt":"2021-12-21T09:50:06","slug":"aromabiotic-poultry","status":"publish","type":"product","link":"https:\/\/www.agrimprove.com\/pl\/produkt\/aromabiotic-poultry\/","title":{"rendered":"AROMABIOTIC\u00ae POULTRY"},"content":{"rendered":"<section class=\"section section--gutenberg section--gutenberg-nomargin wp-block-columns\"><div class=\"container\">\n<div class=\"wp-block-columns product-main-columns is-layout-flex wp-container-core-columns-is-layout-9d6595d7 wp-block-columns-is-layout-flex\">\n<div class=\"wp-block-column is-layout-flow wp-block-column-is-layout-flow\" style=\"flex-basis:66.66%\">\n<h2 class=\"wp-block-heading\"><strong><strong><strong>Zdrowie jelit a op\u0142acalno\u015b\u0107 produkcji<\/strong><\/strong><\/strong><\/h2>\n\n\n\n<p>Od lat g\u0142\u00f3wnym celem firm zajmuj\u0105cych si\u0119 hodowl\u0105 brojler\u00f3w jest poprawa wynik\u00f3w produkcyjnych. Proces doskonalenia produkcji wywiera ogromny wp\u0142yw na zdrowie zwierz\u0105t, prowadz\u0105c do wzrostu cz\u0119stotliwo\u015bci wyst\u0119powania zaburze\u0144 metabolicznych. Dlatego zdrowie ptak\u00f3w, a konkretnie stan ich jelit, odgrywa wa\u017cn\u0105 rol\u0119 w uzyskaniu optymalnych wynik\u00f3w produkcyjnych.<\/p>\n\n\n\n<h2 class=\"wp-block-heading\"><strong><strong><strong>Wsparcie zdrowia i odporno\u015bci<\/strong><\/strong><\/strong><\/h2>\n\n\n\n<p>Od pierwszych dni \u017cycia piskl\u0119ta dorastaj\u0105 w \u015bci\u015ble okre\u015blonych warunkach. Ka\u017cdy Hodowca doskonale wie, jak istotnym jest utrzymanie w\u0142a\u015bciwych parametr\u00f3w w kurniku oraz przestrzeganie zasad biosekuracji.&nbsp; Niemniej jednak, ptaki stale nara\u017cone s\u0105 na kontakt z mikroorganizmami (tak\u017ce chorobotw\u00f3rczymi), kt\u00f3re mog\u0105 wyst\u0119powa\u0107 zar\u00f3wno w paszy, wodzie czy powietrzu lub mog\u0105 zosta\u0107 przeniesione przez obs\u0142ug\u0119 kurnika.<\/p>\n\n\n\n<p>Restrykcyjne przestrzeganie zasad zoohigieny oraz odpowiednio przeprowadzony program szczepie\u0144 pozwala minimalizowa\u0107 ryzyko wyst\u0105pienia chor\u00f3b w stadzie. Mo\u017cna jednak zrobi\u0107 wi\u0119cej, aby wesprze\u0107 zdrowie i odporno\u015b\u0107 stada, kt\u00f3re s\u0105 gwarantem uzyskania wysokiej jako\u015bci produktu finalnego oraz ekonomicznej stabilno\u015bci gospodarstwa. Dodawanie Aromabiotic Poultry do paszy ma pozytywny wp\u0142yw na mikroflor\u0119 i b\u0142on\u0119 \u015bluzow\u0105 jelit, co wp\u0142ywa korzystnie na dobrostan zwierz\u0105t oraz popraw\u0119 wynik\u00f3w produkcyjnych.<\/p>\n<\/div>\n\n\n\n<div class=\"wp-block-column is-layout-flow wp-block-column-is-layout-flow\" style=\"flex-basis:33.33%\"><div class=\"block block--benefits\">\n    <h3 class=\"block-title\">Korzy\u015bci ze stosowania  <span class=\"orange\"><\/span><\/h3>\n    <ul class=\"benefits\">\n                    <li>Stabilizacja flory jelitowej \r<\/li>\n                    <li>Poprawa FCR\r<\/li>\n                    <li>Lepsza jako\u015b\u0107 mi\u0119\u015bnia piersiowego<\/li>\n            <\/ul>\n<\/div>\n\n<div class=\"block block--productwhitepaper\">\n    <div class=\"inner\">\n                    <h3 class=\"block-title\">Chcesz pozna\u0107 wi\u0119cej szczeg\u00f3\u0142\u00f3w?<\/h3>\n        \n                        <button class=\"button button--primary  align-left\" id=''>skontaktuj si\u0119 z nami\n\n    \n    <\/button>\n\n            \n            \n            <\/div>\n<\/div>\n<style>\n    .block.block--productwhitepaper.align-center {\n        display: flex;\n        flex-direction: row;\n        justify-content: center;   \n    }\n\n    .block.block--productwhitepaper.align-right {\n        display: flex;\n        flex-direction: row;\n        justify-content: flex-end;   \n    }\n\n    .block.block--productwhitepaper.align-center .block-title {\n        text-align: center;\n    }\n\n    .block.block--productwhitepaper.align-right .block-title {\n        text-align: right;\n    }\n\n    .block.block--productwhitepaper .inner {\n        display: flex;\n        flex-direction: column;\n    }\n\n    .block.block--productwhitepaper .button.align-center {\n        margin-left: auto;\n        margin-right: auto;\n    }\n\n    .block.block--productwhitepaper .button.align-left {\n        margin-right: auto;\n    }\n\n    .block.block--productwhitepaper .button.align-right {\n        margin-left: auto;\n    }\n<\/style><\/div>\n<\/div>\n<\/div><\/section>\n\n\n<section id=\"agri-contact-tile-block_60d1ca36c17db\" class=\"section section--gutenberg agri-contact-tile\">\n    <div class=\"container\">\n        <div class=\"columns\">\n            \n                            <div class=\"column is-full is-10-tablet is-offset-1-tablet\">\n                                                <h2>Skontaktuj Si\u0119 Z Naszym Specjalist\u0105<\/h2>\n                    <p><\/p>\n                                <\/div>\n        <\/div>\n        <div class=\"columns\">\n                            <div class=\"column is-full\">\n                                            <div class=\"contact-tile-wrapper\">\n                    <div class=\"contact-tile  contact-tile--empty\">\n                                                <div class=\"content-01\">\n                            <div class=\"name\">S\u0142awomir  \u0141osi\u0144ski<\/div>\n                            <div class=\"function\">Key Account Manager <\/div>\n                        <\/div>\n                        <div class=\"content-02\">\n                                                        <div class=\"email\">\n                                <svg class='icon-before' xmlns=\"http:\/\/www.w3.org\/2000\/svg\" width=\"18.5\" height=\"13.643\" viewBox=\"0 0 18.5 13.643\">\n                                    <g data-name=\"streamline-icon-email-action-unread@24x24\" transform=\"translate(-0.75 -4)\">\n                                        <path d=\"M2.714,4.75H17.286A1.215,1.215,0,0,1,18.5,5.964v9.714a1.215,1.215,0,0,1-1.214,1.214H2.714A1.215,1.215,0,0,1,1.5,15.679V5.964A1.215,1.215,0,0,1,2.714,4.75Z\" fill=\"none\" stroke=\"#db8e17\" stroke-linecap=\"round\" stroke-linejoin=\"round\" stroke-width=\"1.5\"\/>\n                                        <path d=\"M18.161,5.3,11.62,11.564a2.255,2.255,0,0,1-3.24,0L1.839,5.3\" transform=\"translate(0)\" fill=\"none\" stroke=\"#db8e17\" stroke-linecap=\"round\" stroke-linejoin=\"round\" stroke-width=\"1.5\"\/>\n                                    <\/g>\n                                <\/svg>\n                                <a href=\"mailto:s.losinski@agrifirm.com\">s.losinski@agrifirm.com<\/a>\n                                <svg class='icon-after' width=\"12px\" height=\"11px\" viewBox=\"0 0 12 11\" version=\"1.1\" xmlns=\"http:\/\/www.w3.org\/2000\/svg\" xmlns:xlink=\"http:\/\/www.w3.org\/1999\/xlink\">\n                                    <g stroke=\"none\" stroke-width=\"1\" fill=\"none\" fill-rule=\"evenodd\">\n                                        <g transform=\"translate(-285.000000, -4382.000000)\" stroke=\"#CC8A00\" stroke-width=\"2\">\n                                            <g transform=\"translate(16.000000, 4233.000000)\">\n                                                <g transform=\"translate(16.600505, 144.000000)\">\n                                                    <g transform=\"translate(252.399495, 6.000000)\">\n                                                        <polyline transform=\"translate(5.384615, 4.615385) rotate(135.000000) translate(-5.384615, -4.615385) \" points=\"2.30769231 7.69230769 2.30769231 1.53846154 8.46153846 1.53846154\"><\/polyline>\n                                                        <line x1=\"0\" y1=\"4.61538462\" x2=\"9.23076923\" y2=\"4.61538462\"><\/line>\n                                                    <\/g>\n                                                <\/g>\n                                            <\/g>\n                                        <\/g>\n                                    <\/g>\n                                <\/svg>\n                            <\/div>\n                                                                                    <div class=\"telephone\">\n                                <svg class='icon-before' xmlns=\"http:\/\/www.w3.org\/2000\/svg\" width=\"20.293\" height=\"20.296\" viewBox=\"0 0 20.293 20.296\">\n                                    <g data-name=\"streamline-icon-phone@24x24\" transform=\"translate(0.156 0.127)\">\n                                         <path d=\"M12.5,18.545l.01.006a4.549,4.549,0,0,0,5.66-.621l.636-.636a1.518,1.518,0,0,0,0-2.145l-2.681-2.68a1.518,1.518,0,0,0-2.145,0h0a1.515,1.515,0,0,1-2.143,0l0,0L7.545,8.177a1.518,1.518,0,0,1,0-2.145h0a1.515,1.515,0,0,0,0-2.143l0,0L4.864,1.2a1.518,1.518,0,0,0-2.145,0l-.636.636A4.551,4.551,0,0,0,1.461,7.5l.007.01A41.056,41.056,0,0,0,12.5,18.545Z\" transform=\"translate(0)\" fill=\"none\" stroke=\"#db8e17\" stroke-linecap=\"round\" stroke-linejoin=\"round\" stroke-width=\"1.5\"\/>\n                                    <\/g>\n                                <\/svg>\n                                <a href=\"tel:+48 532 859 641\">+48 532 859 641<\/a>\n                                <svg class='icon-after' width=\"12px\" height=\"11px\" viewBox=\"0 0 12 11\" version=\"1.1\" xmlns=\"http:\/\/www.w3.org\/2000\/svg\" xmlns:xlink=\"http:\/\/www.w3.org\/1999\/xlink\">\n                                    <g stroke=\"none\" stroke-width=\"1\" fill=\"none\" fill-rule=\"evenodd\">\n                                        <g transform=\"translate(-285.000000, -4382.000000)\" stroke=\"#CC8A00\" stroke-width=\"2\">\n                                            <g transform=\"translate(16.000000, 4233.000000)\">\n                                                <g transform=\"translate(16.600505, 144.000000)\">\n                                                    <g transform=\"translate(252.399495, 6.000000)\">\n                                                        <polyline transform=\"translate(5.384615, 4.615385) rotate(135.000000) translate(-5.384615, -4.615385) \" points=\"2.30769231 7.69230769 2.30769231 1.53846154 8.46153846 1.53846154\"><\/polyline>\n                                                        <line x1=\"0\" y1=\"4.61538462\" x2=\"9.23076923\" y2=\"4.61538462\"><\/line>\n                                                    <\/g>\n                                                <\/g>\n                                            <\/g>\n                                        <\/g>\n                                    <\/g>\n                                <\/svg>\n                            <\/div>\n                            \n                                                    <\/div>\n                    <\/div>\n                <\/div>\n                            <\/div>\n        <\/div>\n    <\/div>\n<\/section>\n\n\n\n<section id=\"agri-gallery-block_5d83b38d67b2a\" class=\"section section--gutenberg agri-gallery\">\n    <div class=\"container\">\n        <div class=\"columns\">\n            <div class=\"column\">\n            <div class='gallery-slider-wrapper'><div class='gallery-slider block-gallery-slider'><div class=\"gallery-slide\"><a href=\"https:\/\/www.agrimprove.com\/wp-content\/uploads\/2019\/09\/vleespluimvee-vleeskuikens-oudere-kuikens-bij-voerlijn-origineel-1440x648.jpg\" data-caption=\"\"><img decoding=\"async\" src=\"https:\/\/www.agrimprove.com\/wp-content\/uploads\/2019\/09\/vleespluimvee-vleeskuikens-oudere-kuikens-bij-voerlijn-origineel-375x375.jpg\" alt=\"\"><\/a><\/div><div class=\"gallery-slide\"><a href=\"https:\/\/www.agrimprove.com\/wp-content\/uploads\/2019\/09\/Poultry-meat-processing--1440x961.jpg\" data-caption=\"\"><img decoding=\"async\" src=\"https:\/\/www.agrimprove.com\/wp-content\/uploads\/2019\/09\/Poultry-meat-processing--375x375.jpg\" alt=\"\"><\/a><\/div><div class=\"gallery-slide\"><a href=\"https:\/\/www.agrimprove.com\/wp-content\/uploads\/2019\/09\/Poultry-lab-test-2-e1568976643564-1440x666.jpg\" data-caption=\"\"><img decoding=\"async\" src=\"https:\/\/www.agrimprove.com\/wp-content\/uploads\/2019\/09\/Poultry-lab-test-2-e1568976643564-375x375.jpg\" alt=\"\"><\/a><\/div><div class=\"gallery-slide\"><a href=\"https:\/\/www.agrimprove.com\/wp-content\/uploads\/2019\/09\/Meat-store-deciding-1440x861.jpg\" data-caption=\"\"><img decoding=\"async\" src=\"https:\/\/www.agrimprove.com\/wp-content\/uploads\/2019\/09\/Meat-store-deciding-375x375.jpg\" alt=\"\"><\/a><\/div><\/div><\/div>            <\/div>\n        <\/div>\n    <\/div>\n<\/section> \n\n\n\n<section id=\"agri-quote-block_60d2e07d2321e\" class=\"section section--gutenberg  agri-quote\">\n    <div class=\"container\">\n        <div class=\"block block--cta\">\n            <div class=\"columns\">\n                <div class=\"column is-10-tablet is-offset-1-tablet\">\n                    <div class=\"block--cta__body\"><h2><span style=\"font-family: alegreya, sans-serif; font-size: 20px;\"><span class=\"TextRun SCXW108285018 BCX0\" lang=\"PL-PL\" xml:lang=\"PL-PL\" data-contrast=\"auto\"><span class=\"NormalTextRun SCXW108285018 BCX0\">Chcesz pozna\u0107 wi\u0119cej szczeg\u00f3\u0142\u00f3w?<\/span><\/span><span class=\"EOP SCXW108285018 BCX0\" data-ccp-props=\"{&quot;201341983&quot;:0,&quot;335559739&quot;:160,&quot;335559740&quot;:259}\">\u00a0<\/span><\/span><\/h2>\n<p><span style=\"font-family: alegreya, sans-serif;\">Zostaw nam wiadomo\u015b\u0107 lub skontaktuj si\u0119 z lokalnym ekspertem Agrimprove.<br \/>\nOdezwiemy si\u0119 do Ciebie z bardziej szczeg\u00f3\u0142owymi informacjami.<\/span><\/p>\n<\/div>\n                \n                    <div class=\"block--cta__button\">\n                        <a href=\"https:\/\/www.agrimprove.com\/pl\/contact-us\/\" target=\"_self\" class=\"button button--primary button--arrow\">Napisz do nas!                            <div class=\"arrow\">\n                                <svg viewBox=\"0 0 12 11\" version=\"1.1\" xmlns=\"http:\/\/www.w3.org\/2000\/svg\" xmlns:xlink=\"http:\/\/www.w3.org\/1999\/xlink\">\n                                    <g stroke=\"none\" stroke-width=\"1\" fill=\"none\" fill-rule=\"evenodd\">\n                                        <g transform=\"translate(-333.000000, -364.000000)\" stroke=\"currentColor\" stroke-width=\"2\">\n                                            <g transform=\"translate(16.000000, 346.000000)\">\n                                                <g transform=\"translate(317.000000, 19.000000)\">\n                                                    <polyline transform=\"translate(5.384615, 4.615385) rotate(135.000000) translate(-5.384615, -4.615385) \" points=\"2.30769231 7.69230769 2.30769231 1.53846154 8.46153846 1.53846154\"><\/polyline>\n                                                    <line x1=\"0\" y1=\"4.61538462\" x2=\"9.23076923\" y2=\"4.61538462\"><\/line>\n                                                <\/g>\n                                            <\/g>\n                                        <\/g>\n                                    <\/g>\n                                <\/svg>\n                            <\/div>\n                        <\/a>\n                    <\/div>\n\n                                    <\/div>\n            <\/div>\n        <\/div>\n    <\/div>\n<\/section>","protected":false},"excerpt":{"rendered":"<p><span class=\"TextRun SCXW156432736 BCX0\" lang=\"PL-PL\" xml:lang=\"PL-PL\" data-contrast=\"auto\"><span class=\"NormalTextRun SCXW156432736 BCX0\">Dodatek bilansuj\u0105cy\u00a0<\/span><\/span><span class=\"EOP SCXW156432736 BCX0\" data-ccp-props=\"{\">\u00a0<\/span><\/p>\n","protected":false},"featured_media":14638,"template":"","meta":{"_acf_changed":false},"product_brand":[],"product_cat":[3704,3709],"product_tag":[3972],"sector":[3969],"country":[],"class_list":{"0":"post-14637","1":"product","2":"type-product","3":"status-publish","4":"has-post-thumbnail","6":"product_cat-health-pl","7":"product_cat-antibiotics-replacement-pl","8":"product_tag-dodatek-bilansujacy","9":"sector-piskleta","11":"first","12":"instock","13":"shipping-taxable","14":"product-type-simple"},"acf":[],"yoast_head":"<!-- This site is optimized with the Yoast SEO plugin v26.9 - https:\/\/yoast.com\/product\/yoast-seo-wordpress\/ -->\n<title>AROMABIOTIC\u00ae POULTRY<\/title>\n<meta name=\"robots\" content=\"index, follow, max-snippet:-1, max-image-preview:large, max-video-preview:-1\" \/>\n<link rel=\"canonical\" href=\"https:\/\/www.agrimprove.com\/pl\/produkt\/aromabiotic-poultry\/\" \/>\n<meta property=\"og:locale\" content=\"pl_PL\" \/>\n<meta property=\"og:type\" content=\"article\" \/>\n<meta property=\"og:title\" content=\"AROMABIOTIC\u00ae POULTRY\" \/>\n<meta property=\"og:description\" content=\"Dodatek bilansuj\u0105cy\u00a0\u00a0\" \/>\n<meta property=\"og:url\" content=\"https:\/\/www.agrimprove.com\/pl\/produkt\/aromabiotic-poultry\/\" \/>\n<meta property=\"og:site_name\" content=\"Agrimprove\" \/>\n<meta property=\"article:publisher\" content=\"https:\/\/www.facebook.com\/Agrimprove-107026970835037\" \/>\n<meta property=\"article:modified_time\" content=\"2021-12-21T09:50:06+00:00\" \/>\n<meta property=\"og:image\" content=\"https:\/\/www.agrimprove.com\/wp-content\/uploads\/2019\/09\/vleespluimvee-vleeskuikens-groepje-kuikens-origineel.jpg\" \/>\n\t<meta property=\"og:image:width\" content=\"1766\" \/>\n\t<meta property=\"og:image:height\" content=\"1179\" \/>\n\t<meta property=\"og:image:type\" content=\"image\/jpeg\" \/>\n<meta name=\"twitter:card\" content=\"summary_large_image\" \/>\n<meta name=\"twitter:label1\" content=\"Szacowany czas czytania\" \/>\n\t<meta name=\"twitter:data1\" content=\"1 minuta\" \/>\n<script type=\"application\/ld+json\" class=\"yoast-schema-graph\">{\"@context\":\"https:\/\/schema.org\",\"@graph\":[{\"@type\":\"WebPage\",\"@id\":\"https:\/\/www.agrimprove.com\/pl\/produkt\/aromabiotic-poultry\/\",\"url\":\"https:\/\/www.agrimprove.com\/pl\/produkt\/aromabiotic-poultry\/\",\"name\":\"AROMABIOTIC\u00ae POULTRY\",\"isPartOf\":{\"@id\":\"https:\/\/www.agrimprove.com\/pl\/#website\"},\"primaryImageOfPage\":{\"@id\":\"https:\/\/www.agrimprove.com\/pl\/produkt\/aromabiotic-poultry\/#primaryimage\"},\"image\":{\"@id\":\"https:\/\/www.agrimprove.com\/pl\/produkt\/aromabiotic-poultry\/#primaryimage\"},\"thumbnailUrl\":\"https:\/\/www.agrimprove.com\/wp-content\/uploads\/2019\/09\/vleespluimvee-vleeskuikens-groepje-kuikens-origineel.jpg\",\"datePublished\":\"2019-09-20T10:18:08+00:00\",\"dateModified\":\"2021-12-21T09:50:06+00:00\",\"breadcrumb\":{\"@id\":\"https:\/\/www.agrimprove.com\/pl\/produkt\/aromabiotic-poultry\/#breadcrumb\"},\"inLanguage\":\"pl-PL\",\"potentialAction\":[{\"@type\":\"ReadAction\",\"target\":[\"https:\/\/www.agrimprove.com\/pl\/produkt\/aromabiotic-poultry\/\"]}]},{\"@type\":\"ImageObject\",\"inLanguage\":\"pl-PL\",\"@id\":\"https:\/\/www.agrimprove.com\/pl\/produkt\/aromabiotic-poultry\/#primaryimage\",\"url\":\"https:\/\/www.agrimprove.com\/wp-content\/uploads\/2019\/09\/vleespluimvee-vleeskuikens-groepje-kuikens-origineel.jpg\",\"contentUrl\":\"https:\/\/www.agrimprove.com\/wp-content\/uploads\/2019\/09\/vleespluimvee-vleeskuikens-groepje-kuikens-origineel.jpg\",\"width\":1766,\"height\":1179,\"caption\":\"Een groep vleeskuikens A group of broilers\"},{\"@type\":\"BreadcrumbList\",\"@id\":\"https:\/\/www.agrimprove.com\/pl\/produkt\/aromabiotic-poultry\/#breadcrumb\",\"itemListElement\":[{\"@type\":\"ListItem\",\"position\":1,\"name\":\"Home\",\"item\":\"https:\/\/www.agrimprove.com\/pl\/\"},{\"@type\":\"ListItem\",\"position\":2,\"name\":\"Nasze produkty\",\"item\":\"https:\/\/www.agrimprove.com\/pl\/our-products\/\"},{\"@type\":\"ListItem\",\"position\":3,\"name\":\"AROMABIOTIC\u00ae POULTRY\"}]},{\"@type\":\"WebSite\",\"@id\":\"https:\/\/www.agrimprove.com\/pl\/#website\",\"url\":\"https:\/\/www.agrimprove.com\/pl\/\",\"name\":\"Agrimprove\",\"description\":\"We farm ideas\",\"potentialAction\":[{\"@type\":\"SearchAction\",\"target\":{\"@type\":\"EntryPoint\",\"urlTemplate\":\"https:\/\/www.agrimprove.com\/pl\/?s={search_term_string}\"},\"query-input\":{\"@type\":\"PropertyValueSpecification\",\"valueRequired\":true,\"valueName\":\"search_term_string\"}}],\"inLanguage\":\"pl-PL\"}]}<\/script>\n<!-- \/ Yoast SEO plugin. -->","yoast_head_json":{"title":"AROMABIOTIC\u00ae POULTRY","robots":{"index":"index","follow":"follow","max-snippet":"max-snippet:-1","max-image-preview":"max-image-preview:large","max-video-preview":"max-video-preview:-1"},"canonical":"https:\/\/www.agrimprove.com\/pl\/produkt\/aromabiotic-poultry\/","og_locale":"pl_PL","og_type":"article","og_title":"AROMABIOTIC\u00ae POULTRY","og_description":"Dodatek bilansuj\u0105cy\u00a0\u00a0","og_url":"https:\/\/www.agrimprove.com\/pl\/produkt\/aromabiotic-poultry\/","og_site_name":"Agrimprove","article_publisher":"https:\/\/www.facebook.com\/Agrimprove-107026970835037","article_modified_time":"2021-12-21T09:50:06+00:00","og_image":[{"width":1766,"height":1179,"url":"https:\/\/www.agrimprove.com\/wp-content\/uploads\/2019\/09\/vleespluimvee-vleeskuikens-groepje-kuikens-origineel.jpg","type":"image\/jpeg"}],"twitter_card":"summary_large_image","twitter_misc":{"Szacowany czas czytania":"1 minuta"},"schema":{"@context":"https:\/\/schema.org","@graph":[{"@type":"WebPage","@id":"https:\/\/www.agrimprove.com\/pl\/produkt\/aromabiotic-poultry\/","url":"https:\/\/www.agrimprove.com\/pl\/produkt\/aromabiotic-poultry\/","name":"AROMABIOTIC\u00ae POULTRY","isPartOf":{"@id":"https:\/\/www.agrimprove.com\/pl\/#website"},"primaryImageOfPage":{"@id":"https:\/\/www.agrimprove.com\/pl\/produkt\/aromabiotic-poultry\/#primaryimage"},"image":{"@id":"https:\/\/www.agrimprove.com\/pl\/produkt\/aromabiotic-poultry\/#primaryimage"},"thumbnailUrl":"https:\/\/www.agrimprove.com\/wp-content\/uploads\/2019\/09\/vleespluimvee-vleeskuikens-groepje-kuikens-origineel.jpg","datePublished":"2019-09-20T10:18:08+00:00","dateModified":"2021-12-21T09:50:06+00:00","breadcrumb":{"@id":"https:\/\/www.agrimprove.com\/pl\/produkt\/aromabiotic-poultry\/#breadcrumb"},"inLanguage":"pl-PL","potentialAction":[{"@type":"ReadAction","target":["https:\/\/www.agrimprove.com\/pl\/produkt\/aromabiotic-poultry\/"]}]},{"@type":"ImageObject","inLanguage":"pl-PL","@id":"https:\/\/www.agrimprove.com\/pl\/produkt\/aromabiotic-poultry\/#primaryimage","url":"https:\/\/www.agrimprove.com\/wp-content\/uploads\/2019\/09\/vleespluimvee-vleeskuikens-groepje-kuikens-origineel.jpg","contentUrl":"https:\/\/www.agrimprove.com\/wp-content\/uploads\/2019\/09\/vleespluimvee-vleeskuikens-groepje-kuikens-origineel.jpg","width":1766,"height":1179,"caption":"Een groep vleeskuikens A group of broilers"},{"@type":"BreadcrumbList","@id":"https:\/\/www.agrimprove.com\/pl\/produkt\/aromabiotic-poultry\/#breadcrumb","itemListElement":[{"@type":"ListItem","position":1,"name":"Home","item":"https:\/\/www.agrimprove.com\/pl\/"},{"@type":"ListItem","position":2,"name":"Nasze produkty","item":"https:\/\/www.agrimprove.com\/pl\/our-products\/"},{"@type":"ListItem","position":3,"name":"AROMABIOTIC\u00ae POULTRY"}]},{"@type":"WebSite","@id":"https:\/\/www.agrimprove.com\/pl\/#website","url":"https:\/\/www.agrimprove.com\/pl\/","name":"Agrimprove","description":"We farm ideas","potentialAction":[{"@type":"SearchAction","target":{"@type":"EntryPoint","urlTemplate":"https:\/\/www.agrimprove.com\/pl\/?s={search_term_string}"},"query-input":{"@type":"PropertyValueSpecification","valueRequired":true,"valueName":"search_term_string"}}],"inLanguage":"pl-PL"}]}},"_links":{"self":[{"href":"https:\/\/www.agrimprove.com\/pl\/wp-json\/wp\/v2\/product\/14637","targetHints":{"allow":["GET"]}}],"collection":[{"href":"https:\/\/www.agrimprove.com\/pl\/wp-json\/wp\/v2\/product"}],"about":[{"href":"https:\/\/www.agrimprove.com\/pl\/wp-json\/wp\/v2\/types\/product"}],"wp:featuredmedia":[{"embeddable":true,"href":"https:\/\/www.agrimprove.com\/pl\/wp-json\/wp\/v2\/media\/14638"}],"wp:attachment":[{"href":"https:\/\/www.agrimprove.com\/pl\/wp-json\/wp\/v2\/media?parent=14637"}],"wp:term":[{"taxonomy":"product_brand","embeddable":true,"href":"https:\/\/www.agrimprove.com\/pl\/wp-json\/wp\/v2\/product_brand?post=14637"},{"taxonomy":"product_cat","embeddable":true,"href":"https:\/\/www.agrimprove.com\/pl\/wp-json\/wp\/v2\/product_cat?post=14637"},{"taxonomy":"product_tag","embeddable":true,"href":"https:\/\/www.agrimprove.com\/pl\/wp-json\/wp\/v2\/product_tag?post=14637"},{"taxonomy":"sector","embeddable":true,"href":"https:\/\/www.agrimprove.com\/pl\/wp-json\/wp\/v2\/sector?post=14637"},{"taxonomy":"country","embeddable":true,"href":"https:\/\/www.agrimprove.com\/pl\/wp-json\/wp\/v2\/country?post=14637"}],"curies":[{"name":"wp","href":"https:\/\/api.w.org\/{rel}","templated":true}]}}