{"id":14644,"date":"2019-09-20T03:40:54","date_gmt":"2019-09-20T03:40:54","guid":{"rendered":"https:\/\/www.agrimprove.com\/product\/eubisol\/"},"modified":"2021-11-04T15:35:28","modified_gmt":"2021-11-04T15:35:28","slug":"eubisol","status":"publish","type":"product","link":"https:\/\/www.agrimprove.com\/pl\/produkt\/eubisol\/","title":{"rendered":"EUBISOL"},"content":{"rendered":"<section class=\"section section--gutenberg section--gutenberg-nomargin wp-block-columns\"><div class=\"container\">\n<div class=\"wp-block-columns product-main-columns is-layout-flex wp-container-core-columns-is-layout-9d6595d7 wp-block-columns-is-layout-flex\">\n<div class=\"wp-block-column is-layout-flow wp-block-column-is-layout-flow\" style=\"flex-basis:66.66%\">\n<h2 class=\"wp-block-heading\"><strong><strong><strong>Czy to wystarczy?<\/strong><\/strong><\/strong><\/h2>\n\n\n\n<p>W praktyce ka\u017cde gospodarstwo jest inne. R\u00f3\u017cne s\u0105 jego potrzeby i indywidualne wyzwania, z kt\u00f3rymi musi si\u0119 mierzy\u0107. W cyklu produkcyjnym na zwierz\u0119ta oddzia\u0142uje szereg czynnik\u00f3w i niezb\u0119dnym jest ustalenie indywidualnego planu dzia\u0142ania, kt\u00f3ry mo\u017cliwie jak najskuteczniej zminimalizuje potencjalne zagro\u017cenia.<\/p>\n\n\n\n<h2 class=\"wp-block-heading\"><strong><strong><strong>dodatek do linii pojenia<\/strong><\/strong><\/strong><\/h2>\n\n\n\n<p>Tu z pomoc\u0105 przychodzi Eubisol \u2013 dodatek do linii pojenia dla drobiu i trzody chlewnej. To preparat stworzony na bazie oryginalnych \u015brednio \u0142a\u0144cuchowych kwas\u00f3w t\u0142uszczowych (MCFA). Po\u0142\u0105czenie MCFA z konkretnymi kwasami organicznymi zosta\u0142o opracowane specjalnie pod k\u0105tem podawania do linii pojenia. Wsp\u00f3\u0142dzia\u0142anie pomi\u0119dzy r\u00f3\u017cnymi \u015brednio \u0142a\u0144cuchowymi kwasami t\u0142uszczowymi (MCFA) zapewnia szerokie spektrum ochrony przed bakteriami G+ i G- (E.coli, Salmonella), wspiera system immunologiczny w walce z wirusami oraz pozytywnie wp\u0142ywa na mikroflor\u0119 przewodu pokarmowego.<\/p>\n\n\n\n<p><\/p>\n<\/div>\n\n\n\n<div class=\"wp-block-column is-layout-flow wp-block-column-is-layout-flow\" style=\"flex-basis:33.33%\"><div class=\"block block--benefits\">\n    <h3 class=\"block-title\">Korzy\u015bci ze stosowania  <span class=\"orange\"><\/span><\/h3>\n    <ul class=\"benefits\">\n                    <li>Dzia\u0142a antybakteryjnie zar\u00f3wno w wodzie jak i w organizmie zwierz\u0105t\r<\/li>\n                    <li>Wspomaga odporno\u015b\u0107\r<\/li>\n                    <li>Poprawia struktur\u0119 i mikroflor\u0119 przewodu pokarmowego<\/li>\n            <\/ul>\n<\/div>\n\n<div class=\"block block--productwhitepaper\">\n    <div class=\"inner\">\n                    <h3 class=\"block-title\">Chcesz pozna\u0107 wi\u0119cej szczeg\u00f3\u0142\u00f3w?<\/h3>\n        \n                        <button class=\"button button--primary  align-left\" id=''>skontaktuj si\u0119 z nami\n\n    \n    <\/button>\n\n            \n            \n            <\/div>\n<\/div>\n<style>\n    .block.block--productwhitepaper.align-center {\n        display: flex;\n        flex-direction: row;\n        justify-content: center;   \n    }\n\n    .block.block--productwhitepaper.align-right {\n        display: flex;\n        flex-direction: row;\n        justify-content: flex-end;   \n    }\n\n    .block.block--productwhitepaper.align-center .block-title {\n        text-align: center;\n    }\n\n    .block.block--productwhitepaper.align-right .block-title {\n        text-align: right;\n    }\n\n    .block.block--productwhitepaper .inner {\n        display: flex;\n        flex-direction: column;\n    }\n\n    .block.block--productwhitepaper .button.align-center {\n        margin-left: auto;\n        margin-right: auto;\n    }\n\n    .block.block--productwhitepaper .button.align-left {\n        margin-right: auto;\n    }\n\n    .block.block--productwhitepaper .button.align-right {\n        margin-left: auto;\n    }\n<\/style><\/div>\n<\/div>\n<\/div><\/section>\n\n\n<section id=\"agri-contact-tile-block_60d1ca36c17db\" class=\"section section--gutenberg agri-contact-tile\">\n    <div class=\"container\">\n        <div class=\"columns\">\n            \n                            <div class=\"column is-full is-10-tablet is-offset-1-tablet\">\n                                                <h2>Tw\u00f3j ekspert Agrimprove<\/h2>\n                    <p><\/p>\n                                <\/div>\n        <\/div>\n        <div class=\"columns\">\n                            <div class=\"column is-full\">\n                                        <\/div>\n        <\/div>\n    <\/div>\n<\/section>\n\n\n\n<section id=\"agri-gallery-block_5d83b38d67b2a\" class=\"section section--gutenberg agri-gallery\">\n    <div class=\"container\">\n        <div class=\"columns\">\n            <div class=\"column\">\n            <div class='gallery-slider-wrapper'><div class='gallery-slider block-gallery-slider'><div class=\"gallery-slide\"><a href=\"https:\/\/www.agrimprove.com\/wp-content\/uploads\/2019\/09\/Pigs-guided-to-truck-farmer-in-background-1440x960.jpg\" data-caption=\"\"><img decoding=\"async\" src=\"https:\/\/www.agrimprove.com\/wp-content\/uploads\/2019\/09\/Pigs-guided-to-truck-farmer-in-background-375x375.jpg\" alt=\"Group of pigs in a livestock facility, illustrating herd health management and strategies to control E. coli infections.\"><\/a><\/div><div class=\"gallery-slide\"><a href=\"https:\/\/www.agrimprove.com\/wp-content\/uploads\/2019\/09\/Pigs-drinking-water-1440x961.jpg\" data-caption=\"\"><img decoding=\"async\" src=\"https:\/\/www.agrimprove.com\/wp-content\/uploads\/2019\/09\/Pigs-drinking-water-375x375.jpg\" alt=\"\"><\/a><\/div><div class=\"gallery-slide\"><a href=\"https:\/\/www.agrimprove.com\/wp-content\/uploads\/2019\/09\/vleespluimvee-vleeskuikens-automatische-drinkbak-origineel-1440x958.jpg\" data-caption=\"\"><img decoding=\"async\" src=\"https:\/\/www.agrimprove.com\/wp-content\/uploads\/2019\/09\/vleespluimvee-vleeskuikens-automatische-drinkbak-origineel-375x375.jpg\" alt=\"\"><\/a><\/div><div class=\"gallery-slide\"><a href=\"https:\/\/www.agrimprove.com\/wp-content\/uploads\/2019\/09\/Poultry-dinner-people-1440x961.jpg\" data-caption=\"\"><img decoding=\"async\" src=\"https:\/\/www.agrimprove.com\/wp-content\/uploads\/2019\/09\/Poultry-dinner-people-375x375.jpg\" alt=\"\"><\/a><\/div><\/div><\/div>            <\/div>\n        <\/div>\n    <\/div>\n<\/section> \n\n\n\n<section id=\"agri-quote-block_60d2e07d2321e\" class=\"section section--gutenberg  agri-quote\">\n    <div class=\"container\">\n        <div class=\"block block--cta\">\n            <div class=\"columns\">\n                <div class=\"column is-10-tablet is-offset-1-tablet\">\n                    <div class=\"block--cta__body\"><h2><span style=\"font-family: alegreya, sans-serif; font-size: 20px;\">Chcesz pozna\u0107 wi\u0119cej szczeg\u00f3\u0142\u00f3w?<\/span><\/h2>\n<p><span style=\"font-family: alegreya, sans-serif;\">Zostaw nam wiadomo\u015b\u0107 lub skontaktuj si\u0119 z lokalnym ekspertem Agrimprove.<br \/>\nOdezwiemy si\u0119 do Ciebie z bardziej szczeg\u00f3\u0142owymi informacjami.<\/span><\/p>\n<\/div>\n                \n                    <div class=\"block--cta__button\">\n                        <a href=\"https:\/\/www.agrimprove.com\/pl\/contact-us\/\" target=\"_self\" class=\"button button--primary button--arrow\">Napisz do nas!                             <div class=\"arrow\">\n                                <svg viewBox=\"0 0 12 11\" version=\"1.1\" xmlns=\"http:\/\/www.w3.org\/2000\/svg\" xmlns:xlink=\"http:\/\/www.w3.org\/1999\/xlink\">\n                                    <g stroke=\"none\" stroke-width=\"1\" fill=\"none\" fill-rule=\"evenodd\">\n                                        <g transform=\"translate(-333.000000, -364.000000)\" stroke=\"currentColor\" stroke-width=\"2\">\n                                            <g transform=\"translate(16.000000, 346.000000)\">\n                                                <g transform=\"translate(317.000000, 19.000000)\">\n                                                    <polyline transform=\"translate(5.384615, 4.615385) rotate(135.000000) translate(-5.384615, -4.615385) \" points=\"2.30769231 7.69230769 2.30769231 1.53846154 8.46153846 1.53846154\"><\/polyline>\n                                                    <line x1=\"0\" y1=\"4.61538462\" x2=\"9.23076923\" y2=\"4.61538462\"><\/line>\n                                                <\/g>\n                                            <\/g>\n                                        <\/g>\n                                    <\/g>\n                                <\/svg>\n                            <\/div>\n                        <\/a>\n                    <\/div>\n\n                                    <\/div>\n            <\/div>\n        <\/div>\n    <\/div>\n<\/section>","protected":false},"excerpt":{"rendered":"<p><span class=\"TextRun SCXW105293530 BCX0\" lang=\"PL-PL\" xml:lang=\"PL-PL\" data-contrast=\"auto\"><span class=\"NormalTextRun SCXW105293530 BCX0\">Dodatek do linii pojenia d<\/span><span class=\"NormalTextRun SCXW105293530 BCX0\">la drobiu i trzody chlewnej<\/span><\/span><span class=\"EOP SCXW105293530 BCX0\" data-ccp-props=\"{\">\u00a0<\/span><\/p>\n","protected":false},"featured_media":14645,"template":"","meta":{"_acf_changed":false},"product_brand":[],"product_cat":[3719],"product_tag":[],"sector":[3969,3992],"country":[],"class_list":{"0":"post-14644","1":"product","2":"type-product","3":"status-publish","4":"has-post-thumbnail","6":"product_cat-feed-safety-pl","7":"sector-piskleta","8":"sector-prosieta-pl","10":"first","11":"instock","12":"shipping-taxable","13":"product-type-simple"},"acf":[],"yoast_head":"<!-- This site is optimized with the Yoast SEO plugin v26.9 - https:\/\/yoast.com\/product\/yoast-seo-wordpress\/ -->\n<title>EUBISOL<\/title>\n<meta name=\"robots\" content=\"index, follow, max-snippet:-1, max-image-preview:large, max-video-preview:-1\" \/>\n<link rel=\"canonical\" href=\"https:\/\/www.agrimprove.com\/pl\/produkt\/eubisol\/\" \/>\n<meta property=\"og:locale\" content=\"pl_PL\" \/>\n<meta property=\"og:type\" content=\"article\" \/>\n<meta property=\"og:title\" content=\"EUBISOL\" \/>\n<meta property=\"og:description\" content=\"Dodatek do linii pojenia dla drobiu i trzody chlewnej\u00a0\" \/>\n<meta property=\"og:url\" content=\"https:\/\/www.agrimprove.com\/pl\/produkt\/eubisol\/\" \/>\n<meta property=\"og:site_name\" content=\"Agrimprove\" \/>\n<meta property=\"article:publisher\" content=\"https:\/\/www.facebook.com\/Agrimprove-107026970835037\" \/>\n<meta property=\"article:modified_time\" content=\"2021-11-04T15:35:28+00:00\" \/>\n<meta property=\"og:image\" content=\"https:\/\/www.agrimprove.com\/wp-content\/uploads\/2019\/09\/Eubisol_mixture-e1568951235633.png\" \/>\n\t<meta property=\"og:image:width\" content=\"1646\" \/>\n\t<meta property=\"og:image:height\" content=\"920\" \/>\n\t<meta property=\"og:image:type\" content=\"image\/png\" \/>\n<meta name=\"twitter:card\" content=\"summary_large_image\" \/>\n<meta name=\"twitter:label1\" content=\"Szacowany czas czytania\" \/>\n\t<meta name=\"twitter:data1\" content=\"1 minuta\" \/>\n<script type=\"application\/ld+json\" class=\"yoast-schema-graph\">{\"@context\":\"https:\/\/schema.org\",\"@graph\":[{\"@type\":\"WebPage\",\"@id\":\"https:\/\/www.agrimprove.com\/pl\/produkt\/eubisol\/\",\"url\":\"https:\/\/www.agrimprove.com\/pl\/produkt\/eubisol\/\",\"name\":\"EUBISOL\",\"isPartOf\":{\"@id\":\"https:\/\/www.agrimprove.com\/pl\/#website\"},\"primaryImageOfPage\":{\"@id\":\"https:\/\/www.agrimprove.com\/pl\/produkt\/eubisol\/#primaryimage\"},\"image\":{\"@id\":\"https:\/\/www.agrimprove.com\/pl\/produkt\/eubisol\/#primaryimage\"},\"thumbnailUrl\":\"https:\/\/www.agrimprove.com\/wp-content\/uploads\/2019\/09\/Eubisol_mixture-e1568951235633.png\",\"datePublished\":\"2019-09-20T03:40:54+00:00\",\"dateModified\":\"2021-11-04T15:35:28+00:00\",\"breadcrumb\":{\"@id\":\"https:\/\/www.agrimprove.com\/pl\/produkt\/eubisol\/#breadcrumb\"},\"inLanguage\":\"pl-PL\",\"potentialAction\":[{\"@type\":\"ReadAction\",\"target\":[\"https:\/\/www.agrimprove.com\/pl\/produkt\/eubisol\/\"]}]},{\"@type\":\"ImageObject\",\"inLanguage\":\"pl-PL\",\"@id\":\"https:\/\/www.agrimprove.com\/pl\/produkt\/eubisol\/#primaryimage\",\"url\":\"https:\/\/www.agrimprove.com\/wp-content\/uploads\/2019\/09\/Eubisol_mixture-e1568951235633.png\",\"contentUrl\":\"https:\/\/www.agrimprove.com\/wp-content\/uploads\/2019\/09\/Eubisol_mixture-e1568951235633.png\",\"width\":1646,\"height\":920},{\"@type\":\"BreadcrumbList\",\"@id\":\"https:\/\/www.agrimprove.com\/pl\/produkt\/eubisol\/#breadcrumb\",\"itemListElement\":[{\"@type\":\"ListItem\",\"position\":1,\"name\":\"Home\",\"item\":\"https:\/\/www.agrimprove.com\/pl\/\"},{\"@type\":\"ListItem\",\"position\":2,\"name\":\"Nasze produkty\",\"item\":\"https:\/\/www.agrimprove.com\/pl\/our-products\/\"},{\"@type\":\"ListItem\",\"position\":3,\"name\":\"EUBISOL\"}]},{\"@type\":\"WebSite\",\"@id\":\"https:\/\/www.agrimprove.com\/pl\/#website\",\"url\":\"https:\/\/www.agrimprove.com\/pl\/\",\"name\":\"Agrimprove\",\"description\":\"We farm ideas\",\"potentialAction\":[{\"@type\":\"SearchAction\",\"target\":{\"@type\":\"EntryPoint\",\"urlTemplate\":\"https:\/\/www.agrimprove.com\/pl\/?s={search_term_string}\"},\"query-input\":{\"@type\":\"PropertyValueSpecification\",\"valueRequired\":true,\"valueName\":\"search_term_string\"}}],\"inLanguage\":\"pl-PL\"}]}<\/script>\n<!-- \/ Yoast SEO plugin. -->","yoast_head_json":{"title":"EUBISOL","robots":{"index":"index","follow":"follow","max-snippet":"max-snippet:-1","max-image-preview":"max-image-preview:large","max-video-preview":"max-video-preview:-1"},"canonical":"https:\/\/www.agrimprove.com\/pl\/produkt\/eubisol\/","og_locale":"pl_PL","og_type":"article","og_title":"EUBISOL","og_description":"Dodatek do linii pojenia dla drobiu i trzody chlewnej\u00a0","og_url":"https:\/\/www.agrimprove.com\/pl\/produkt\/eubisol\/","og_site_name":"Agrimprove","article_publisher":"https:\/\/www.facebook.com\/Agrimprove-107026970835037","article_modified_time":"2021-11-04T15:35:28+00:00","og_image":[{"width":1646,"height":920,"url":"https:\/\/www.agrimprove.com\/wp-content\/uploads\/2019\/09\/Eubisol_mixture-e1568951235633.png","type":"image\/png"}],"twitter_card":"summary_large_image","twitter_misc":{"Szacowany czas czytania":"1 minuta"},"schema":{"@context":"https:\/\/schema.org","@graph":[{"@type":"WebPage","@id":"https:\/\/www.agrimprove.com\/pl\/produkt\/eubisol\/","url":"https:\/\/www.agrimprove.com\/pl\/produkt\/eubisol\/","name":"EUBISOL","isPartOf":{"@id":"https:\/\/www.agrimprove.com\/pl\/#website"},"primaryImageOfPage":{"@id":"https:\/\/www.agrimprove.com\/pl\/produkt\/eubisol\/#primaryimage"},"image":{"@id":"https:\/\/www.agrimprove.com\/pl\/produkt\/eubisol\/#primaryimage"},"thumbnailUrl":"https:\/\/www.agrimprove.com\/wp-content\/uploads\/2019\/09\/Eubisol_mixture-e1568951235633.png","datePublished":"2019-09-20T03:40:54+00:00","dateModified":"2021-11-04T15:35:28+00:00","breadcrumb":{"@id":"https:\/\/www.agrimprove.com\/pl\/produkt\/eubisol\/#breadcrumb"},"inLanguage":"pl-PL","potentialAction":[{"@type":"ReadAction","target":["https:\/\/www.agrimprove.com\/pl\/produkt\/eubisol\/"]}]},{"@type":"ImageObject","inLanguage":"pl-PL","@id":"https:\/\/www.agrimprove.com\/pl\/produkt\/eubisol\/#primaryimage","url":"https:\/\/www.agrimprove.com\/wp-content\/uploads\/2019\/09\/Eubisol_mixture-e1568951235633.png","contentUrl":"https:\/\/www.agrimprove.com\/wp-content\/uploads\/2019\/09\/Eubisol_mixture-e1568951235633.png","width":1646,"height":920},{"@type":"BreadcrumbList","@id":"https:\/\/www.agrimprove.com\/pl\/produkt\/eubisol\/#breadcrumb","itemListElement":[{"@type":"ListItem","position":1,"name":"Home","item":"https:\/\/www.agrimprove.com\/pl\/"},{"@type":"ListItem","position":2,"name":"Nasze produkty","item":"https:\/\/www.agrimprove.com\/pl\/our-products\/"},{"@type":"ListItem","position":3,"name":"EUBISOL"}]},{"@type":"WebSite","@id":"https:\/\/www.agrimprove.com\/pl\/#website","url":"https:\/\/www.agrimprove.com\/pl\/","name":"Agrimprove","description":"We farm ideas","potentialAction":[{"@type":"SearchAction","target":{"@type":"EntryPoint","urlTemplate":"https:\/\/www.agrimprove.com\/pl\/?s={search_term_string}"},"query-input":{"@type":"PropertyValueSpecification","valueRequired":true,"valueName":"search_term_string"}}],"inLanguage":"pl-PL"}]}},"_links":{"self":[{"href":"https:\/\/www.agrimprove.com\/pl\/wp-json\/wp\/v2\/product\/14644","targetHints":{"allow":["GET"]}}],"collection":[{"href":"https:\/\/www.agrimprove.com\/pl\/wp-json\/wp\/v2\/product"}],"about":[{"href":"https:\/\/www.agrimprove.com\/pl\/wp-json\/wp\/v2\/types\/product"}],"wp:featuredmedia":[{"embeddable":true,"href":"https:\/\/www.agrimprove.com\/pl\/wp-json\/wp\/v2\/media\/14645"}],"wp:attachment":[{"href":"https:\/\/www.agrimprove.com\/pl\/wp-json\/wp\/v2\/media?parent=14644"}],"wp:term":[{"taxonomy":"product_brand","embeddable":true,"href":"https:\/\/www.agrimprove.com\/pl\/wp-json\/wp\/v2\/product_brand?post=14644"},{"taxonomy":"product_cat","embeddable":true,"href":"https:\/\/www.agrimprove.com\/pl\/wp-json\/wp\/v2\/product_cat?post=14644"},{"taxonomy":"product_tag","embeddable":true,"href":"https:\/\/www.agrimprove.com\/pl\/wp-json\/wp\/v2\/product_tag?post=14644"},{"taxonomy":"sector","embeddable":true,"href":"https:\/\/www.agrimprove.com\/pl\/wp-json\/wp\/v2\/sector?post=14644"},{"taxonomy":"country","embeddable":true,"href":"https:\/\/www.agrimprove.com\/pl\/wp-json\/wp\/v2\/country?post=14644"}],"curies":[{"name":"wp","href":"https:\/\/api.w.org\/{rel}","templated":true}]}}