{"id":14807,"date":"2019-09-18T21:54:41","date_gmt":"2019-09-18T21:54:41","guid":{"rendered":"https:\/\/www.agrimprove.com\/product\/vita-gp\/"},"modified":"2021-11-18T14:49:57","modified_gmt":"2021-11-18T14:49:57","slug":"vita-gp","status":"publish","type":"product","link":"https:\/\/www.agrimprove.com\/pl\/produkt\/vita-gp\/","title":{"rendered":"VITA GP"},"content":{"rendered":"<section class=\"section section--gutenberg section--gutenberg-nomargin wp-block-columns\"><div class=\"container\">\n<div class=\"wp-block-columns product-main-columns is-layout-flex wp-container-core-columns-is-layout-9d6595d7 wp-block-columns-is-layout-flex\">\n<div class=\"wp-block-column is-layout-flow wp-block-column-is-layout-flow\" style=\"flex-basis:66.66%\">\n<h2 class=\"wp-block-heading\"><strong><strong><strong>Zr\u00f3wnowa\u017cone rolnictwo<\/strong><\/strong><\/strong><\/h2>\n\n\n\n<p>Wycofanie antybiotykowych stymulator\u00f3w wzrostu by\u0142o dzia\u0142aniem w pe\u0142ni uzasadnionym \u2013 taki ruch&nbsp; mia\u0142 na celu zmniejszenie odporno\u015bci na antybiotyki i tym samym, mo\u017cliwo\u015b\u0107 skuteczniejszego kontrolowania chor\u00f3b bakteryjnych. Zar\u00f3wno u zwierz\u0105t jak i u ludzi.<\/p>\n\n\n\n<p>Jednak\u017ce z drugiej strony,&nbsp; zakaz stosowania ASW wytr\u0105ci\u0142 Hodowcom z r\u0105k bardzo skuteczne narz\u0119dzie, dzi\u0119ki kt\u00f3remu byli w stanie zoptymalizowa\u0107 swoj\u0105 hodowl\u0119 osi\u0105gaj\u0105c zadowalaj\u0105ce wyniki produkcyjne. Wraz ze wzrostem FCR zwi\u0119ksza si\u0119 tak\u017ce ilo\u015b\u0107 bia\u0142ka niezb\u0119dnego do produkcji 1 kilograma mi\u0119sa. Jest to niekorzystne zar\u00f3wno ze wzgl\u0119d\u00f3w ekonomicznych oraz ekologicznych. Konieczno\u015b\u0107 spo\u017cywania przez zwierz\u0119ta wi\u0119kszej ilo\u015bci paszy stanowi dodatkowe obci\u0105\u017cenie dla \u015brodowiska. Naturalne alternatywy dla ASW takie jak VITA GP to skuteczna redukcja nie tylko koszt\u00f3w produkcji wieprzowiny ale tak\u017ce jej wp\u0142ywu na \u015brodowisko.<\/p>\n\n\n\n<h2 class=\"wp-block-heading\"><strong><strong><strong>Ekonomia produkcji<\/strong><\/strong><\/strong><\/h2>\n\n\n\n<p>Hodowcy trzody s\u0105 \u015bwiadomi i ch\u0119tnie wdra\u017caj\u0105 w swoich gospodarstwach zasady zr\u00f3wnowa\u017conego rolnictwa. Op\u0142acalno\u015b\u0107 hodowli jest jednak czynnikiem decyduj\u0105cym przy wyborze wprowadzanych rozwi\u0105za\u0144. Parametry techniczne takie jak dzienne przyrosty, FCR i pobranie paszy s\u0105 uwa\u017cnie monitorowane i poddawane analizie. Zastosowane rozwi\u0105zania musz\u0105 poprawia\u0107 parametry produkcji bez jednoczesnego podnoszenia jej koszt\u00f3w. &nbsp;Vita GP to produkt zapewniaj\u0105cy maksymalizacj\u0119 zysk\u00f3w poprzez skr\u00f3cenie czasu tuczu oraz popraw\u0119 zdrowia i odporno\u015bci zwierz\u0105t.<\/p>\n<\/div>\n\n\n\n<div class=\"wp-block-column is-layout-flow wp-block-column-is-layout-flow\" style=\"flex-basis:33.33%\"><div class=\"block block--benefits\">\n    <h3 class=\"block-title\">Korzy\u015bci ze stosowania <span class=\"orange\"><\/span><\/h3>\n    <ul class=\"benefits\">\n                    <li>Zwi\u0119kszenie wydajno\u015bci\r<\/li>\n                    <li>Zast\u0105pienie promotor\u00f3w wzrostu\r<\/li>\n                    <li>Zmniejszenie zapalenia jelita kr\u0119tego<\/li>\n            <\/ul>\n<\/div>\n\n<div class=\"block block--productwhitepaper\">\n    <div class=\"inner\">\n                    <h3 class=\"block-title\">Chcesz pozna\u0107 wi\u0119cej szczeg\u00f3\u0142\u00f3w?<\/h3>\n        \n                        <button class=\"button button--primary  align-left\" id=''>skontaktuj si\u0119 z nami\n\n    \n    <\/button>\n\n            \n            \n            <\/div>\n<\/div>\n<style>\n    .block.block--productwhitepaper.align-center {\n        display: flex;\n        flex-direction: row;\n        justify-content: center;   \n    }\n\n    .block.block--productwhitepaper.align-right {\n        display: flex;\n        flex-direction: row;\n        justify-content: flex-end;   \n    }\n\n    .block.block--productwhitepaper.align-center .block-title {\n        text-align: center;\n    }\n\n    .block.block--productwhitepaper.align-right .block-title {\n        text-align: right;\n    }\n\n    .block.block--productwhitepaper .inner {\n        display: flex;\n        flex-direction: column;\n    }\n\n    .block.block--productwhitepaper .button.align-center {\n        margin-left: auto;\n        margin-right: auto;\n    }\n\n    .block.block--productwhitepaper .button.align-left {\n        margin-right: auto;\n    }\n\n    .block.block--productwhitepaper .button.align-right {\n        margin-left: auto;\n    }\n<\/style><\/div>\n<\/div>\n<\/div><\/section>\n\n\n<section id=\"agri-contact-tile-block_60d1ca36c17db\" class=\"section section--gutenberg agri-contact-tile\">\n    <div class=\"container\">\n        <div class=\"columns\">\n            \n                            <div class=\"column is-full is-10-tablet is-offset-1-tablet\">\n                                                <h2>Skontaktuj Si\u0119 Z Naszym Specjalist\u0105<\/h2>\n                    <p><\/p>\n                                <\/div>\n        <\/div>\n        <div class=\"columns\">\n                            <div class=\"column is-full\">\n                                            <div class=\"contact-tile-wrapper\">\n                    <div class=\"contact-tile  contact-tile--empty\">\n                                                <div class=\"content-01\">\n                            <div class=\"name\">Robert Bary\u015b<\/div>\n                            <div class=\"function\">Kierownik regionalny ds. Premiks\u00f3w \u2013 Dzia\u0142 Trzoda Chlewna<\/div>\n                        <\/div>\n                        <div class=\"content-02\">\n                                                        <div class=\"email\">\n                                <svg class='icon-before' xmlns=\"http:\/\/www.w3.org\/2000\/svg\" width=\"18.5\" height=\"13.643\" viewBox=\"0 0 18.5 13.643\">\n                                    <g data-name=\"streamline-icon-email-action-unread@24x24\" transform=\"translate(-0.75 -4)\">\n                                        <path d=\"M2.714,4.75H17.286A1.215,1.215,0,0,1,18.5,5.964v9.714a1.215,1.215,0,0,1-1.214,1.214H2.714A1.215,1.215,0,0,1,1.5,15.679V5.964A1.215,1.215,0,0,1,2.714,4.75Z\" fill=\"none\" stroke=\"#db8e17\" stroke-linecap=\"round\" stroke-linejoin=\"round\" stroke-width=\"1.5\"\/>\n                                        <path d=\"M18.161,5.3,11.62,11.564a2.255,2.255,0,0,1-3.24,0L1.839,5.3\" transform=\"translate(0)\" fill=\"none\" stroke=\"#db8e17\" stroke-linecap=\"round\" stroke-linejoin=\"round\" stroke-width=\"1.5\"\/>\n                                    <\/g>\n                                <\/svg>\n                                <a href=\"mailto:r.barys@agrifirm.com\">r.barys@agrifirm.com<\/a>\n                                <svg class='icon-after' width=\"12px\" height=\"11px\" viewBox=\"0 0 12 11\" version=\"1.1\" xmlns=\"http:\/\/www.w3.org\/2000\/svg\" xmlns:xlink=\"http:\/\/www.w3.org\/1999\/xlink\">\n                                    <g stroke=\"none\" stroke-width=\"1\" fill=\"none\" fill-rule=\"evenodd\">\n                                        <g transform=\"translate(-285.000000, -4382.000000)\" stroke=\"#CC8A00\" stroke-width=\"2\">\n                                            <g transform=\"translate(16.000000, 4233.000000)\">\n                                                <g transform=\"translate(16.600505, 144.000000)\">\n                                                    <g transform=\"translate(252.399495, 6.000000)\">\n                                                        <polyline transform=\"translate(5.384615, 4.615385) rotate(135.000000) translate(-5.384615, -4.615385) \" points=\"2.30769231 7.69230769 2.30769231 1.53846154 8.46153846 1.53846154\"><\/polyline>\n                                                        <line x1=\"0\" y1=\"4.61538462\" x2=\"9.23076923\" y2=\"4.61538462\"><\/line>\n                                                    <\/g>\n                                                <\/g>\n                                            <\/g>\n                                        <\/g>\n                                    <\/g>\n                                <\/svg>\n                            <\/div>\n                                                                                    <div class=\"telephone\">\n                                <svg class='icon-before' xmlns=\"http:\/\/www.w3.org\/2000\/svg\" width=\"20.293\" height=\"20.296\" viewBox=\"0 0 20.293 20.296\">\n                                    <g data-name=\"streamline-icon-phone@24x24\" transform=\"translate(0.156 0.127)\">\n                                         <path d=\"M12.5,18.545l.01.006a4.549,4.549,0,0,0,5.66-.621l.636-.636a1.518,1.518,0,0,0,0-2.145l-2.681-2.68a1.518,1.518,0,0,0-2.145,0h0a1.515,1.515,0,0,1-2.143,0l0,0L7.545,8.177a1.518,1.518,0,0,1,0-2.145h0a1.515,1.515,0,0,0,0-2.143l0,0L4.864,1.2a1.518,1.518,0,0,0-2.145,0l-.636.636A4.551,4.551,0,0,0,1.461,7.5l.007.01A41.056,41.056,0,0,0,12.5,18.545Z\" transform=\"translate(0)\" fill=\"none\" stroke=\"#db8e17\" stroke-linecap=\"round\" stroke-linejoin=\"round\" stroke-width=\"1.5\"\/>\n                                    <\/g>\n                                <\/svg>\n                                <a href=\"tel:+48 503 131 278\">+48 503 131 278<\/a>\n                                <svg class='icon-after' width=\"12px\" height=\"11px\" viewBox=\"0 0 12 11\" version=\"1.1\" xmlns=\"http:\/\/www.w3.org\/2000\/svg\" xmlns:xlink=\"http:\/\/www.w3.org\/1999\/xlink\">\n                                    <g stroke=\"none\" stroke-width=\"1\" fill=\"none\" fill-rule=\"evenodd\">\n                                        <g transform=\"translate(-285.000000, -4382.000000)\" stroke=\"#CC8A00\" stroke-width=\"2\">\n                                            <g transform=\"translate(16.000000, 4233.000000)\">\n                                                <g transform=\"translate(16.600505, 144.000000)\">\n                                                    <g transform=\"translate(252.399495, 6.000000)\">\n                                                        <polyline transform=\"translate(5.384615, 4.615385) rotate(135.000000) translate(-5.384615, -4.615385) \" points=\"2.30769231 7.69230769 2.30769231 1.53846154 8.46153846 1.53846154\"><\/polyline>\n                                                        <line x1=\"0\" y1=\"4.61538462\" x2=\"9.23076923\" y2=\"4.61538462\"><\/line>\n                                                    <\/g>\n                                                <\/g>\n                                            <\/g>\n                                        <\/g>\n                                    <\/g>\n                                <\/svg>\n                            <\/div>\n                            \n                                                    <\/div>\n                    <\/div>\n                <\/div>\n                            <\/div>\n        <\/div>\n    <\/div>\n<\/section>\n\n\n\n<section id=\"agri-gallery-block_5d83b38d67b2a\" class=\"section section--gutenberg agri-gallery\">\n    <div class=\"container\">\n        <div class=\"columns\">\n            <div class=\"column\">\n            <div class='gallery-slider-wrapper'><div class='gallery-slider block-gallery-slider'><div class=\"gallery-slide\"><a href=\"https:\/\/www.agrimprove.com\/wp-content\/uploads\/2019\/09\/Pigs-loading-pigs-at-night-truck-e1568977758193-1440x588.jpg\" data-caption=\"\"><img decoding=\"async\" src=\"https:\/\/www.agrimprove.com\/wp-content\/uploads\/2019\/09\/Pigs-loading-pigs-at-night-truck-e1568977758193-375x375.jpg\" alt=\"\"><\/a><\/div><div class=\"gallery-slide\"><a href=\"https:\/\/www.agrimprove.com\/wp-content\/uploads\/2019\/09\/Pigs-cut-carcasses-hanging-slaughterhouse-1440x960.jpg\" data-caption=\"\"><img decoding=\"async\" src=\"https:\/\/www.agrimprove.com\/wp-content\/uploads\/2019\/09\/Pigs-cut-carcasses-hanging-slaughterhouse-375x375.jpg\" alt=\"\"><\/a><\/div><div class=\"gallery-slide\"><a href=\"https:\/\/www.agrimprove.com\/wp-content\/uploads\/2019\/09\/Pigs-registering-meat-samples-in-lab-Ghent-university-laboratory-1440x960.jpg\" data-caption=\"\"><img decoding=\"async\" src=\"https:\/\/www.agrimprove.com\/wp-content\/uploads\/2019\/09\/Pigs-registering-meat-samples-in-lab-Ghent-university-laboratory-375x375.jpg\" alt=\"\"><\/a><\/div><div class=\"gallery-slide\"><a href=\"https:\/\/www.agrimprove.com\/wp-content\/uploads\/2019\/09\/Cattle-butcher-angle-view-1440x960.jpg\" data-caption=\"\"><img decoding=\"async\" src=\"https:\/\/www.agrimprove.com\/wp-content\/uploads\/2019\/09\/Cattle-butcher-angle-view-375x375.jpg\" alt=\"\"><\/a><\/div><\/div><\/div>            <\/div>\n        <\/div>\n    <\/div>\n<\/section> \n\n\n\n<section id=\"agri-quote-block_60d2e07d2321e\" class=\"section section--gutenberg  agri-quote\">\n    <div class=\"container\">\n        <div class=\"block block--cta\">\n            <div class=\"columns\">\n                <div class=\"column is-10-tablet is-offset-1-tablet\">\n                    <div class=\"block--cta__body\"><h2><span style=\"font-family: alegreya, sans-serif;\">Chcesz pozna\u0107 wi\u0119cej szczeg\u00f3\u0142\u00f3w?<\/span><\/h2>\n<p><span style=\"font-family: alegreya, sans-serif;\">Zostaw nam wiadomo\u015b\u0107 lub skontaktuj si\u0119 z lokalnym ekspertem Agrimprove.<br \/>\nOdezwiemy si\u0119 do Ciebie z bardziej szczeg\u00f3\u0142owymi informacjami.<\/span><\/p>\n<\/div>\n                \n                    <div class=\"block--cta__button\">\n                        <a href=\"\" target=\"_self\" class=\"button button--primary button--arrow\">Napisz do nas!                            <div class=\"arrow\">\n                                <svg viewBox=\"0 0 12 11\" version=\"1.1\" xmlns=\"http:\/\/www.w3.org\/2000\/svg\" xmlns:xlink=\"http:\/\/www.w3.org\/1999\/xlink\">\n                                    <g stroke=\"none\" stroke-width=\"1\" fill=\"none\" fill-rule=\"evenodd\">\n                                        <g transform=\"translate(-333.000000, -364.000000)\" stroke=\"currentColor\" stroke-width=\"2\">\n                                            <g transform=\"translate(16.000000, 346.000000)\">\n                                                <g transform=\"translate(317.000000, 19.000000)\">\n                                                    <polyline transform=\"translate(5.384615, 4.615385) rotate(135.000000) translate(-5.384615, -4.615385) \" points=\"2.30769231 7.69230769 2.30769231 1.53846154 8.46153846 1.53846154\"><\/polyline>\n                                                    <line x1=\"0\" y1=\"4.61538462\" x2=\"9.23076923\" y2=\"4.61538462\"><\/line>\n                                                <\/g>\n                                            <\/g>\n                                        <\/g>\n                                    <\/g>\n                                <\/svg>\n                            <\/div>\n                        <\/a>\n                    <\/div>\n\n                                    <\/div>\n            <\/div>\n        <\/div>\n    <\/div>\n<\/section>","protected":false},"excerpt":{"rendered":"<p>Kompletna ochrona przewodu pokarmowego dla tucznik\u00f3w<\/p>\n","protected":false},"featured_media":14808,"template":"","meta":{"_acf_changed":false},"product_brand":[],"product_cat":[3704,3705],"product_tag":[],"sector":[3992],"country":[],"class_list":{"0":"post-14807","1":"product","2":"type-product","3":"status-publish","4":"has-post-thumbnail","6":"product_cat-health-pl","7":"product_cat-performance-pl","8":"sector-prosieta-pl","10":"first","11":"instock","12":"shipping-taxable","13":"product-type-simple"},"acf":[],"yoast_head":"<!-- This site is optimized with the Yoast SEO plugin v26.9 - https:\/\/yoast.com\/product\/yoast-seo-wordpress\/ -->\n<title>VITA GP<\/title>\n<meta name=\"robots\" content=\"index, follow, max-snippet:-1, max-image-preview:large, max-video-preview:-1\" \/>\n<link rel=\"canonical\" href=\"https:\/\/www.agrimprove.com\/pl\/produkt\/vita-gp\/\" \/>\n<meta property=\"og:locale\" content=\"pl_PL\" \/>\n<meta property=\"og:type\" content=\"article\" \/>\n<meta property=\"og:title\" content=\"VITA GP\" \/>\n<meta property=\"og:description\" content=\"Kompletna ochrona przewodu pokarmowego dla tucznik\u00f3w\" \/>\n<meta property=\"og:url\" content=\"https:\/\/www.agrimprove.com\/pl\/produkt\/vita-gp\/\" \/>\n<meta property=\"og:site_name\" content=\"Agrimprove\" \/>\n<meta property=\"article:publisher\" content=\"https:\/\/www.facebook.com\/Agrimprove-107026970835037\" \/>\n<meta property=\"article:modified_time\" content=\"2021-11-18T14:49:57+00:00\" \/>\n<meta property=\"og:image\" content=\"https:\/\/www.agrimprove.com\/wp-content\/uploads\/2019\/09\/Pigs-fattening-pigs-e1568911380227.jpg\" \/>\n\t<meta property=\"og:image:width\" content=\"2040\" \/>\n\t<meta property=\"og:image:height\" content=\"1956\" \/>\n\t<meta property=\"og:image:type\" content=\"image\/jpeg\" \/>\n<meta name=\"twitter:card\" content=\"summary_large_image\" \/>\n<meta name=\"twitter:label1\" content=\"Szacowany czas czytania\" \/>\n\t<meta name=\"twitter:data1\" content=\"1 minuta\" \/>\n<script type=\"application\/ld+json\" class=\"yoast-schema-graph\">{\"@context\":\"https:\/\/schema.org\",\"@graph\":[{\"@type\":\"WebPage\",\"@id\":\"https:\/\/www.agrimprove.com\/pl\/produkt\/vita-gp\/\",\"url\":\"https:\/\/www.agrimprove.com\/pl\/produkt\/vita-gp\/\",\"name\":\"VITA GP\",\"isPartOf\":{\"@id\":\"https:\/\/www.agrimprove.com\/pl\/#website\"},\"primaryImageOfPage\":{\"@id\":\"https:\/\/www.agrimprove.com\/pl\/produkt\/vita-gp\/#primaryimage\"},\"image\":{\"@id\":\"https:\/\/www.agrimprove.com\/pl\/produkt\/vita-gp\/#primaryimage\"},\"thumbnailUrl\":\"https:\/\/www.agrimprove.com\/wp-content\/uploads\/2019\/09\/Pigs-fattening-pigs-e1568911380227.jpg\",\"datePublished\":\"2019-09-18T21:54:41+00:00\",\"dateModified\":\"2021-11-18T14:49:57+00:00\",\"breadcrumb\":{\"@id\":\"https:\/\/www.agrimprove.com\/pl\/produkt\/vita-gp\/#breadcrumb\"},\"inLanguage\":\"pl-PL\",\"potentialAction\":[{\"@type\":\"ReadAction\",\"target\":[\"https:\/\/www.agrimprove.com\/pl\/produkt\/vita-gp\/\"]}]},{\"@type\":\"ImageObject\",\"inLanguage\":\"pl-PL\",\"@id\":\"https:\/\/www.agrimprove.com\/pl\/produkt\/vita-gp\/#primaryimage\",\"url\":\"https:\/\/www.agrimprove.com\/wp-content\/uploads\/2019\/09\/Pigs-fattening-pigs-e1568911380227.jpg\",\"contentUrl\":\"https:\/\/www.agrimprove.com\/wp-content\/uploads\/2019\/09\/Pigs-fattening-pigs-e1568911380227.jpg\",\"width\":2040,\"height\":1956,\"caption\":\"A late finisher pig sitting in a barn\"},{\"@type\":\"BreadcrumbList\",\"@id\":\"https:\/\/www.agrimprove.com\/pl\/produkt\/vita-gp\/#breadcrumb\",\"itemListElement\":[{\"@type\":\"ListItem\",\"position\":1,\"name\":\"Home\",\"item\":\"https:\/\/www.agrimprove.com\/pl\/\"},{\"@type\":\"ListItem\",\"position\":2,\"name\":\"Nasze produkty\",\"item\":\"https:\/\/www.agrimprove.com\/pl\/our-products\/\"},{\"@type\":\"ListItem\",\"position\":3,\"name\":\"VITA GP\"}]},{\"@type\":\"WebSite\",\"@id\":\"https:\/\/www.agrimprove.com\/pl\/#website\",\"url\":\"https:\/\/www.agrimprove.com\/pl\/\",\"name\":\"Agrimprove\",\"description\":\"We farm ideas\",\"potentialAction\":[{\"@type\":\"SearchAction\",\"target\":{\"@type\":\"EntryPoint\",\"urlTemplate\":\"https:\/\/www.agrimprove.com\/pl\/?s={search_term_string}\"},\"query-input\":{\"@type\":\"PropertyValueSpecification\",\"valueRequired\":true,\"valueName\":\"search_term_string\"}}],\"inLanguage\":\"pl-PL\"}]}<\/script>\n<!-- \/ Yoast SEO plugin. -->","yoast_head_json":{"title":"VITA GP","robots":{"index":"index","follow":"follow","max-snippet":"max-snippet:-1","max-image-preview":"max-image-preview:large","max-video-preview":"max-video-preview:-1"},"canonical":"https:\/\/www.agrimprove.com\/pl\/produkt\/vita-gp\/","og_locale":"pl_PL","og_type":"article","og_title":"VITA GP","og_description":"Kompletna ochrona przewodu pokarmowego dla tucznik\u00f3w","og_url":"https:\/\/www.agrimprove.com\/pl\/produkt\/vita-gp\/","og_site_name":"Agrimprove","article_publisher":"https:\/\/www.facebook.com\/Agrimprove-107026970835037","article_modified_time":"2021-11-18T14:49:57+00:00","og_image":[{"width":2040,"height":1956,"url":"https:\/\/www.agrimprove.com\/wp-content\/uploads\/2019\/09\/Pigs-fattening-pigs-e1568911380227.jpg","type":"image\/jpeg"}],"twitter_card":"summary_large_image","twitter_misc":{"Szacowany czas czytania":"1 minuta"},"schema":{"@context":"https:\/\/schema.org","@graph":[{"@type":"WebPage","@id":"https:\/\/www.agrimprove.com\/pl\/produkt\/vita-gp\/","url":"https:\/\/www.agrimprove.com\/pl\/produkt\/vita-gp\/","name":"VITA GP","isPartOf":{"@id":"https:\/\/www.agrimprove.com\/pl\/#website"},"primaryImageOfPage":{"@id":"https:\/\/www.agrimprove.com\/pl\/produkt\/vita-gp\/#primaryimage"},"image":{"@id":"https:\/\/www.agrimprove.com\/pl\/produkt\/vita-gp\/#primaryimage"},"thumbnailUrl":"https:\/\/www.agrimprove.com\/wp-content\/uploads\/2019\/09\/Pigs-fattening-pigs-e1568911380227.jpg","datePublished":"2019-09-18T21:54:41+00:00","dateModified":"2021-11-18T14:49:57+00:00","breadcrumb":{"@id":"https:\/\/www.agrimprove.com\/pl\/produkt\/vita-gp\/#breadcrumb"},"inLanguage":"pl-PL","potentialAction":[{"@type":"ReadAction","target":["https:\/\/www.agrimprove.com\/pl\/produkt\/vita-gp\/"]}]},{"@type":"ImageObject","inLanguage":"pl-PL","@id":"https:\/\/www.agrimprove.com\/pl\/produkt\/vita-gp\/#primaryimage","url":"https:\/\/www.agrimprove.com\/wp-content\/uploads\/2019\/09\/Pigs-fattening-pigs-e1568911380227.jpg","contentUrl":"https:\/\/www.agrimprove.com\/wp-content\/uploads\/2019\/09\/Pigs-fattening-pigs-e1568911380227.jpg","width":2040,"height":1956,"caption":"A late finisher pig sitting in a barn"},{"@type":"BreadcrumbList","@id":"https:\/\/www.agrimprove.com\/pl\/produkt\/vita-gp\/#breadcrumb","itemListElement":[{"@type":"ListItem","position":1,"name":"Home","item":"https:\/\/www.agrimprove.com\/pl\/"},{"@type":"ListItem","position":2,"name":"Nasze produkty","item":"https:\/\/www.agrimprove.com\/pl\/our-products\/"},{"@type":"ListItem","position":3,"name":"VITA GP"}]},{"@type":"WebSite","@id":"https:\/\/www.agrimprove.com\/pl\/#website","url":"https:\/\/www.agrimprove.com\/pl\/","name":"Agrimprove","description":"We farm ideas","potentialAction":[{"@type":"SearchAction","target":{"@type":"EntryPoint","urlTemplate":"https:\/\/www.agrimprove.com\/pl\/?s={search_term_string}"},"query-input":{"@type":"PropertyValueSpecification","valueRequired":true,"valueName":"search_term_string"}}],"inLanguage":"pl-PL"}]}},"_links":{"self":[{"href":"https:\/\/www.agrimprove.com\/pl\/wp-json\/wp\/v2\/product\/14807","targetHints":{"allow":["GET"]}}],"collection":[{"href":"https:\/\/www.agrimprove.com\/pl\/wp-json\/wp\/v2\/product"}],"about":[{"href":"https:\/\/www.agrimprove.com\/pl\/wp-json\/wp\/v2\/types\/product"}],"wp:featuredmedia":[{"embeddable":true,"href":"https:\/\/www.agrimprove.com\/pl\/wp-json\/wp\/v2\/media\/14808"}],"wp:attachment":[{"href":"https:\/\/www.agrimprove.com\/pl\/wp-json\/wp\/v2\/media?parent=14807"}],"wp:term":[{"taxonomy":"product_brand","embeddable":true,"href":"https:\/\/www.agrimprove.com\/pl\/wp-json\/wp\/v2\/product_brand?post=14807"},{"taxonomy":"product_cat","embeddable":true,"href":"https:\/\/www.agrimprove.com\/pl\/wp-json\/wp\/v2\/product_cat?post=14807"},{"taxonomy":"product_tag","embeddable":true,"href":"https:\/\/www.agrimprove.com\/pl\/wp-json\/wp\/v2\/product_tag?post=14807"},{"taxonomy":"sector","embeddable":true,"href":"https:\/\/www.agrimprove.com\/pl\/wp-json\/wp\/v2\/sector?post=14807"},{"taxonomy":"country","embeddable":true,"href":"https:\/\/www.agrimprove.com\/pl\/wp-json\/wp\/v2\/country?post=14807"}],"curies":[{"name":"wp","href":"https:\/\/api.w.org\/{rel}","templated":true}]}}