{"id":15158,"date":"2019-09-19T19:19:47","date_gmt":"2019-09-19T19:19:47","guid":{"rendered":"https:\/\/www.agrimprove.com\/product\/m-prove\/"},"modified":"2024-08-12T11:40:04","modified_gmt":"2024-08-12T11:40:04","slug":"m-prove","status":"publish","type":"product","link":"https:\/\/www.agrimprove.com\/pl\/produkt\/m-prove\/","title":{"rendered":"M-PROVE"},"content":{"rendered":"<section class=\"section section--gutenberg section--gutenberg-nomargin wp-block-columns\"><div class=\"container\">\n<div class=\"wp-block-columns product-main-columns is-layout-flex wp-container-core-columns-is-layout-9d6595d7 wp-block-columns-is-layout-flex\">\n<div class=\"wp-block-column is-layout-flow wp-block-column-is-layout-flow\" style=\"flex-basis:66.66%\">\n<h2 class=\"wp-block-heading\"><strong><strong>D<strong>zienny przyrost masy cia\u0142a<\/strong><\/strong><\/strong><\/h2>\n\n\n\n<p>Miar\u0105 wydajno\u015bci kurcz\u0105t brojler\u00f3w jest&nbsp;masa cia\u0142a okre\u015blana w poszczeg\u00f3lnych dniach tuczu.&nbsp;Jej przyrost&nbsp;jest wynikiem strawionych i&nbsp;przyswojonych&nbsp;sk\u0142adnik\u00f3w&nbsp;od\u017cywczych pobranych z paszy. W zwi\u0105zku z tym&nbsp;prawid\u0142owa kondycja&nbsp;przewodu pokarmowego&nbsp;ma du\u017cy wp\u0142yw na wydajno\u015b\u0107 i efektywno\u015b\u0107 produkcji mi\u0119sa.&nbsp;Wysoka&nbsp;&nbsp;jako\u015b\u0107, optymalny&nbsp;&nbsp;sk\u0142ad i&nbsp;&nbsp;odpowiednia&nbsp;strategia \u017cywienia w po\u0142\u0105czeniu z dobrymi praktykami zarz\u0105dzania b\u0119d\u0105 sprzyja\u0107 przyrostowi masy cia\u0142a zgodnie z potencja\u0142em genetycznym&nbsp;poszczeg\u00f3lnych ras.&nbsp;Dodatkowe zastosowanie funkcjonalnych dodatk\u00f3w paszowych&nbsp;takich&nbsp;jak&nbsp;M-Prove&nbsp;wspieraj\u0105cych&nbsp;jest gwarantem uzyskania zadowalaj\u0105cych wynik\u00f3w&nbsp;produkcyjnych.&nbsp;&nbsp;<\/p>\n\n\n\n<h2 class=\"wp-block-heading\"><strong><strong><strong>Koszt paszy<\/strong>&nbsp;<\/strong><\/strong><\/h2>\n\n\n\n<p>\u017bywienie kurcz\u0105t brojler\u00f3w musi by\u0107 odpowiednio zbilansowane nie tylko pod k\u0105tem pokarmowym, ale tak\u017ce finansowym.&nbsp;Koszt paszy&nbsp;stanowi&nbsp;od 50 do 70% ca\u0142kowitego kosztu produkcji mi\u0119sa&nbsp;drobiowego. Spo\u017cycie paszy&nbsp;przez ptaki&nbsp;mo\u017ce zale\u017ce\u0107 od wielu czynnik\u00f3w zwi\u0105zanych z&nbsp;zastosowanym sposobem chowu, jako\u015bci\u0105 paszy i&nbsp;kondycj\u0105&nbsp;brojler\u00f3w. Optymalizacja wydajno\u015bci produkcji mi\u0119sa brojler\u00f3w zaczyna si\u0119 od optymalizacji kondycji przewodu pokarmowego.&nbsp;&nbsp;<\/p>\n<\/div>\n\n\n\n<div class=\"wp-block-column is-layout-flow wp-block-column-is-layout-flow\" style=\"flex-basis:33.33%\"><div class=\"block block--benefits\">\n    <h3 class=\"block-title\">Korzy\u015bci ze stosowania <span class=\"orange\"><\/span><\/h3>\n    <ul class=\"benefits\">\n                    <li>Poprawa poboru paszy \r<\/li>\n                    <li>Poprawa FCR \r<\/li>\n                    <li>Poprawa wyr\u00f3wnania w stadzie <\/li>\n            <\/ul>\n<\/div>\n\n<div class=\"block block--productwhitepaper\">\n    <div class=\"inner\">\n                    <h3 class=\"block-title\">Chcesz pozna\u0107 wi\u0119cej szczeg\u00f3\u0142\u00f3w?<\/h3>\n        \n                        <a href=\"https:\/\/www.agrimprove.com\/pl\/contact-us\/\" target=\"_blank\" class=\"button button--primary button--arrow align-left\" id=''>skontaktuj si\u0119 z nami\n\n                    <div class=\"arrow\">\n            <svg viewBox=\"0 0 12 11\" version=\"1.1\" xmlns=\"http:\/\/www.w3.org\/2000\/svg\" xmlns:xlink=\"http:\/\/www.w3.org\/1999\/xlink\">\n                <g stroke=\"none\" stroke-width=\"1\" fill=\"none\" fill-rule=\"evenodd\">\n                    <g transform=\"translate(-333.000000, -364.000000)\" stroke=\"currentColor\" stroke-width=\"2\">\n                        <g transform=\"translate(16.000000, 346.000000)\">\n                            <g transform=\"translate(317.000000, 19.000000)\">\n                                <polyline transform=\"translate(5.384615, 4.615385) rotate(135.000000) translate(-5.384615, -4.615385) \" points=\"2.30769231 7.69230769 2.30769231 1.53846154 8.46153846 1.53846154\"><\/polyline>\n                                <line x1=\"0\" y1=\"4.61538462\" x2=\"9.23076923\" y2=\"4.61538462\"><\/line>\n                            <\/g>\n                        <\/g>\n                    <\/g>\n                <\/g>\n            <\/svg>\n        <\/div>\n    \n    <\/a>\n            <\/div>\n<\/div>\n<style>\n    .block.block--productwhitepaper.align-center {\n        display: flex;\n        flex-direction: row;\n        justify-content: center;   \n    }\n\n    .block.block--productwhitepaper.align-right {\n        display: flex;\n        flex-direction: row;\n        justify-content: flex-end;   \n    }\n\n    .block.block--productwhitepaper.align-center .block-title {\n        text-align: center;\n    }\n\n    .block.block--productwhitepaper.align-right .block-title {\n        text-align: right;\n    }\n\n    .block.block--productwhitepaper .inner {\n        display: flex;\n        flex-direction: column;\n    }\n\n    .block.block--productwhitepaper .button.align-center {\n        margin-left: auto;\n        margin-right: auto;\n    }\n\n    .block.block--productwhitepaper .button.align-left {\n        margin-right: auto;\n    }\n\n    .block.block--productwhitepaper .button.align-right {\n        margin-left: auto;\n    }\n<\/style><\/div>\n<\/div>\n<\/div><\/section>\n\n\n<section id=\"agri-contact-tile-block_b02f25e319bf0cb11df6f28c459ae329\" class=\"section section--gutenberg agri-contact-tile\">\n    <div class=\"container\">\n        <div class=\"columns\">\n            \n                            <div class=\"column is-full is-10-tablet is-offset-1-tablet\">\n                                                <h2>Skontaktuj Si\u0119 Z Naszym Specjalist\u0105<\/h2>\n                    <p><\/p>\n                                <\/div>\n        <\/div>\n        <div class=\"columns\">\n                            <div class=\"column is-full\">\n                                            <div class=\"contact-tile-wrapper\">\n                    <div class=\"contact-tile  contact-tile--empty\">\n                                                <div class=\"content-01\">\n                            <div class=\"name\">S\u0142awomir  \u0141osi\u0144ski<\/div>\n                            <div class=\"function\">Key Account Manager <\/div>\n                        <\/div>\n                        <div class=\"content-02\">\n                                                        <div class=\"email\">\n                                <svg class='icon-before' xmlns=\"http:\/\/www.w3.org\/2000\/svg\" width=\"18.5\" height=\"13.643\" viewBox=\"0 0 18.5 13.643\">\n                                    <g data-name=\"streamline-icon-email-action-unread@24x24\" transform=\"translate(-0.75 -4)\">\n                                        <path d=\"M2.714,4.75H17.286A1.215,1.215,0,0,1,18.5,5.964v9.714a1.215,1.215,0,0,1-1.214,1.214H2.714A1.215,1.215,0,0,1,1.5,15.679V5.964A1.215,1.215,0,0,1,2.714,4.75Z\" fill=\"none\" stroke=\"#db8e17\" stroke-linecap=\"round\" stroke-linejoin=\"round\" stroke-width=\"1.5\"\/>\n                                        <path d=\"M18.161,5.3,11.62,11.564a2.255,2.255,0,0,1-3.24,0L1.839,5.3\" transform=\"translate(0)\" fill=\"none\" stroke=\"#db8e17\" stroke-linecap=\"round\" stroke-linejoin=\"round\" stroke-width=\"1.5\"\/>\n                                    <\/g>\n                                <\/svg>\n                                <a href=\"mailto:s.losinski@agrifirm.com\">s.losinski@agrifirm.com<\/a>\n                                <svg class='icon-after' width=\"12px\" height=\"11px\" viewBox=\"0 0 12 11\" version=\"1.1\" xmlns=\"http:\/\/www.w3.org\/2000\/svg\" xmlns:xlink=\"http:\/\/www.w3.org\/1999\/xlink\">\n                                    <g stroke=\"none\" stroke-width=\"1\" fill=\"none\" fill-rule=\"evenodd\">\n                                        <g transform=\"translate(-285.000000, -4382.000000)\" stroke=\"#CC8A00\" stroke-width=\"2\">\n                                            <g transform=\"translate(16.000000, 4233.000000)\">\n                                                <g transform=\"translate(16.600505, 144.000000)\">\n                                                    <g transform=\"translate(252.399495, 6.000000)\">\n                                                        <polyline transform=\"translate(5.384615, 4.615385) rotate(135.000000) translate(-5.384615, -4.615385) \" points=\"2.30769231 7.69230769 2.30769231 1.53846154 8.46153846 1.53846154\"><\/polyline>\n                                                        <line x1=\"0\" y1=\"4.61538462\" x2=\"9.23076923\" y2=\"4.61538462\"><\/line>\n                                                    <\/g>\n                                                <\/g>\n                                            <\/g>\n                                        <\/g>\n                                    <\/g>\n                                <\/svg>\n                            <\/div>\n                                                                                    <div class=\"telephone\">\n                                <svg class='icon-before' xmlns=\"http:\/\/www.w3.org\/2000\/svg\" width=\"20.293\" height=\"20.296\" viewBox=\"0 0 20.293 20.296\">\n                                    <g data-name=\"streamline-icon-phone@24x24\" transform=\"translate(0.156 0.127)\">\n                                         <path d=\"M12.5,18.545l.01.006a4.549,4.549,0,0,0,5.66-.621l.636-.636a1.518,1.518,0,0,0,0-2.145l-2.681-2.68a1.518,1.518,0,0,0-2.145,0h0a1.515,1.515,0,0,1-2.143,0l0,0L7.545,8.177a1.518,1.518,0,0,1,0-2.145h0a1.515,1.515,0,0,0,0-2.143l0,0L4.864,1.2a1.518,1.518,0,0,0-2.145,0l-.636.636A4.551,4.551,0,0,0,1.461,7.5l.007.01A41.056,41.056,0,0,0,12.5,18.545Z\" transform=\"translate(0)\" fill=\"none\" stroke=\"#db8e17\" stroke-linecap=\"round\" stroke-linejoin=\"round\" stroke-width=\"1.5\"\/>\n                                    <\/g>\n                                <\/svg>\n                                <a href=\"tel:+48 532 859 641\">+48 532 859 641<\/a>\n                                <svg class='icon-after' width=\"12px\" height=\"11px\" viewBox=\"0 0 12 11\" version=\"1.1\" xmlns=\"http:\/\/www.w3.org\/2000\/svg\" xmlns:xlink=\"http:\/\/www.w3.org\/1999\/xlink\">\n                                    <g stroke=\"none\" stroke-width=\"1\" fill=\"none\" fill-rule=\"evenodd\">\n                                        <g transform=\"translate(-285.000000, -4382.000000)\" stroke=\"#CC8A00\" stroke-width=\"2\">\n                                            <g transform=\"translate(16.000000, 4233.000000)\">\n                                                <g transform=\"translate(16.600505, 144.000000)\">\n                                                    <g transform=\"translate(252.399495, 6.000000)\">\n                                                        <polyline transform=\"translate(5.384615, 4.615385) rotate(135.000000) translate(-5.384615, -4.615385) \" points=\"2.30769231 7.69230769 2.30769231 1.53846154 8.46153846 1.53846154\"><\/polyline>\n                                                        <line x1=\"0\" y1=\"4.61538462\" x2=\"9.23076923\" y2=\"4.61538462\"><\/line>\n                                                    <\/g>\n                                                <\/g>\n                                            <\/g>\n                                        <\/g>\n                                    <\/g>\n                                <\/svg>\n                            <\/div>\n                            \n                                                    <\/div>\n                    <\/div>\n                <\/div>\n                            <\/div>\n        <\/div>\n    <\/div>\n<\/section>\n\n\n\n<section id=\"agri-gallery-block_a213b1e89fa1a36dfd16bc7dcb323ee5\" class=\"section section--gutenberg agri-gallery\">\n    <div class=\"container\">\n        <div class=\"columns\">\n            <div class=\"column\">\n            <div class='gallery-slider-wrapper'><div class='gallery-slider block-gallery-slider'><div class=\"gallery-slide\"><a href=\"https:\/\/www.agrimprove.com\/wp-content\/uploads\/2019\/09\/vleespluimvee-vleeskuikens-op-weegschaal-origineel-1440x960.jpg\" data-caption=\"\"><img decoding=\"async\" src=\"https:\/\/www.agrimprove.com\/wp-content\/uploads\/2019\/09\/vleespluimvee-vleeskuikens-op-weegschaal-origineel-375x375.jpg\" alt=\"\"><\/a><\/div><div class=\"gallery-slide\"><a href=\"https:\/\/www.agrimprove.com\/wp-content\/uploads\/2019\/09\/shutterstock_173109953-1440x958.jpg\" data-caption=\"\"><img decoding=\"async\" src=\"https:\/\/www.agrimprove.com\/wp-content\/uploads\/2019\/09\/shutterstock_173109953-375x375.jpg\" alt=\"\"><\/a><\/div><div class=\"gallery-slide\"><a href=\"https:\/\/www.agrimprove.com\/wp-content\/uploads\/2019\/09\/Poultry-lab-tests-1440x960.jpg\" data-caption=\"\"><img decoding=\"async\" src=\"https:\/\/www.agrimprove.com\/wp-content\/uploads\/2019\/09\/Poultry-lab-tests-375x375.jpg\" alt=\"\"><\/a><\/div><div class=\"gallery-slide\"><a href=\"https:\/\/www.agrimprove.com\/wp-content\/uploads\/2019\/09\/Poultry-dinner-people-1440x961.jpg\" data-caption=\"\"><img decoding=\"async\" src=\"https:\/\/www.agrimprove.com\/wp-content\/uploads\/2019\/09\/Poultry-dinner-people-375x375.jpg\" alt=\"\"><\/a><\/div><\/div><\/div>            <\/div>\n        <\/div>\n    <\/div>\n<\/section> \n\n\n\n<section id=\"agri-quote-block_343092461d49b98d6137abbf2f6eac32\" class=\"section section--gutenberg  agri-quote\">\n    <div class=\"container\">\n        <div class=\"block block--cta\">\n            <div class=\"columns\">\n                <div class=\"column is-10-tablet is-offset-1-tablet\">\n                    <div class=\"block--cta__body\"><h2><span style=\"font-family: alegreya, sans-serif;\">Chcesz pozna\u0107 wi\u0119cej szczeg\u00f3\u0142\u00f3w?<\/span><\/h2>\n<p><span style=\"font-family: alegreya, sans-serif;\">Zostaw nam wiadomo\u015b\u0107 lub skontaktuj si\u0119 z lokalnym ekspertem Agrimprove.<br \/>\nOdezwiemy si\u0119 do Ciebie z bardziej szczeg\u00f3\u0142owymi informacjami.<\/span><\/p>\n<\/div>\n                \n                    <div class=\"block--cta__button\">\n                        <a href=\"https:\/\/www.agrimprove.com\/pl\/contact-us\/\" target=\"_self\" class=\"button button--primary button--arrow\">Napisz do nas!                             <div class=\"arrow\">\n                                <svg viewBox=\"0 0 12 11\" version=\"1.1\" xmlns=\"http:\/\/www.w3.org\/2000\/svg\" xmlns:xlink=\"http:\/\/www.w3.org\/1999\/xlink\">\n                                    <g stroke=\"none\" stroke-width=\"1\" fill=\"none\" fill-rule=\"evenodd\">\n                                        <g transform=\"translate(-333.000000, -364.000000)\" stroke=\"currentColor\" stroke-width=\"2\">\n                                            <g transform=\"translate(16.000000, 346.000000)\">\n                                                <g transform=\"translate(317.000000, 19.000000)\">\n                                                    <polyline transform=\"translate(5.384615, 4.615385) rotate(135.000000) translate(-5.384615, -4.615385) \" points=\"2.30769231 7.69230769 2.30769231 1.53846154 8.46153846 1.53846154\"><\/polyline>\n                                                    <line x1=\"0\" y1=\"4.61538462\" x2=\"9.23076923\" y2=\"4.61538462\"><\/line>\n                                                <\/g>\n                                            <\/g>\n                                        <\/g>\n                                    <\/g>\n                                <\/svg>\n                            <\/div>\n                        <\/a>\n                    <\/div>\n\n                                    <\/div>\n            <\/div>\n        <\/div>\n    <\/div>\n<\/section>","protected":false},"excerpt":{"rendered":"<p><span class=\"TextRun SCXW231849427 BCX0\" lang=\"PL-PL\" xml:lang=\"PL-PL\" data-contrast=\"auto\"><span class=\"NormalTextRun SCXW231849427 BCX0\">Dla optymalizacji zysk\u00f3w w produkcji brojlera<\/span><\/span><span class=\"EOP SCXW231849427 BCX0\" data-ccp-props=\"{\">\u00a0<\/span><\/p>\n","protected":false},"featured_media":15159,"template":"","meta":{"_acf_changed":true},"product_brand":[],"product_cat":[3720],"product_tag":[],"sector":[3969],"country":[],"class_list":{"0":"post-15158","1":"product","2":"type-product","3":"status-publish","4":"has-post-thumbnail","6":"product_cat-food-quality-pl","7":"sector-piskleta","9":"first","10":"instock","11":"shipping-taxable","12":"product-type-simple"},"acf":[],"yoast_head":"<!-- This site is optimized with the Yoast SEO plugin v26.9 - https:\/\/yoast.com\/product\/yoast-seo-wordpress\/ -->\n<title>M-PROVE<\/title>\n<meta name=\"robots\" content=\"index, follow, max-snippet:-1, max-image-preview:large, max-video-preview:-1\" \/>\n<link rel=\"canonical\" href=\"https:\/\/www.agrimprove.com\/pl\/produkt\/m-prove\/\" \/>\n<meta property=\"og:locale\" content=\"pl_PL\" \/>\n<meta property=\"og:type\" content=\"article\" \/>\n<meta property=\"og:title\" content=\"M-PROVE\" \/>\n<meta property=\"og:description\" content=\"Dla optymalizacji zysk\u00f3w w produkcji brojlera\u00a0\" \/>\n<meta property=\"og:url\" content=\"https:\/\/www.agrimprove.com\/pl\/produkt\/m-prove\/\" \/>\n<meta property=\"og:site_name\" content=\"Agrimprove\" \/>\n<meta property=\"article:publisher\" content=\"https:\/\/www.facebook.com\/Agrimprove-107026970835037\" \/>\n<meta property=\"article:modified_time\" content=\"2024-08-12T11:40:04+00:00\" \/>\n<meta property=\"og:image\" content=\"https:\/\/www.agrimprove.com\/wp-content\/uploads\/2019\/09\/vleespluimvee-vleeskuikens-hennen-stal-origineel-1-1024x734.jpg\" \/>\n\t<meta property=\"og:image:width\" content=\"1024\" \/>\n\t<meta property=\"og:image:height\" content=\"734\" \/>\n\t<meta property=\"og:image:type\" content=\"image\/jpeg\" \/>\n<meta name=\"twitter:card\" content=\"summary_large_image\" \/>\n<meta name=\"twitter:label1\" content=\"Szacowany czas czytania\" \/>\n\t<meta name=\"twitter:data1\" content=\"1 minuta\" \/>\n<script type=\"application\/ld+json\" class=\"yoast-schema-graph\">{\"@context\":\"https:\/\/schema.org\",\"@graph\":[{\"@type\":\"WebPage\",\"@id\":\"https:\/\/www.agrimprove.com\/pl\/produkt\/m-prove\/\",\"url\":\"https:\/\/www.agrimprove.com\/pl\/produkt\/m-prove\/\",\"name\":\"M-PROVE\",\"isPartOf\":{\"@id\":\"https:\/\/www.agrimprove.com\/pl\/#website\"},\"primaryImageOfPage\":{\"@id\":\"https:\/\/www.agrimprove.com\/pl\/produkt\/m-prove\/#primaryimage\"},\"image\":{\"@id\":\"https:\/\/www.agrimprove.com\/pl\/produkt\/m-prove\/#primaryimage\"},\"thumbnailUrl\":\"https:\/\/www.agrimprove.com\/wp-content\/uploads\/2019\/09\/vleespluimvee-vleeskuikens-hennen-stal-origineel-1.jpg\",\"datePublished\":\"2019-09-19T19:19:47+00:00\",\"dateModified\":\"2024-08-12T11:40:04+00:00\",\"breadcrumb\":{\"@id\":\"https:\/\/www.agrimprove.com\/pl\/produkt\/m-prove\/#breadcrumb\"},\"inLanguage\":\"pl-PL\",\"potentialAction\":[{\"@type\":\"ReadAction\",\"target\":[\"https:\/\/www.agrimprove.com\/pl\/produkt\/m-prove\/\"]}]},{\"@type\":\"ImageObject\",\"inLanguage\":\"pl-PL\",\"@id\":\"https:\/\/www.agrimprove.com\/pl\/produkt\/m-prove\/#primaryimage\",\"url\":\"https:\/\/www.agrimprove.com\/wp-content\/uploads\/2019\/09\/vleespluimvee-vleeskuikens-hennen-stal-origineel-1.jpg\",\"contentUrl\":\"https:\/\/www.agrimprove.com\/wp-content\/uploads\/2019\/09\/vleespluimvee-vleeskuikens-hennen-stal-origineel-1.jpg\",\"width\":3063,\"height\":2197,\"caption\":\"hennen in stal pluimveebedrijf\"},{\"@type\":\"BreadcrumbList\",\"@id\":\"https:\/\/www.agrimprove.com\/pl\/produkt\/m-prove\/#breadcrumb\",\"itemListElement\":[{\"@type\":\"ListItem\",\"position\":1,\"name\":\"Home\",\"item\":\"https:\/\/www.agrimprove.com\/pl\/\"},{\"@type\":\"ListItem\",\"position\":2,\"name\":\"Nasze produkty\",\"item\":\"https:\/\/www.agrimprove.com\/pl\/our-products\/\"},{\"@type\":\"ListItem\",\"position\":3,\"name\":\"M-PROVE\"}]},{\"@type\":\"WebSite\",\"@id\":\"https:\/\/www.agrimprove.com\/pl\/#website\",\"url\":\"https:\/\/www.agrimprove.com\/pl\/\",\"name\":\"Agrimprove\",\"description\":\"We farm ideas\",\"potentialAction\":[{\"@type\":\"SearchAction\",\"target\":{\"@type\":\"EntryPoint\",\"urlTemplate\":\"https:\/\/www.agrimprove.com\/pl\/?s={search_term_string}\"},\"query-input\":{\"@type\":\"PropertyValueSpecification\",\"valueRequired\":true,\"valueName\":\"search_term_string\"}}],\"inLanguage\":\"pl-PL\"}]}<\/script>\n<!-- \/ Yoast SEO plugin. -->","yoast_head_json":{"title":"M-PROVE","robots":{"index":"index","follow":"follow","max-snippet":"max-snippet:-1","max-image-preview":"max-image-preview:large","max-video-preview":"max-video-preview:-1"},"canonical":"https:\/\/www.agrimprove.com\/pl\/produkt\/m-prove\/","og_locale":"pl_PL","og_type":"article","og_title":"M-PROVE","og_description":"Dla optymalizacji zysk\u00f3w w produkcji brojlera\u00a0","og_url":"https:\/\/www.agrimprove.com\/pl\/produkt\/m-prove\/","og_site_name":"Agrimprove","article_publisher":"https:\/\/www.facebook.com\/Agrimprove-107026970835037","article_modified_time":"2024-08-12T11:40:04+00:00","og_image":[{"width":1024,"height":734,"url":"https:\/\/www.agrimprove.com\/wp-content\/uploads\/2019\/09\/vleespluimvee-vleeskuikens-hennen-stal-origineel-1-1024x734.jpg","type":"image\/jpeg"}],"twitter_card":"summary_large_image","twitter_misc":{"Szacowany czas czytania":"1 minuta"},"schema":{"@context":"https:\/\/schema.org","@graph":[{"@type":"WebPage","@id":"https:\/\/www.agrimprove.com\/pl\/produkt\/m-prove\/","url":"https:\/\/www.agrimprove.com\/pl\/produkt\/m-prove\/","name":"M-PROVE","isPartOf":{"@id":"https:\/\/www.agrimprove.com\/pl\/#website"},"primaryImageOfPage":{"@id":"https:\/\/www.agrimprove.com\/pl\/produkt\/m-prove\/#primaryimage"},"image":{"@id":"https:\/\/www.agrimprove.com\/pl\/produkt\/m-prove\/#primaryimage"},"thumbnailUrl":"https:\/\/www.agrimprove.com\/wp-content\/uploads\/2019\/09\/vleespluimvee-vleeskuikens-hennen-stal-origineel-1.jpg","datePublished":"2019-09-19T19:19:47+00:00","dateModified":"2024-08-12T11:40:04+00:00","breadcrumb":{"@id":"https:\/\/www.agrimprove.com\/pl\/produkt\/m-prove\/#breadcrumb"},"inLanguage":"pl-PL","potentialAction":[{"@type":"ReadAction","target":["https:\/\/www.agrimprove.com\/pl\/produkt\/m-prove\/"]}]},{"@type":"ImageObject","inLanguage":"pl-PL","@id":"https:\/\/www.agrimprove.com\/pl\/produkt\/m-prove\/#primaryimage","url":"https:\/\/www.agrimprove.com\/wp-content\/uploads\/2019\/09\/vleespluimvee-vleeskuikens-hennen-stal-origineel-1.jpg","contentUrl":"https:\/\/www.agrimprove.com\/wp-content\/uploads\/2019\/09\/vleespluimvee-vleeskuikens-hennen-stal-origineel-1.jpg","width":3063,"height":2197,"caption":"hennen in stal pluimveebedrijf"},{"@type":"BreadcrumbList","@id":"https:\/\/www.agrimprove.com\/pl\/produkt\/m-prove\/#breadcrumb","itemListElement":[{"@type":"ListItem","position":1,"name":"Home","item":"https:\/\/www.agrimprove.com\/pl\/"},{"@type":"ListItem","position":2,"name":"Nasze produkty","item":"https:\/\/www.agrimprove.com\/pl\/our-products\/"},{"@type":"ListItem","position":3,"name":"M-PROVE"}]},{"@type":"WebSite","@id":"https:\/\/www.agrimprove.com\/pl\/#website","url":"https:\/\/www.agrimprove.com\/pl\/","name":"Agrimprove","description":"We farm ideas","potentialAction":[{"@type":"SearchAction","target":{"@type":"EntryPoint","urlTemplate":"https:\/\/www.agrimprove.com\/pl\/?s={search_term_string}"},"query-input":{"@type":"PropertyValueSpecification","valueRequired":true,"valueName":"search_term_string"}}],"inLanguage":"pl-PL"}]}},"_links":{"self":[{"href":"https:\/\/www.agrimprove.com\/pl\/wp-json\/wp\/v2\/product\/15158","targetHints":{"allow":["GET"]}}],"collection":[{"href":"https:\/\/www.agrimprove.com\/pl\/wp-json\/wp\/v2\/product"}],"about":[{"href":"https:\/\/www.agrimprove.com\/pl\/wp-json\/wp\/v2\/types\/product"}],"wp:featuredmedia":[{"embeddable":true,"href":"https:\/\/www.agrimprove.com\/pl\/wp-json\/wp\/v2\/media\/15159"}],"wp:attachment":[{"href":"https:\/\/www.agrimprove.com\/pl\/wp-json\/wp\/v2\/media?parent=15158"}],"wp:term":[{"taxonomy":"product_brand","embeddable":true,"href":"https:\/\/www.agrimprove.com\/pl\/wp-json\/wp\/v2\/product_brand?post=15158"},{"taxonomy":"product_cat","embeddable":true,"href":"https:\/\/www.agrimprove.com\/pl\/wp-json\/wp\/v2\/product_cat?post=15158"},{"taxonomy":"product_tag","embeddable":true,"href":"https:\/\/www.agrimprove.com\/pl\/wp-json\/wp\/v2\/product_tag?post=15158"},{"taxonomy":"sector","embeddable":true,"href":"https:\/\/www.agrimprove.com\/pl\/wp-json\/wp\/v2\/sector?post=15158"},{"taxonomy":"country","embeddable":true,"href":"https:\/\/www.agrimprove.com\/pl\/wp-json\/wp\/v2\/country?post=15158"}],"curies":[{"name":"wp","href":"https:\/\/api.w.org\/{rel}","templated":true}]}}