{"id":21700,"date":"2019-08-29T19:20:04","date_gmt":"2019-08-29T19:20:04","guid":{"rendered":"https:\/\/www.agrimprove.com\/privacy-policy\/"},"modified":"2022-06-22T05:39:30","modified_gmt":"2022-06-22T05:39:30","slug":"privacy-policy","status":"publish","type":"page","link":"https:\/\/www.agrimprove.com\/pt-br\/privacy-policy\/","title":{"rendered":"Declara\u00e7\u00e3o de privacidade"},"content":{"rendered":"\n<p>A Agrifirm (Agrifirm Group B.V. e\/ou empresas afiliadas a ela) atribui grande import\u00e2ncia \u00e0 privacidade dos usu\u00e1rios da aplica\u00e7\u00e3o e dos visitantes do site. A Agrifirm trata os dados pessoais dos usu\u00e1rios que visitam o nosso site e utilizam nossa aplica\u00e7\u00e3o. Nesta declara\u00e7\u00e3o, gostar\u00edamos de inform\u00e1-lo sobre quais dados processamos e por qu\u00ea. Nesta p\u00e1gina, voc\u00ea sempre encontrar\u00e1 a \u00faltima vers\u00e3o desta declara\u00e7\u00e3o.<\/p>\n\n\n\n<p>A Agrifirm \u00e9 respons\u00e1vel pelo processamento de seus dados pessoais. Por favor, leia estas informa\u00e7\u00f5es cuidadosamente para que voc\u00ea entenda como processamos os dados e quais s\u00e3o seus direitos.<\/p>\n\n\n\n<p>Aplicamos uma s\u00e9rie de valores fundamentais para garantir sua privacidade da melhor forma poss\u00edvel.<br><strong>Informar <\/strong>&#8211; Queremos inform\u00e1-lo da melhor maneira poss\u00edvel como e por que processamos dados pessoais. Fazemos isso atrav\u00e9s da presente declara\u00e7\u00e3o de privacidade.<br><strong>Limitando a coleta <\/strong>&#8211; Asseguramos que nossa coleta de dados pessoais seja limitada apenas ao que \u00e9 realmente necess\u00e1rio para o bom funcionamento da aplica\u00e7\u00e3o\/sites e dos servi\u00e7os e produtos que voc\u00ea solicitou.<br><strong>Sem marketing baseado em dados pessoais<\/strong> &#8211; N\u00e3o vendemos dados pessoais a terceiros.<br><strong>Seguran\u00e7a <\/strong>&#8211; Tomamos as medidas de seguran\u00e7a apropriadas para proteger seus dados pessoais e tamb\u00e9m exigimos isso das partes que processam dados pessoais em nosso nome.<br><strong>Direito de acesso e corre\u00e7\u00e3o<\/strong> &#8211; Respeitamos seu direito de acesso, corre\u00e7\u00e3o ou exclus\u00e3o de seus dados pessoais.<\/p>\n\n\n\n<h3 class=\"wp-block-heading\">1. Utiliza\u00e7\u00e3o de dados pessoais<\/h3>\n\n\n\n<p>H\u00e1 duas categorias gerais de informa\u00e7\u00f5es que coletamos e\/ou solicitamos.<\/p>\n\n\n\n<p>Categoria 1: <em>Informa\u00e7\u00f5es que voc\u00ea nos<\/em> d\u00e1, processamos os dados que recebemos de voc\u00ea. Por exemplo, quando voc\u00ea se registra como usu\u00e1rio, assina um boletim informativo ou quando voc\u00ea nos contacta.<\/p>\n\n\n\n<p><strong>Informa\u00e7\u00f5es de conta<\/strong> &#8211; Para utilizar nossa aplica\u00e7\u00e3o ou certas partes de nossos websites, voc\u00ea deve criar uma conta. Para isso, voc\u00ea nos fornece certas informa\u00e7\u00f5es, por exemplo, seu endere\u00e7o de e-mail e seu nome.<br><strong>Informa\u00e7\u00f5es de perfil<\/strong> &#8211; Para que possamos fornecer nossos servi\u00e7os e para que voc\u00ea possa utilizar nossos servi\u00e7os, solicitaremos que voc\u00ea nos forne\u00e7a certas informa\u00e7\u00f5es, por exemplo, seu nome completo, endere\u00e7o de e-mail, n\u00famero de telefone, endere\u00e7o, idade e\/ou data de nascimento, n\u00famero de conta banc\u00e1ria, n\u00famero de IVA e n\u00famero de registro de empresa de sua empresa. Precisamos dessas informa\u00e7\u00f5es para contat\u00e1-lo, mas tamb\u00e9m para garantir que possamos fornecer os servi\u00e7os que nos s\u00e3o solicitados.<br><strong>Informa\u00e7\u00f5es de comunica\u00e7\u00e3o<\/strong> &#8211; Quando voc\u00ea nos contata ou quando contatamos voc\u00ea, coletamos informa\u00e7\u00f5es sobre o motivo deste contato e qualquer informa\u00e7\u00e3o que voc\u00ea nos forne\u00e7a por telefone ou e-mail.<br><strong>Outras informa\u00e7\u00f5es<\/strong> &#8211; Podemos solicitar que voc\u00ea nos forne\u00e7a feedback sobre nossos servi\u00e7os atrav\u00e9s de um e-mail ou pesquisa on-line. Valorizamos o feedback e s\u00f3 processamos dados pessoais que possam ser coletados por n\u00f3s ou em nosso nome para fins internos, a fim de melhorar nossos servi\u00e7os.<\/p>\n\n\n\n<p>Categoria 2: <em>Informa\u00e7\u00f5es que coletamos automaticamente<\/em><br>Quando voc\u00ea usa nosso website ou aplica\u00e7\u00e3o, coletamos informa\u00e7\u00f5es sobre suas atividades, tais como seu comportamento de clique, p\u00e1ginas visitadas e informa\u00e7\u00f5es sobre seu dispositivo, a fim de lhe oferecer o melhor servi\u00e7o poss\u00edvel. Tais informa\u00e7\u00f5es nos permitem descobrir o que lhe interessa e personalizar e otimizar nossos servi\u00e7os para voc\u00ea.<\/p>\n\n\n\n<p><strong>Dados de registro<\/strong> &#8211; Coletamos automaticamente certas informa\u00e7\u00f5es fornecidas pelo seu navegador de internet quando voc\u00ea utiliza nosso website ou aplica\u00e7\u00e3o. Estas informa\u00e7\u00f5es incluem: detalhes sobre como voc\u00ea usa nosso website ou aplica\u00e7\u00e3o (incluindo links para aplica\u00e7\u00f5es de terceiros), hor\u00e1rios de visita e informa\u00e7\u00f5es sobre o dispositivo que voc\u00ea usou e possivelmente a localiza\u00e7\u00e3o do dispositivo para evitar o uso indevido.<br><strong>Cookies <\/strong>&#8211; Utilizamos cookies ou tecnologias similares na aplica\u00e7\u00e3o e no website. Um cookie \u00e9 um pequeno arquivo simples que \u00e9 enviado junto com p\u00e1ginas desta aplica\u00e7\u00e3o e website e \u00e9 armazenado por seu navegador no disco r\u00edgido do seu computador. As informa\u00e7\u00f5es nele armazenadas podem ser enviadas de volta a nossos servidores ou aos de terceiros relevantes em uma visita subsequente. Voc\u00ea sempre pode apagar manualmente os cookies de seu computador e tamb\u00e9m pode bloquear os cookies. Procure em &#8220;Op\u00e7\u00f5es da Internet&#8221; em seu navegador se voc\u00ea optar por excluir ou bloquear cookies. Se voc\u00ea n\u00e3o consentir o uso de cookies, isto pode afetar o funcionamento da aplica\u00e7\u00e3o ou do website.<\/p>\n\n\n\n<h3 class=\"wp-block-heading\">2. Objetivos para os quais as informa\u00e7\u00f5es s\u00e3o utilizadas.<\/h3>\n\n\n\n<p>Primeiro de tudo, utilizamos seus dados para cumprir nossas obriga\u00e7\u00f5es contratuais para com voc\u00ea e para assegurar que nossos servi\u00e7os sejam oferecidos a voc\u00ea da melhor maneira poss\u00edvel (interesse leg\u00edtimo). Em usar esta conex\u00e3o, e seus dados para:<\/p>\n\n\n\n<ol class=\"wp-block-list\"><li>Cria\u00e7\u00e3o de sua conta;<\/li><li>Entrar em sua conta;<\/li><li>Solicitando e executando nossos servi\u00e7os;<\/li><li>Colocando um pedido de produtos e\/ou servi\u00e7os;<\/li><li>Manter registro das prefer\u00eancias que voc\u00ea indicou;<\/li><li>Enviando um boletim informativo;<\/li><li>Melhorar nossos servi\u00e7os, seguran\u00e7a e preven\u00e7\u00e3o de fraudes;<\/li><li>Execu\u00e7\u00e3o de outros servi\u00e7os, solicitados por voc\u00ea;<\/li><li>Exibi\u00e7\u00e3o ideal do website ou da aplica\u00e7\u00e3o em seu navegador de internet e do dispositivo que voc\u00ea est\u00e1 usando;<\/li><li>Prestar atendimento ao cliente atrav\u00e9s de diferentes canais;<\/li><li>Sua identifica\u00e7\u00e3o;<\/li><li>Manter nossa administra\u00e7\u00e3o interna em ordem e cumprir com nossas obriga\u00e7\u00f5es legais.<\/li><\/ol>\n\n\n\n<h3 class=\"wp-block-heading\">3. Provis\u00e3o a terceiros<\/h3>\n\n\n\n<p>Seus dados n\u00e3o ser\u00e3o explicitamente fornecidos a terceiros, exceto a terceiros envolvidos na execu\u00e7\u00e3o do acordo entre voc\u00ea e n\u00f3s. Estes s\u00e3o terceiros que prestam servi\u00e7os para n\u00f3s e tamb\u00e9m processam dados pessoais nesse contexto. Por exemplo, os processadores podem nos fornecer pagamento, publicidade, servi\u00e7os de suporte ao cliente ou de vendas, nos apoiar no envio de e-mails ou analisar feedback, e nos ajudar a proteger nosso website ou aplica\u00e7\u00e3o. Os processadores t\u00eam um dever de confidencialidade e s\u00f3 podem usar os dados espec\u00edficos para nos fornecer servi\u00e7os sob nossas instru\u00e7\u00f5es. Uma disposi\u00e7\u00e3o legal ou uma solicita\u00e7\u00e3o das autoridades tamb\u00e9m pode nos obrigar a compartilhar dados com terceiros.<\/p>\n\n\n\n<h3 class=\"wp-block-heading\">4. Seguran\u00e7a<\/h3>\n\n\n\n<p>Tomamos medidas de seguran\u00e7a para limitar o uso indevido e o acesso n\u00e3o autorizado aos dados pessoais. Levamos a seguran\u00e7a de seus dados a s\u00e9rio e temos procedimentos de seguran\u00e7a e restri\u00e7\u00f5es t\u00e9cnicas para proteger seus dados contra acesso n\u00e3o autorizado, destrui\u00e7\u00e3o ou altera\u00e7\u00e3o. Al\u00e9m das medidas de seguran\u00e7a de nosso lado, tais como criptografia de seus dados, recomendamos que voc\u00ea selecione cuidadosamente uma senha e certifique-se de que seus dados de login permane\u00e7am secretos.<\/p>\n\n\n\n<h3 class=\"wp-block-heading\">5. Per\u00edodo de reten\u00e7\u00e3o<\/h3>\n\n\n\n<p>Mantemos as informa\u00e7\u00f5es que voc\u00ea nos fornecer pelo tempo necess\u00e1rio ou razo\u00e1vel para o processamento de seu pedido, o acordo e a presta\u00e7\u00e3o do servi\u00e7o que voc\u00ea precisar. Estes dados s\u00e3o armazenados de acordo com nossos procedimentos por um m\u00e1ximo de 8 anos ap\u00f3s o t\u00e9rmino do servi\u00e7o. Ap\u00f3s o per\u00edodo relevante, apagaremos ou tornaremos an\u00f4nimas suas informa\u00e7\u00f5es.<\/p>\n\n\n\n<h3 class=\"wp-block-heading\">6. Altera\u00e7\u00f5es a esta declara\u00e7\u00e3o de privacidade<\/h3>\n\n\n\n<p>Reservamo-nos o direito de fazer altera\u00e7\u00f5es a esta declara\u00e7\u00e3o. \u00c9 recomend\u00e1vel que voc\u00ea consulte esta declara\u00e7\u00e3o regularmente para que esteja ciente destas mudan\u00e7as.<\/p>\n\n\n\n<h3 class=\"wp-block-heading\">7. Acesse, altere e apague seus dados<\/h3>\n\n\n\n<p>Para perguntas sobre nossa pol\u00edtica de privacidade ou perguntas sobre acesso e altera\u00e7\u00f5es (ou exclus\u00e3o) de seus dados pessoais, voc\u00ea pode entrar em contato conosco a qualquer momento.<\/p>\n\n\n\n<h3 class=\"wp-block-heading\">8. Contacto<\/h3>\n\n\n\n<p>Agrifirm Group B.V.<br>Landgoedlaan 20<br>7325 AW Apeldoorn<br><a href=\"mailto:privacy@agrifirm.com\">privacy@agrifirm.com<\/a><\/p>\n","protected":false},"excerpt":{"rendered":"<p>A Agrifirm (Agrifirm Group B.V. e\/ou empresas afiliadas a ela) atribui grande import\u00e2ncia \u00e0 privacidade dos usu\u00e1rios da aplica\u00e7\u00e3o e dos visitantes do site. A Agrifirm trata os dados pessoais dos usu\u00e1rios que visitam o nosso site e utilizam nossa aplica\u00e7\u00e3o. Nesta declara\u00e7\u00e3o, gostar\u00edamos de inform\u00e1-lo sobre quais dados processamos e por qu\u00ea. Nesta p\u00e1gina, [&hellip;]<\/p>\n","protected":false},"author":1,"featured_media":0,"parent":0,"menu_order":0,"comment_status":"closed","ping_status":"open","template":"","meta":{"_acf_changed":false,"footnotes":""},"country":[],"class_list":["post-21700","page","type-page","status-publish","hentry"],"acf":[],"yoast_head":"<!-- This site is optimized with the Yoast SEO plugin v26.9 - https:\/\/yoast.com\/product\/yoast-seo-wordpress\/ -->\n<title>Declara\u00e7\u00e3o de privacidade - Agrimprove<\/title>\n<meta name=\"robots\" content=\"index, follow, max-snippet:-1, max-image-preview:large, max-video-preview:-1\" \/>\n<link rel=\"canonical\" href=\"https:\/\/www.agrimprove.com\/pt-br\/privacy-policy\/\" \/>\n<meta property=\"og:locale\" content=\"pt_BR\" \/>\n<meta property=\"og:type\" content=\"article\" \/>\n<meta property=\"og:title\" content=\"Declara\u00e7\u00e3o de privacidade - Agrimprove\" \/>\n<meta property=\"og:description\" content=\"A Agrifirm (Agrifirm Group B.V. e\/ou empresas afiliadas a ela) atribui grande import\u00e2ncia \u00e0 privacidade dos usu\u00e1rios da aplica\u00e7\u00e3o e dos visitantes do site. A Agrifirm trata os dados pessoais dos usu\u00e1rios que visitam o nosso site e utilizam nossa aplica\u00e7\u00e3o. Nesta declara\u00e7\u00e3o, gostar\u00edamos de inform\u00e1-lo sobre quais dados processamos e por qu\u00ea. Nesta p\u00e1gina, [&hellip;]\" \/>\n<meta property=\"og:url\" content=\"https:\/\/www.agrimprove.com\/pt-br\/privacy-policy\/\" \/>\n<meta property=\"og:site_name\" content=\"Agrimprove\" \/>\n<meta property=\"article:publisher\" content=\"https:\/\/www.facebook.com\/Agrimprove-107026970835037\" \/>\n<meta property=\"article:modified_time\" content=\"2022-06-22T05:39:30+00:00\" \/>\n<meta name=\"twitter:card\" content=\"summary_large_image\" \/>\n<meta name=\"twitter:label1\" content=\"Est. tempo de leitura\" \/>\n\t<meta name=\"twitter:data1\" content=\"5 minutos\" \/>\n<script type=\"application\/ld+json\" class=\"yoast-schema-graph\">{\"@context\":\"https:\/\/schema.org\",\"@graph\":[{\"@type\":\"WebPage\",\"@id\":\"https:\/\/www.agrimprove.com\/pt-br\/privacy-policy\/\",\"url\":\"https:\/\/www.agrimprove.com\/pt-br\/privacy-policy\/\",\"name\":\"Declara\u00e7\u00e3o de privacidade - Agrimprove\",\"isPartOf\":{\"@id\":\"https:\/\/www.agrimprove.com\/pt-br\/#website\"},\"datePublished\":\"2019-08-29T19:20:04+00:00\",\"dateModified\":\"2022-06-22T05:39:30+00:00\",\"breadcrumb\":{\"@id\":\"https:\/\/www.agrimprove.com\/pt-br\/privacy-policy\/#breadcrumb\"},\"inLanguage\":\"pt-BR\",\"potentialAction\":[{\"@type\":\"ReadAction\",\"target\":[\"https:\/\/www.agrimprove.com\/pt-br\/privacy-policy\/\"]}]},{\"@type\":\"BreadcrumbList\",\"@id\":\"https:\/\/www.agrimprove.com\/pt-br\/privacy-policy\/#breadcrumb\",\"itemListElement\":[{\"@type\":\"ListItem\",\"position\":1,\"name\":\"Home\",\"item\":\"https:\/\/www.agrimprove.com\/pt-br\/\"},{\"@type\":\"ListItem\",\"position\":2,\"name\":\"Declara\u00e7\u00e3o de privacidade\"}]},{\"@type\":\"WebSite\",\"@id\":\"https:\/\/www.agrimprove.com\/pt-br\/#website\",\"url\":\"https:\/\/www.agrimprove.com\/pt-br\/\",\"name\":\"Agrimprove\",\"description\":\"We farm ideas\",\"potentialAction\":[{\"@type\":\"SearchAction\",\"target\":{\"@type\":\"EntryPoint\",\"urlTemplate\":\"https:\/\/www.agrimprove.com\/pt-br\/?s={search_term_string}\"},\"query-input\":{\"@type\":\"PropertyValueSpecification\",\"valueRequired\":true,\"valueName\":\"search_term_string\"}}],\"inLanguage\":\"pt-BR\"}]}<\/script>\n<!-- \/ Yoast SEO plugin. -->","yoast_head_json":{"title":"Declara\u00e7\u00e3o de privacidade - Agrimprove","robots":{"index":"index","follow":"follow","max-snippet":"max-snippet:-1","max-image-preview":"max-image-preview:large","max-video-preview":"max-video-preview:-1"},"canonical":"https:\/\/www.agrimprove.com\/pt-br\/privacy-policy\/","og_locale":"pt_BR","og_type":"article","og_title":"Declara\u00e7\u00e3o de privacidade - Agrimprove","og_description":"A Agrifirm (Agrifirm Group B.V. e\/ou empresas afiliadas a ela) atribui grande import\u00e2ncia \u00e0 privacidade dos usu\u00e1rios da aplica\u00e7\u00e3o e dos visitantes do site. A Agrifirm trata os dados pessoais dos usu\u00e1rios que visitam o nosso site e utilizam nossa aplica\u00e7\u00e3o. Nesta declara\u00e7\u00e3o, gostar\u00edamos de inform\u00e1-lo sobre quais dados processamos e por qu\u00ea. Nesta p\u00e1gina, [&hellip;]","og_url":"https:\/\/www.agrimprove.com\/pt-br\/privacy-policy\/","og_site_name":"Agrimprove","article_publisher":"https:\/\/www.facebook.com\/Agrimprove-107026970835037","article_modified_time":"2022-06-22T05:39:30+00:00","twitter_card":"summary_large_image","twitter_misc":{"Est. tempo de leitura":"5 minutos"},"schema":{"@context":"https:\/\/schema.org","@graph":[{"@type":"WebPage","@id":"https:\/\/www.agrimprove.com\/pt-br\/privacy-policy\/","url":"https:\/\/www.agrimprove.com\/pt-br\/privacy-policy\/","name":"Declara\u00e7\u00e3o de privacidade - Agrimprove","isPartOf":{"@id":"https:\/\/www.agrimprove.com\/pt-br\/#website"},"datePublished":"2019-08-29T19:20:04+00:00","dateModified":"2022-06-22T05:39:30+00:00","breadcrumb":{"@id":"https:\/\/www.agrimprove.com\/pt-br\/privacy-policy\/#breadcrumb"},"inLanguage":"pt-BR","potentialAction":[{"@type":"ReadAction","target":["https:\/\/www.agrimprove.com\/pt-br\/privacy-policy\/"]}]},{"@type":"BreadcrumbList","@id":"https:\/\/www.agrimprove.com\/pt-br\/privacy-policy\/#breadcrumb","itemListElement":[{"@type":"ListItem","position":1,"name":"Home","item":"https:\/\/www.agrimprove.com\/pt-br\/"},{"@type":"ListItem","position":2,"name":"Declara\u00e7\u00e3o de privacidade"}]},{"@type":"WebSite","@id":"https:\/\/www.agrimprove.com\/pt-br\/#website","url":"https:\/\/www.agrimprove.com\/pt-br\/","name":"Agrimprove","description":"We farm ideas","potentialAction":[{"@type":"SearchAction","target":{"@type":"EntryPoint","urlTemplate":"https:\/\/www.agrimprove.com\/pt-br\/?s={search_term_string}"},"query-input":{"@type":"PropertyValueSpecification","valueRequired":true,"valueName":"search_term_string"}}],"inLanguage":"pt-BR"}]}},"_links":{"self":[{"href":"https:\/\/www.agrimprove.com\/pt-br\/wp-json\/wp\/v2\/pages\/21700","targetHints":{"allow":["GET"]}}],"collection":[{"href":"https:\/\/www.agrimprove.com\/pt-br\/wp-json\/wp\/v2\/pages"}],"about":[{"href":"https:\/\/www.agrimprove.com\/pt-br\/wp-json\/wp\/v2\/types\/page"}],"author":[{"embeddable":true,"href":"https:\/\/www.agrimprove.com\/pt-br\/wp-json\/wp\/v2\/users\/1"}],"replies":[{"embeddable":true,"href":"https:\/\/www.agrimprove.com\/pt-br\/wp-json\/wp\/v2\/comments?post=21700"}],"version-history":[{"count":1,"href":"https:\/\/www.agrimprove.com\/pt-br\/wp-json\/wp\/v2\/pages\/21700\/revisions"}],"predecessor-version":[{"id":21737,"href":"https:\/\/www.agrimprove.com\/pt-br\/wp-json\/wp\/v2\/pages\/21700\/revisions\/21737"}],"wp:attachment":[{"href":"https:\/\/www.agrimprove.com\/pt-br\/wp-json\/wp\/v2\/media?parent=21700"}],"wp:term":[{"taxonomy":"country","embeddable":true,"href":"https:\/\/www.agrimprove.com\/pt-br\/wp-json\/wp\/v2\/country?post=21700"}],"curies":[{"name":"wp","href":"https:\/\/api.w.org\/{rel}","templated":true}]}}