{"id":8803,"date":"2019-08-30T19:46:06","date_gmt":"2019-08-30T19:46:06","guid":{"rendered":"https:\/\/www.agrimprove.com\/who-we-are\/"},"modified":"2021-05-06T11:35:27","modified_gmt":"2021-05-06T11:35:27","slug":"quem-nos-somos","status":"publish","type":"page","link":"https:\/\/www.agrimprove.com\/pt-br\/quem-nos-somos\/","title":{"rendered":"Quem n\u00f3s somos"},"content":{"rendered":"\n<h2><strong>Agrimprove,<br \/>uma marca do Royal Agrifirm Group<br \/><\/strong><\/h2>\n<p>Agrimprove \u00e9 a marca de aditivos para nutri\u00e7\u00e3o animal do Grupo Royal Agrifirm. Para apoiar os agricultores em todo o mundo, desenvolvemos ideias na \u00e1rea da sa\u00fade e nutri\u00e7\u00e3o animal, e transformamos essas ideias em estrat\u00e9gias de melhoria tang\u00edveis baseadas na otimiza\u00e7\u00e3o das ra\u00e7\u00f5es.<\/p>\n<p>Em estreita colabora\u00e7\u00e3o com as partes interessadas na agricultura, produ\u00e7\u00e3o de ra\u00e7\u00f5es, processamento e varejo, implantamos o poder da ci\u00eancia para melhorar continuamente a maneira como produzimos prote\u00edna alimentar para nossa crescente popula\u00e7\u00e3o global. Ao transformar a ra\u00e7\u00e3o de uma commodity a granel em uma ferramenta poderosa para melhorias, podemos esperar com confian\u00e7a um futuro com comida melhor para mais pessoas.<\/p>\n","protected":false},"excerpt":{"rendered":"<p>Agrimprove,uma marca do Royal Agrifirm Group Agrimprove \u00e9 a marca de aditivos para nutri\u00e7\u00e3o animal do Grupo Royal Agrifirm. Para apoiar os agricultores em todo o mundo, desenvolvemos ideias na \u00e1rea da sa\u00fade e nutri\u00e7\u00e3o animal, e transformamos essas ideias em estrat\u00e9gias de melhoria tang\u00edveis baseadas na otimiza\u00e7\u00e3o das ra\u00e7\u00f5es. Em estreita colabora\u00e7\u00e3o com as [&hellip;]<\/p>\n","protected":false},"author":1,"featured_media":0,"parent":0,"menu_order":0,"comment_status":"closed","ping_status":"closed","template":"page-whoweare.php","meta":{"_acf_changed":false,"footnotes":""},"country":[],"class_list":["post-8803","page","type-page","status-publish","hentry"],"acf":[],"yoast_head":"<!-- This site is optimized with the Yoast SEO plugin v26.9 - https:\/\/yoast.com\/product\/yoast-seo-wordpress\/ -->\n<title>Quem n\u00f3s somos - Agrimprove<\/title>\n<meta name=\"robots\" content=\"index, follow, max-snippet:-1, max-image-preview:large, max-video-preview:-1\" \/>\n<link rel=\"canonical\" href=\"https:\/\/www.agrimprove.com\/pt-br\/quem-nos-somos\/\" \/>\n<meta property=\"og:locale\" content=\"pt_BR\" \/>\n<meta property=\"og:type\" content=\"article\" \/>\n<meta property=\"og:title\" content=\"Quem n\u00f3s somos - Agrimprove\" \/>\n<meta property=\"og:description\" content=\"Agrimprove,uma marca do Royal Agrifirm Group Agrimprove \u00e9 a marca de aditivos para nutri\u00e7\u00e3o animal do Grupo Royal Agrifirm. Para apoiar os agricultores em todo o mundo, desenvolvemos ideias na \u00e1rea da sa\u00fade e nutri\u00e7\u00e3o animal, e transformamos essas ideias em estrat\u00e9gias de melhoria tang\u00edveis baseadas na otimiza\u00e7\u00e3o das ra\u00e7\u00f5es. Em estreita colabora\u00e7\u00e3o com as [&hellip;]\" \/>\n<meta property=\"og:url\" content=\"https:\/\/www.agrimprove.com\/pt-br\/quem-nos-somos\/\" \/>\n<meta property=\"og:site_name\" content=\"Agrimprove\" \/>\n<meta property=\"article:publisher\" content=\"https:\/\/www.facebook.com\/Agrimprove-107026970835037\" \/>\n<meta property=\"article:modified_time\" content=\"2021-05-06T11:35:27+00:00\" \/>\n<meta name=\"twitter:card\" content=\"summary_large_image\" \/>\n<meta name=\"twitter:label1\" content=\"Est. tempo de leitura\" \/>\n\t<meta name=\"twitter:data1\" content=\"1 minuto\" \/>\n<script type=\"application\/ld+json\" class=\"yoast-schema-graph\">{\"@context\":\"https:\/\/schema.org\",\"@graph\":[{\"@type\":\"WebPage\",\"@id\":\"https:\/\/www.agrimprove.com\/pt-br\/quem-nos-somos\/\",\"url\":\"https:\/\/www.agrimprove.com\/pt-br\/quem-nos-somos\/\",\"name\":\"Quem n\u00f3s somos - Agrimprove\",\"isPartOf\":{\"@id\":\"https:\/\/www.agrimprove.com\/pt-br\/#website\"},\"datePublished\":\"2019-08-30T19:46:06+00:00\",\"dateModified\":\"2021-05-06T11:35:27+00:00\",\"breadcrumb\":{\"@id\":\"https:\/\/www.agrimprove.com\/pt-br\/quem-nos-somos\/#breadcrumb\"},\"inLanguage\":\"pt-BR\",\"potentialAction\":[{\"@type\":\"ReadAction\",\"target\":[\"https:\/\/www.agrimprove.com\/pt-br\/quem-nos-somos\/\"]}]},{\"@type\":\"BreadcrumbList\",\"@id\":\"https:\/\/www.agrimprove.com\/pt-br\/quem-nos-somos\/#breadcrumb\",\"itemListElement\":[{\"@type\":\"ListItem\",\"position\":1,\"name\":\"Home\",\"item\":\"https:\/\/www.agrimprove.com\/pt-br\/\"},{\"@type\":\"ListItem\",\"position\":2,\"name\":\"Quem n\u00f3s somos\"}]},{\"@type\":\"WebSite\",\"@id\":\"https:\/\/www.agrimprove.com\/pt-br\/#website\",\"url\":\"https:\/\/www.agrimprove.com\/pt-br\/\",\"name\":\"Agrimprove\",\"description\":\"We farm ideas\",\"potentialAction\":[{\"@type\":\"SearchAction\",\"target\":{\"@type\":\"EntryPoint\",\"urlTemplate\":\"https:\/\/www.agrimprove.com\/pt-br\/?s={search_term_string}\"},\"query-input\":{\"@type\":\"PropertyValueSpecification\",\"valueRequired\":true,\"valueName\":\"search_term_string\"}}],\"inLanguage\":\"pt-BR\"}]}<\/script>\n<!-- \/ Yoast SEO plugin. -->","yoast_head_json":{"title":"Quem n\u00f3s somos - Agrimprove","robots":{"index":"index","follow":"follow","max-snippet":"max-snippet:-1","max-image-preview":"max-image-preview:large","max-video-preview":"max-video-preview:-1"},"canonical":"https:\/\/www.agrimprove.com\/pt-br\/quem-nos-somos\/","og_locale":"pt_BR","og_type":"article","og_title":"Quem n\u00f3s somos - Agrimprove","og_description":"Agrimprove,uma marca do Royal Agrifirm Group Agrimprove \u00e9 a marca de aditivos para nutri\u00e7\u00e3o animal do Grupo Royal Agrifirm. Para apoiar os agricultores em todo o mundo, desenvolvemos ideias na \u00e1rea da sa\u00fade e nutri\u00e7\u00e3o animal, e transformamos essas ideias em estrat\u00e9gias de melhoria tang\u00edveis baseadas na otimiza\u00e7\u00e3o das ra\u00e7\u00f5es. Em estreita colabora\u00e7\u00e3o com as [&hellip;]","og_url":"https:\/\/www.agrimprove.com\/pt-br\/quem-nos-somos\/","og_site_name":"Agrimprove","article_publisher":"https:\/\/www.facebook.com\/Agrimprove-107026970835037","article_modified_time":"2021-05-06T11:35:27+00:00","twitter_card":"summary_large_image","twitter_misc":{"Est. tempo de leitura":"1 minuto"},"schema":{"@context":"https:\/\/schema.org","@graph":[{"@type":"WebPage","@id":"https:\/\/www.agrimprove.com\/pt-br\/quem-nos-somos\/","url":"https:\/\/www.agrimprove.com\/pt-br\/quem-nos-somos\/","name":"Quem n\u00f3s somos - Agrimprove","isPartOf":{"@id":"https:\/\/www.agrimprove.com\/pt-br\/#website"},"datePublished":"2019-08-30T19:46:06+00:00","dateModified":"2021-05-06T11:35:27+00:00","breadcrumb":{"@id":"https:\/\/www.agrimprove.com\/pt-br\/quem-nos-somos\/#breadcrumb"},"inLanguage":"pt-BR","potentialAction":[{"@type":"ReadAction","target":["https:\/\/www.agrimprove.com\/pt-br\/quem-nos-somos\/"]}]},{"@type":"BreadcrumbList","@id":"https:\/\/www.agrimprove.com\/pt-br\/quem-nos-somos\/#breadcrumb","itemListElement":[{"@type":"ListItem","position":1,"name":"Home","item":"https:\/\/www.agrimprove.com\/pt-br\/"},{"@type":"ListItem","position":2,"name":"Quem n\u00f3s somos"}]},{"@type":"WebSite","@id":"https:\/\/www.agrimprove.com\/pt-br\/#website","url":"https:\/\/www.agrimprove.com\/pt-br\/","name":"Agrimprove","description":"We farm ideas","potentialAction":[{"@type":"SearchAction","target":{"@type":"EntryPoint","urlTemplate":"https:\/\/www.agrimprove.com\/pt-br\/?s={search_term_string}"},"query-input":{"@type":"PropertyValueSpecification","valueRequired":true,"valueName":"search_term_string"}}],"inLanguage":"pt-BR"}]}},"_links":{"self":[{"href":"https:\/\/www.agrimprove.com\/pt-br\/wp-json\/wp\/v2\/pages\/8803","targetHints":{"allow":["GET"]}}],"collection":[{"href":"https:\/\/www.agrimprove.com\/pt-br\/wp-json\/wp\/v2\/pages"}],"about":[{"href":"https:\/\/www.agrimprove.com\/pt-br\/wp-json\/wp\/v2\/types\/page"}],"author":[{"embeddable":true,"href":"https:\/\/www.agrimprove.com\/pt-br\/wp-json\/wp\/v2\/users\/1"}],"replies":[{"embeddable":true,"href":"https:\/\/www.agrimprove.com\/pt-br\/wp-json\/wp\/v2\/comments?post=8803"}],"version-history":[{"count":46,"href":"https:\/\/www.agrimprove.com\/pt-br\/wp-json\/wp\/v2\/pages\/8803\/revisions"}],"predecessor-version":[{"id":13227,"href":"https:\/\/www.agrimprove.com\/pt-br\/wp-json\/wp\/v2\/pages\/8803\/revisions\/13227"}],"wp:attachment":[{"href":"https:\/\/www.agrimprove.com\/pt-br\/wp-json\/wp\/v2\/media?parent=8803"}],"wp:term":[{"taxonomy":"country","embeddable":true,"href":"https:\/\/www.agrimprove.com\/pt-br\/wp-json\/wp\/v2\/country?post=8803"}],"curies":[{"name":"wp","href":"https:\/\/api.w.org\/{rel}","templated":true}]}}