{"id":10468,"date":"2020-04-14T07:14:54","date_gmt":"2020-04-14T07:14:54","guid":{"rendered":"https:\/\/www.agrimprove.com\/product\/feedlock\/"},"modified":"2021-07-13T12:53:27","modified_gmt":"2021-07-13T12:53:27","slug":"feedlock","status":"publish","type":"product","link":"https:\/\/www.agrimprove.com\/pt-br\/produto\/feedlock\/","title":{"rendered":"FEEDLOCK\u00ae"},"content":{"rendered":"<section class=\"section section--gutenberg section--gutenberg-nomargin wp-block-columns\"><div class=\"container\">\n<div class=\"wp-block-columns product-main-columns is-layout-flex wp-container-core-columns-is-layout-9d6595d7 wp-block-columns-is-layout-flex\">\n<div class=\"wp-block-column is-layout-flow wp-block-column-is-layout-flow\" style=\"flex-basis:66.66%\">\n<h2 class=\"wp-block-heading\"><strong><strong>Reduza o desafio viral<\/strong><\/strong><\/h2>\n\n\n\n<p>Gra\u00e7as \u00e0 ci\u00eancia, sabemos que mesmo a menor part\u00edcula viral pode levar a surtos tremendos e infectar uma fazenda inteira. Os vetores virais mais conhecidos s\u00e3o estrume, humanos, vermes e at\u00e9 mesmo ar. Mas e quanto \u00e0 alimenta\u00e7\u00e3o?<\/p>\n\n\n\n<p>A alimenta\u00e7\u00e3o pode transmitir doen\u00e7as como a peste su\u00edna africana, PRRS ou PED? De acordo com o artigo de revis\u00e3o de Gordon et al. (2019) ra\u00e7\u00f5es e mat\u00e9rias-primas para ra\u00e7\u00f5es podem n\u00e3o apenas espalhar o v\u00edrus, algumas mat\u00e9rias-primas como farelo de soja podem at\u00e9 mesmo apoiar a viabilidade e sobreviv\u00eancia do v\u00edrus. At\u00e9 agora, pouca aten\u00e7\u00e3o tem sido dada \u00e0 preven\u00e7\u00e3o da infec\u00e7\u00e3o por meio dessa via.<\/p>\n\n\n\n<h2 class=\"wp-block-heading\"><strong><strong>Como fechar a porta para v\u00edrus<\/strong><\/strong><\/h2>\n\n\n\n<p>Sed faucibus massa quis posuere molestie. Mauris consequat fringilla ultrices. Aliquam risus dolor, tempus sed maximus at, aliquet in lectus. Nullam nec laoreet libero. Interdum et malesuada fames ac ante ipsum primis in faucibus. Vivamus pulvinar mollis sapien sit amet sollicitudin.<\/p>\n\n\n\n<p>As vacinas s\u00e3o a primeira linha de preven\u00e7\u00e3o contra muitos v\u00edrus. Mas, devido \u00e0s muta\u00e7\u00f5es virais, os animais que n\u00e3o respondem e os animais com press\u00e3o de infec\u00e7\u00e3o muito alta \u00e0s vezes respondem mal \u00e0s vacinas. \u00c9 por isso que as medi\u00e7\u00f5es de biosseguran\u00e7a s\u00e3o necess\u00e1rias para evitar que pat\u00f3genos entrem na fazenda. A limpeza, secagem e desinfec\u00e7\u00e3o fazem parte dos protocolos padr\u00e3o.<\/p>\n\n\n\n<p>Controle de pragas, manejo de esterco e pol\u00edticas de entrada r\u00edgidas devem ser instalados, mas e quanto \u00e0 ra\u00e7\u00e3o? Para fechar uma das \u00faltimas lacunas de biosseguran\u00e7a, a Agrimprove desenvolveu o FeedLock\u00ae, um mitigante alimentar sustent\u00e1vel com propriedades antivirais.<\/p>\n<\/div>\n\n\n\n<div class=\"wp-block-column is-layout-flow wp-block-column-is-layout-flow\" style=\"flex-basis:33.33%\"><div class=\"block block--benefits\">\n    <h3 class=\"block-title\">Principais benef\u00edcios do <span class=\"orange\"><\/span><\/h3>\n    <ul class=\"benefits\">\n                    <li>Reduza o desafio viral\r<\/li>\n                    <li>Reduza o risco\r<\/li>\n                    <li>Desempenho seguro, sustent\u00e1vel e crescente<\/li>\n            <\/ul>\n<\/div>\n\n<div class=\"block block--productwhitepaper\">\n    <div class=\"inner\">\n                    <h3 class=\"block-title\">Want to know more?<\/h3>\n        \n                        <button class=\"button button--primary  align-left\" id=''>Entrar em contato\n\n    \n    <\/button>\n\n            \n            \n            <\/div>\n<\/div>\n<style>\n    .block.block--productwhitepaper.align-center {\n        display: flex;\n        flex-direction: row;\n        justify-content: center;   \n    }\n\n    .block.block--productwhitepaper.align-right {\n        display: flex;\n        flex-direction: row;\n        justify-content: flex-end;   \n    }\n\n    .block.block--productwhitepaper.align-center .block-title {\n        text-align: center;\n    }\n\n    .block.block--productwhitepaper.align-right .block-title {\n        text-align: right;\n    }\n\n    .block.block--productwhitepaper .inner {\n        display: flex;\n        flex-direction: column;\n    }\n\n    .block.block--productwhitepaper .button.align-center {\n        margin-left: auto;\n        margin-right: auto;\n    }\n\n    .block.block--productwhitepaper .button.align-left {\n        margin-right: auto;\n    }\n\n    .block.block--productwhitepaper .button.align-right {\n        margin-left: auto;\n    }\n<\/style><\/div>\n<\/div>\n<\/div><\/section>\n\n\n\n\n<section id=\"agri-contact-tile-block_6093e36cb3997\" class=\"section section--gutenberg agri-contact-tile\">\n    <div class=\"container\">\n        <div class=\"columns\">\n            \n                            <div class=\"column is-full is-10-tablet is-offset-1-tablet\">\n                                                <h2>Seu especialista Agrimprove<\/h2>\n                    <p><\/p>\n                                <\/div>\n        <\/div>\n        <div class=\"columns\">\n                            <div class=\"column is-full\">\n                                            <div class=\"contact-tile-wrapper\">\n                    <div class=\"contact-tile  contact-tile--empty\">\n                                                <div class=\"content-01\">\n                            <div class=\"name\">Marc  Intven<\/div>\n                            <div class=\"function\">Sales Manager<\/div>\n                        <\/div>\n                        <div class=\"content-02\">\n                                                        <div class=\"email\">\n                                <svg class='icon-before' xmlns=\"http:\/\/www.w3.org\/2000\/svg\" width=\"18.5\" height=\"13.643\" viewBox=\"0 0 18.5 13.643\">\n                                    <g data-name=\"streamline-icon-email-action-unread@24x24\" transform=\"translate(-0.75 -4)\">\n                                        <path d=\"M2.714,4.75H17.286A1.215,1.215,0,0,1,18.5,5.964v9.714a1.215,1.215,0,0,1-1.214,1.214H2.714A1.215,1.215,0,0,1,1.5,15.679V5.964A1.215,1.215,0,0,1,2.714,4.75Z\" fill=\"none\" stroke=\"#db8e17\" stroke-linecap=\"round\" stroke-linejoin=\"round\" stroke-width=\"1.5\"\/>\n                                        <path d=\"M18.161,5.3,11.62,11.564a2.255,2.255,0,0,1-3.24,0L1.839,5.3\" transform=\"translate(0)\" fill=\"none\" stroke=\"#db8e17\" stroke-linecap=\"round\" stroke-linejoin=\"round\" stroke-width=\"1.5\"\/>\n                                    <\/g>\n                                <\/svg>\n                                <a href=\"mailto:m.intven@nuscience.eu\">m.intven@nuscience.eu<\/a>\n                                <svg class='icon-after' width=\"12px\" height=\"11px\" viewBox=\"0 0 12 11\" version=\"1.1\" xmlns=\"http:\/\/www.w3.org\/2000\/svg\" xmlns:xlink=\"http:\/\/www.w3.org\/1999\/xlink\">\n                                    <g stroke=\"none\" stroke-width=\"1\" fill=\"none\" fill-rule=\"evenodd\">\n                                        <g transform=\"translate(-285.000000, -4382.000000)\" stroke=\"#CC8A00\" stroke-width=\"2\">\n                                            <g transform=\"translate(16.000000, 4233.000000)\">\n                                                <g transform=\"translate(16.600505, 144.000000)\">\n                                                    <g transform=\"translate(252.399495, 6.000000)\">\n                                                        <polyline transform=\"translate(5.384615, 4.615385) rotate(135.000000) translate(-5.384615, -4.615385) \" points=\"2.30769231 7.69230769 2.30769231 1.53846154 8.46153846 1.53846154\"><\/polyline>\n                                                        <line x1=\"0\" y1=\"4.61538462\" x2=\"9.23076923\" y2=\"4.61538462\"><\/line>\n                                                    <\/g>\n                                                <\/g>\n                                            <\/g>\n                                        <\/g>\n                                    <\/g>\n                                <\/svg>\n                            <\/div>\n                                                        \n                                                    <\/div>\n                    <\/div>\n                <\/div>\n                            <\/div>\n        <\/div>\n    <\/div>\n<\/section>\n\n\n\n<section id=\"agri-gallery-block_60d1e5dbc17dc\" class=\"section section--gutenberg agri-gallery\">\n    <div class=\"container\">\n        <div class=\"columns\">\n            <div class=\"column\">\n            <div class='gallery-slider-wrapper'><div class='gallery-slider block-gallery-slider'><div class=\"gallery-slide\"><a href=\"https:\/\/www.agrimprove.com\/wp-content\/uploads\/2019\/09\/varkens-vleesvarkens-biggen-stal-origineel-1440x958.jpg\" data-caption=\"\"><img decoding=\"async\" src=\"https:\/\/www.agrimprove.com\/wp-content\/uploads\/2019\/09\/varkens-vleesvarkens-biggen-stal-origineel-375x375.jpg\" alt=\"\"><\/a><\/div><div class=\"gallery-slide\"><a href=\"https:\/\/www.agrimprove.com\/wp-content\/uploads\/2020\/10\/Pigs-view-in-truck-2-1440x960.jpg\" data-caption=\"\"><img decoding=\"async\" src=\"https:\/\/www.agrimprove.com\/wp-content\/uploads\/2020\/10\/Pigs-view-in-truck-2-375x375.jpg\" alt=\"\"><\/a><\/div><div class=\"gallery-slide\"><a href=\"https:\/\/www.agrimprove.com\/wp-content\/uploads\/2020\/04\/shutterstock_635866193-1440x792.jpg\" data-caption=\"\"><img decoding=\"async\" src=\"https:\/\/www.agrimprove.com\/wp-content\/uploads\/2020\/04\/shutterstock_635866193-375x375.jpg\" alt=\"\"><\/a><\/div><div class=\"gallery-slide\"><a href=\"https:\/\/www.agrimprove.com\/wp-content\/uploads\/2020\/04\/varkens-algemeen-voeren-origineel-1440x1440.jpg\" data-caption=\"\"><img decoding=\"async\" src=\"https:\/\/www.agrimprove.com\/wp-content\/uploads\/2020\/04\/varkens-algemeen-voeren-origineel-375x375.jpg\" alt=\"\"><\/a><\/div><\/div><\/div>            <\/div>\n        <\/div>\n    <\/div>\n<\/section> \n\n\n\n<section id=\"agri-gallery-block_5d83b38d67b2a\" class=\"section section--gutenberg agri-gallery\">\n    <div class=\"container\">\n        <div class=\"columns\">\n            <div class=\"column\">\n                        <\/div>\n        <\/div>\n    <\/div>\n<\/section> \n\n\n\n<section id=\"agri-quote-block_5d83cf1255ac5\" class=\"section section--gutenberg  agri-quote\">\n    <div class=\"container\">\n        <div class=\"block block--cta\">\n            <div class=\"columns\">\n                <div class=\"column is-10-tablet is-offset-1-tablet\">\n                    <div class=\"block--cta__body\"><h2><span style=\"font-family: alegreya, sans-serif;\">Quer saber mais?<\/span><\/h2>\n<p><span style=\"font-size: 16px; font-family: alegreya, sans-serif;\"><span lang=\"pt\">Deixe-nos uma mensagem ou entre em contato com seu especialista local da Agrimprove <\/span>expert.<\/span><br \/>\n<span style=\"font-size: 16px; font-family: alegreya, sans-serif;\"><span lang=\"pt\">Entraremos em contato com voc\u00ea com informa\u00e7\u00f5es mais detalhadas.<\/span><\/span><\/p>\n<\/div>\n                \n                    <div class=\"block--cta__button\">\n                        <a href=\"https:\/\/www.agrimprove.com\/pt-br\/contate-nos\/\" target=\"_self\" class=\"button button--primary button--arrow\">entrar em contato                            <div class=\"arrow\">\n                                <svg viewBox=\"0 0 12 11\" version=\"1.1\" xmlns=\"http:\/\/www.w3.org\/2000\/svg\" xmlns:xlink=\"http:\/\/www.w3.org\/1999\/xlink\">\n                                    <g stroke=\"none\" stroke-width=\"1\" fill=\"none\" fill-rule=\"evenodd\">\n                                        <g transform=\"translate(-333.000000, -364.000000)\" stroke=\"currentColor\" stroke-width=\"2\">\n                                            <g transform=\"translate(16.000000, 346.000000)\">\n                                                <g transform=\"translate(317.000000, 19.000000)\">\n                                                    <polyline transform=\"translate(5.384615, 4.615385) rotate(135.000000) translate(-5.384615, -4.615385) \" points=\"2.30769231 7.69230769 2.30769231 1.53846154 8.46153846 1.53846154\"><\/polyline>\n                                                    <line x1=\"0\" y1=\"4.61538462\" x2=\"9.23076923\" y2=\"4.61538462\"><\/line>\n                                                <\/g>\n                                            <\/g>\n                                        <\/g>\n                                    <\/g>\n                                <\/svg>\n                            <\/div>\n                        <\/a>\n                    <\/div>\n\n                                    <\/div>\n            <\/div>\n        <\/div>\n    <\/div>\n<\/section>","protected":false},"excerpt":{"rendered":"<p>Feche a lacuna de biosseguran\u00e7a<\/p>\n","protected":false},"featured_media":8787,"template":"","meta":{"_acf_changed":false},"product_brand":[],"product_cat":[339],"product_tag":[],"sector":[3993],"country":[],"class_list":{"0":"post-10468","1":"product","2":"type-product","3":"status-publish","4":"has-post-thumbnail","6":"product_cat-feed-safety-pt-br","7":"sector-suinocultura-pt-br","9":"first","10":"instock","11":"shipping-taxable","12":"product-type-simple"},"acf":[],"yoast_head":"<!-- This site is optimized with the Yoast SEO plugin v26.9 - https:\/\/yoast.com\/product\/yoast-seo-wordpress\/ -->\n<title>FEEDLOCK\u00ae<\/title>\n<meta name=\"robots\" content=\"index, follow, max-snippet:-1, max-image-preview:large, max-video-preview:-1\" \/>\n<link rel=\"canonical\" href=\"https:\/\/www.agrimprove.com\/pt-br\/produto\/feedlock\/\" \/>\n<meta property=\"og:locale\" content=\"pt_BR\" \/>\n<meta property=\"og:type\" content=\"article\" \/>\n<meta property=\"og:title\" content=\"FEEDLOCK\u00ae\" \/>\n<meta property=\"og:description\" content=\"Feche a lacuna de biosseguran\u00e7a\" \/>\n<meta property=\"og:url\" content=\"https:\/\/www.agrimprove.com\/pt-br\/produto\/feedlock\/\" \/>\n<meta property=\"og:site_name\" content=\"Agrimprove\" \/>\n<meta property=\"article:publisher\" content=\"https:\/\/www.facebook.com\/Agrimprove-107026970835037\" \/>\n<meta property=\"article:modified_time\" content=\"2021-07-13T12:53:27+00:00\" \/>\n<meta property=\"og:image\" content=\"https:\/\/www.agrimprove.com\/wp-content\/uploads\/2019\/09\/shutterstock_347685044-scaled.jpg\" \/>\n\t<meta property=\"og:image:width\" content=\"4090\" \/>\n\t<meta property=\"og:image:height\" content=\"2731\" \/>\n\t<meta property=\"og:image:type\" content=\"image\/jpeg\" \/>\n<meta name=\"twitter:card\" content=\"summary_large_image\" \/>\n<meta name=\"twitter:label1\" content=\"Est. tempo de leitura\" \/>\n\t<meta name=\"twitter:data1\" content=\"2 minutos\" \/>\n<script type=\"application\/ld+json\" class=\"yoast-schema-graph\">{\"@context\":\"https:\/\/schema.org\",\"@graph\":[{\"@type\":\"WebPage\",\"@id\":\"https:\/\/www.agrimprove.com\/pt-br\/produto\/feedlock\/\",\"url\":\"https:\/\/www.agrimprove.com\/pt-br\/produto\/feedlock\/\",\"name\":\"FEEDLOCK\u00ae\",\"isPartOf\":{\"@id\":\"https:\/\/www.agrimprove.com\/pt-br\/#website\"},\"primaryImageOfPage\":{\"@id\":\"https:\/\/www.agrimprove.com\/pt-br\/produto\/feedlock\/#primaryimage\"},\"image\":{\"@id\":\"https:\/\/www.agrimprove.com\/pt-br\/produto\/feedlock\/#primaryimage\"},\"thumbnailUrl\":\"https:\/\/www.agrimprove.com\/wp-content\/uploads\/2019\/09\/shutterstock_347685044-scaled.jpg\",\"datePublished\":\"2020-04-14T07:14:54+00:00\",\"dateModified\":\"2021-07-13T12:53:27+00:00\",\"breadcrumb\":{\"@id\":\"https:\/\/www.agrimprove.com\/pt-br\/produto\/feedlock\/#breadcrumb\"},\"inLanguage\":\"pt-BR\",\"potentialAction\":[{\"@type\":\"ReadAction\",\"target\":[\"https:\/\/www.agrimprove.com\/pt-br\/produto\/feedlock\/\"]}]},{\"@type\":\"ImageObject\",\"inLanguage\":\"pt-BR\",\"@id\":\"https:\/\/www.agrimprove.com\/pt-br\/produto\/feedlock\/#primaryimage\",\"url\":\"https:\/\/www.agrimprove.com\/wp-content\/uploads\/2019\/09\/shutterstock_347685044-scaled.jpg\",\"contentUrl\":\"https:\/\/www.agrimprove.com\/wp-content\/uploads\/2019\/09\/shutterstock_347685044-scaled.jpg\",\"width\":4090,\"height\":2731},{\"@type\":\"BreadcrumbList\",\"@id\":\"https:\/\/www.agrimprove.com\/pt-br\/produto\/feedlock\/#breadcrumb\",\"itemListElement\":[{\"@type\":\"ListItem\",\"position\":1,\"name\":\"Home\",\"item\":\"https:\/\/www.agrimprove.com\/pt-br\/\"},{\"@type\":\"ListItem\",\"position\":2,\"name\":\"Nossas solu\u00e7\u00f5es\",\"item\":\"https:\/\/www.agrimprove.com\/pt-br\/nossos-produtos\/\"},{\"@type\":\"ListItem\",\"position\":3,\"name\":\"FEEDLOCK\u00ae\"}]},{\"@type\":\"WebSite\",\"@id\":\"https:\/\/www.agrimprove.com\/pt-br\/#website\",\"url\":\"https:\/\/www.agrimprove.com\/pt-br\/\",\"name\":\"Agrimprove\",\"description\":\"We farm ideas\",\"potentialAction\":[{\"@type\":\"SearchAction\",\"target\":{\"@type\":\"EntryPoint\",\"urlTemplate\":\"https:\/\/www.agrimprove.com\/pt-br\/?s={search_term_string}\"},\"query-input\":{\"@type\":\"PropertyValueSpecification\",\"valueRequired\":true,\"valueName\":\"search_term_string\"}}],\"inLanguage\":\"pt-BR\"}]}<\/script>\n<!-- \/ Yoast SEO plugin. -->","yoast_head_json":{"title":"FEEDLOCK\u00ae","robots":{"index":"index","follow":"follow","max-snippet":"max-snippet:-1","max-image-preview":"max-image-preview:large","max-video-preview":"max-video-preview:-1"},"canonical":"https:\/\/www.agrimprove.com\/pt-br\/produto\/feedlock\/","og_locale":"pt_BR","og_type":"article","og_title":"FEEDLOCK\u00ae","og_description":"Feche a lacuna de biosseguran\u00e7a","og_url":"https:\/\/www.agrimprove.com\/pt-br\/produto\/feedlock\/","og_site_name":"Agrimprove","article_publisher":"https:\/\/www.facebook.com\/Agrimprove-107026970835037","article_modified_time":"2021-07-13T12:53:27+00:00","og_image":[{"width":4090,"height":2731,"url":"https:\/\/www.agrimprove.com\/wp-content\/uploads\/2019\/09\/shutterstock_347685044-scaled.jpg","type":"image\/jpeg"}],"twitter_card":"summary_large_image","twitter_misc":{"Est. tempo de leitura":"2 minutos"},"schema":{"@context":"https:\/\/schema.org","@graph":[{"@type":"WebPage","@id":"https:\/\/www.agrimprove.com\/pt-br\/produto\/feedlock\/","url":"https:\/\/www.agrimprove.com\/pt-br\/produto\/feedlock\/","name":"FEEDLOCK\u00ae","isPartOf":{"@id":"https:\/\/www.agrimprove.com\/pt-br\/#website"},"primaryImageOfPage":{"@id":"https:\/\/www.agrimprove.com\/pt-br\/produto\/feedlock\/#primaryimage"},"image":{"@id":"https:\/\/www.agrimprove.com\/pt-br\/produto\/feedlock\/#primaryimage"},"thumbnailUrl":"https:\/\/www.agrimprove.com\/wp-content\/uploads\/2019\/09\/shutterstock_347685044-scaled.jpg","datePublished":"2020-04-14T07:14:54+00:00","dateModified":"2021-07-13T12:53:27+00:00","breadcrumb":{"@id":"https:\/\/www.agrimprove.com\/pt-br\/produto\/feedlock\/#breadcrumb"},"inLanguage":"pt-BR","potentialAction":[{"@type":"ReadAction","target":["https:\/\/www.agrimprove.com\/pt-br\/produto\/feedlock\/"]}]},{"@type":"ImageObject","inLanguage":"pt-BR","@id":"https:\/\/www.agrimprove.com\/pt-br\/produto\/feedlock\/#primaryimage","url":"https:\/\/www.agrimprove.com\/wp-content\/uploads\/2019\/09\/shutterstock_347685044-scaled.jpg","contentUrl":"https:\/\/www.agrimprove.com\/wp-content\/uploads\/2019\/09\/shutterstock_347685044-scaled.jpg","width":4090,"height":2731},{"@type":"BreadcrumbList","@id":"https:\/\/www.agrimprove.com\/pt-br\/produto\/feedlock\/#breadcrumb","itemListElement":[{"@type":"ListItem","position":1,"name":"Home","item":"https:\/\/www.agrimprove.com\/pt-br\/"},{"@type":"ListItem","position":2,"name":"Nossas solu\u00e7\u00f5es","item":"https:\/\/www.agrimprove.com\/pt-br\/nossos-produtos\/"},{"@type":"ListItem","position":3,"name":"FEEDLOCK\u00ae"}]},{"@type":"WebSite","@id":"https:\/\/www.agrimprove.com\/pt-br\/#website","url":"https:\/\/www.agrimprove.com\/pt-br\/","name":"Agrimprove","description":"We farm ideas","potentialAction":[{"@type":"SearchAction","target":{"@type":"EntryPoint","urlTemplate":"https:\/\/www.agrimprove.com\/pt-br\/?s={search_term_string}"},"query-input":{"@type":"PropertyValueSpecification","valueRequired":true,"valueName":"search_term_string"}}],"inLanguage":"pt-BR"}]}},"_links":{"self":[{"href":"https:\/\/www.agrimprove.com\/pt-br\/wp-json\/wp\/v2\/product\/10468","targetHints":{"allow":["GET"]}}],"collection":[{"href":"https:\/\/www.agrimprove.com\/pt-br\/wp-json\/wp\/v2\/product"}],"about":[{"href":"https:\/\/www.agrimprove.com\/pt-br\/wp-json\/wp\/v2\/types\/product"}],"wp:featuredmedia":[{"embeddable":true,"href":"https:\/\/www.agrimprove.com\/pt-br\/wp-json\/wp\/v2\/media\/8787"}],"wp:attachment":[{"href":"https:\/\/www.agrimprove.com\/pt-br\/wp-json\/wp\/v2\/media?parent=10468"}],"wp:term":[{"taxonomy":"product_brand","embeddable":true,"href":"https:\/\/www.agrimprove.com\/pt-br\/wp-json\/wp\/v2\/product_brand?post=10468"},{"taxonomy":"product_cat","embeddable":true,"href":"https:\/\/www.agrimprove.com\/pt-br\/wp-json\/wp\/v2\/product_cat?post=10468"},{"taxonomy":"product_tag","embeddable":true,"href":"https:\/\/www.agrimprove.com\/pt-br\/wp-json\/wp\/v2\/product_tag?post=10468"},{"taxonomy":"sector","embeddable":true,"href":"https:\/\/www.agrimprove.com\/pt-br\/wp-json\/wp\/v2\/sector?post=10468"},{"taxonomy":"country","embeddable":true,"href":"https:\/\/www.agrimprove.com\/pt-br\/wp-json\/wp\/v2\/country?post=10468"}],"curies":[{"name":"wp","href":"https:\/\/api.w.org\/{rel}","templated":true}]}}