{"id":9259,"date":"2019-09-19T18:55:11","date_gmt":"2019-09-19T18:55:11","guid":{"rendered":"https:\/\/www.agrimprove.com\/product\/c-vita\/"},"modified":"2021-07-07T07:31:52","modified_gmt":"2021-07-07T07:31:52","slug":"c-vita","status":"publish","type":"product","link":"https:\/\/www.agrimprove.com\/pt-br\/produto\/c-vita\/","title":{"rendered":"C-VITA"},"content":{"rendered":"<section class=\"section section--gutenberg section--gutenberg-nomargin wp-block-columns\"><div class=\"container\">\n<div class=\"wp-block-columns product-main-columns is-layout-flex wp-container-core-columns-is-layout-9d6595d7 wp-block-columns-is-layout-flex\">\n<div class=\"wp-block-column is-layout-flow wp-block-column-is-layout-flow\" style=\"flex-basis:66.66%\">\n<h2 class=\"wp-block-heading\"><strong>A import\u00e2ncia das porcas<\/strong><\/h2>\n\n\n\n<p>Na maioria dos pai\u0301ses produtores de sui\u0301nos, a capacidade reprodutiva das porcas atualmente atinge ou excede 30 leit\u00f5es\/ano. Ja\u0301 foi comprovado que em leitegadas com mais de 9-10 leit\u00f5es, frequentemente observadas em porcas hiperproli\u0301ficas, o fornecimento de colostro e leite por leita\u0303o e\u0301 reduzido em pelo menos 21%.<\/p>\n\n\n\n<p>O enfoque na sa\u00fade e nutric\u0327a\u0303o das porcas e\u0301 indispensa\u0301vel para garantir a qualidade e o fornecimento adequado de leite a\u0300 prog\u00eanie, promover o bom desenvolvimento intestinal, reduzir a sensibilidade a\u0300 inflamac\u0327a\u0303o e promover a maturac\u0327a\u0303o do sistema imunita\u0301rio. Isso resultara\u0301 em melhores resultados zoote\u0301cnicos ao longo de todo o ciclo produtivo dos animais.<\/p>\n\n\n\n<h2 class=\"wp-block-heading\"><strong>Proteger os leit\u00f5es<\/strong><\/h2>\n\n\n\n<p>Os su\u00ednos sa\u0303o um reservato\u0301rio natural de Streptococcus suis, uma bacte\u0301ria que pode se tornar patog\u00eanica sob condic\u0327\u00f5es de estresse. Considerando que a artrite, a meningite e a morte s\u00fabita podem ocorrer rapidamente, geralmente sa\u0303o implementadas soluc\u0327\u00f5es preventivas que incluam uma maior biosseguranc\u0327a e a administrac\u0327a\u0303o de tratamentos veterina\u0301rios.<\/p>\n\n\n\n<p>Nesse contexto, a soluc\u0327a\u0303o natural C-vita pode reduzir a preval\u00eancia de Streptococcus suis em leito\u0303es e porcas. Isso deve ser prefer\u00edvel ao uso de antibio\u0301ticos preventivos, cujo uso deve ser limitado ao tratamento de doenc\u0327as cl\u00ednicas.<\/p>\n<\/div>\n\n\n\n<div class=\"wp-block-column is-layout-flow wp-block-column-is-layout-flow\" style=\"flex-basis:33.33%\"><div class=\"block block--benefits\">\n    <h3 class=\"block-title\">Principais\u00a0benef\u00edcios\u00a0do <span class=\"orange\"><\/span><\/h3>\n    <ul class=\"benefits\">\n                    <li>Melhorar\u00a0a\u00a0transfer\u00eancia\u00a0 imunit\u00e1ria\u00a0\r<\/li>\n                    <li>Efic\u00e1cia\u00a0dependente\u00a0da dose\u00a0\r<\/li>\n                    <li>Amplos\u00a0benef\u00edcios\u00a0na\u00a0    explora\u00e7\u00e3o\u00a0<\/li>\n            <\/ul>\n<\/div>\n\n<div class=\"block block--productwhitepaper\">\n    <div class=\"inner\">\n                    <h3 class=\"block-title\">Quer saber mais? <\/h3>\n        \n                        <button class=\"button button--primary  align-left\" id=''>entrar em contato \n\n    \n    <\/button>\n\n            \n            \n            <\/div>\n<\/div>\n<style>\n    .block.block--productwhitepaper.align-center {\n        display: flex;\n        flex-direction: row;\n        justify-content: center;   \n    }\n\n    .block.block--productwhitepaper.align-right {\n        display: flex;\n        flex-direction: row;\n        justify-content: flex-end;   \n    }\n\n    .block.block--productwhitepaper.align-center .block-title {\n        text-align: center;\n    }\n\n    .block.block--productwhitepaper.align-right .block-title {\n        text-align: right;\n    }\n\n    .block.block--productwhitepaper .inner {\n        display: flex;\n        flex-direction: column;\n    }\n\n    .block.block--productwhitepaper .button.align-center {\n        margin-left: auto;\n        margin-right: auto;\n    }\n\n    .block.block--productwhitepaper .button.align-left {\n        margin-right: auto;\n    }\n\n    .block.block--productwhitepaper .button.align-right {\n        margin-left: auto;\n    }\n<\/style><\/div>\n<\/div>\n<\/div><\/section>\n\n\n<section id=\"agri-contact-tile-block_6093e36cb3997\" class=\"section section--gutenberg agri-contact-tile\">\n    <div class=\"container\">\n        <div class=\"columns\">\n            \n                            <div class=\"column is-full is-10-tablet is-offset-1-tablet\">\n                                                <h2>Seu especialista Agrimprove<\/h2>\n                    <p><\/p>\n                                <\/div>\n        <\/div>\n        <div class=\"columns\">\n                            <div class=\"column is-full\">\n                                        <\/div>\n        <\/div>\n    <\/div>\n<\/section>\n\n\n\n<section id=\"agri-gallery-block_5d83b38d67b2a\" class=\"section section--gutenberg agri-gallery\">\n    <div class=\"container\">\n        <div class=\"columns\">\n            <div class=\"column\">\n            <div class='gallery-slider-wrapper'><div class='gallery-slider block-gallery-slider'><div class=\"gallery-slide\"><a href=\"https:\/\/www.agrimprove.com\/wp-content\/uploads\/2020\/08\/piglets-sow-weaning-1440x961.jpg\" data-caption=\"\"><img decoding=\"async\" src=\"https:\/\/www.agrimprove.com\/wp-content\/uploads\/2020\/08\/piglets-sow-weaning-375x375.jpg\" alt=\"Very young piglets drinking with mother, showcasing the dangers of pre-weaning mortality\n\"><\/a><\/div><div class=\"gallery-slide\"><a href=\"https:\/\/www.agrimprove.com\/wp-content\/uploads\/2019\/09\/varkens-biggen-zogen-origineel-1440x960.jpg\" data-caption=\"\"><img decoding=\"async\" src=\"https:\/\/www.agrimprove.com\/wp-content\/uploads\/2019\/09\/varkens-biggen-zogen-origineel-375x375.jpg\" alt=\"\"><\/a><\/div><div class=\"gallery-slide\"><a href=\"https:\/\/www.agrimprove.com\/wp-content\/uploads\/2020\/09\/Webinar2_FM2.jpg\" data-caption=\"\"><img decoding=\"async\" src=\"https:\/\/www.agrimprove.com\/wp-content\/uploads\/2020\/09\/Webinar2_FM2-375x375.jpg\" alt=\"\"><\/a><\/div><div class=\"gallery-slide\"><a href=\"https:\/\/www.agrimprove.com\/wp-content\/uploads\/2019\/09\/shutterstock_323829674-1440x961.jpg\" data-caption=\"\"><img decoding=\"async\" src=\"https:\/\/www.agrimprove.com\/wp-content\/uploads\/2019\/09\/shutterstock_323829674-375x375.jpg\" alt=\"\"><\/a><\/div><\/div><\/div>            <\/div>\n        <\/div>\n    <\/div>\n<\/section> \n\n\n\n<section id=\"agri-quote-block_5d83cf1255ac5\" class=\"section section--gutenberg  agri-quote\">\n    <div class=\"container\">\n        <div class=\"block block--cta\">\n            <div class=\"columns\">\n                <div class=\"column is-10-tablet is-offset-1-tablet\">\n                    <div class=\"block--cta__body\"><h2><span style=\"font-family: alegreya, sans-serif;\">Quer saber mais?<\/span><\/h2>\n<p><span style=\"font-size: 16px;\"><span lang=\"pt\">Deixe-nos uma mensagem ou entre em contato com seu especialista local da Agrimprove<\/span>expert.<\/span><br \/>\n<span style=\"font-size: 16px;\"><span lang=\"pt\">Entraremos em contato com voc\u00ea com informa\u00e7\u00f5es mais detalhadas.<\/span><\/span><\/p>\n<\/div>\n                \n                    <div class=\"block--cta__button\">\n                        <a href=\"https:\/\/www.agrimprove.com\/pt-br\/contate-nos\/\" target=\"_self\" class=\"button button--primary button--arrow\">entrar em contato                            <div class=\"arrow\">\n                                <svg viewBox=\"0 0 12 11\" version=\"1.1\" xmlns=\"http:\/\/www.w3.org\/2000\/svg\" xmlns:xlink=\"http:\/\/www.w3.org\/1999\/xlink\">\n                                    <g stroke=\"none\" stroke-width=\"1\" fill=\"none\" fill-rule=\"evenodd\">\n                                        <g transform=\"translate(-333.000000, -364.000000)\" stroke=\"currentColor\" stroke-width=\"2\">\n                                            <g transform=\"translate(16.000000, 346.000000)\">\n                                                <g transform=\"translate(317.000000, 19.000000)\">\n                                                    <polyline transform=\"translate(5.384615, 4.615385) rotate(135.000000) translate(-5.384615, -4.615385) \" points=\"2.30769231 7.69230769 2.30769231 1.53846154 8.46153846 1.53846154\"><\/polyline>\n                                                    <line x1=\"0\" y1=\"4.61538462\" x2=\"9.23076923\" y2=\"4.61538462\"><\/line>\n                                                <\/g>\n                                            <\/g>\n                                        <\/g>\n                                    <\/g>\n                                <\/svg>\n                            <\/div>\n                        <\/a>\n                    <\/div>\n\n                                    <\/div>\n            <\/div>\n        <\/div>\n    <\/div>\n<\/section>\n\n\n<p><\/p>\n","protected":false},"excerpt":{"rendered":"<p>Apoiar a imunidade e a microflora<\/p>\n","protected":false},"featured_media":9260,"template":"","meta":{"_acf_changed":false},"product_brand":[],"product_cat":[327,331,332],"product_tag":[],"sector":[3993],"country":[],"class_list":{"0":"post-9259","1":"product","2":"type-product","3":"status-publish","4":"has-post-thumbnail","6":"product_cat-stress-immunity-pt-br","7":"product_cat-reproduction-pt-br","8":"product_cat-lactation-pt-br","9":"sector-suinocultura-pt-br","11":"first","12":"instock","13":"shipping-taxable","14":"product-type-simple"},"acf":[],"yoast_head":"<!-- This site is optimized with the Yoast SEO plugin v26.9 - https:\/\/yoast.com\/product\/yoast-seo-wordpress\/ -->\n<title>C-VITA<\/title>\n<meta name=\"robots\" content=\"index, follow, max-snippet:-1, max-image-preview:large, max-video-preview:-1\" \/>\n<link rel=\"canonical\" href=\"https:\/\/www.agrimprove.com\/pt-br\/produto\/c-vita\/\" \/>\n<meta property=\"og:locale\" content=\"pt_BR\" \/>\n<meta property=\"og:type\" content=\"article\" \/>\n<meta property=\"og:title\" content=\"C-VITA\" \/>\n<meta property=\"og:description\" content=\"Apoiar a imunidade e a microflora\" \/>\n<meta property=\"og:url\" content=\"https:\/\/www.agrimprove.com\/pt-br\/produto\/c-vita\/\" \/>\n<meta property=\"og:site_name\" content=\"Agrimprove\" \/>\n<meta property=\"article:publisher\" content=\"https:\/\/www.facebook.com\/Agrimprove-107026970835037\" \/>\n<meta property=\"article:modified_time\" content=\"2021-07-07T07:31:52+00:00\" \/>\n<meta property=\"og:image\" content=\"https:\/\/www.agrimprove.com\/wp-content\/uploads\/2019\/09\/shutterstock_277909613-e1568919775464.jpg\" \/>\n\t<meta property=\"og:image:width\" content=\"1181\" \/>\n\t<meta property=\"og:image:height\" content=\"765\" \/>\n\t<meta property=\"og:image:type\" content=\"image\/jpeg\" \/>\n<meta name=\"twitter:card\" content=\"summary_large_image\" \/>\n<meta name=\"twitter:label1\" content=\"Est. tempo de leitura\" \/>\n\t<meta name=\"twitter:data1\" content=\"1 minuto\" \/>\n<script type=\"application\/ld+json\" class=\"yoast-schema-graph\">{\"@context\":\"https:\/\/schema.org\",\"@graph\":[{\"@type\":\"WebPage\",\"@id\":\"https:\/\/www.agrimprove.com\/pt-br\/produto\/c-vita\/\",\"url\":\"https:\/\/www.agrimprove.com\/pt-br\/produto\/c-vita\/\",\"name\":\"C-VITA\",\"isPartOf\":{\"@id\":\"https:\/\/www.agrimprove.com\/pt-br\/#website\"},\"primaryImageOfPage\":{\"@id\":\"https:\/\/www.agrimprove.com\/pt-br\/produto\/c-vita\/#primaryimage\"},\"image\":{\"@id\":\"https:\/\/www.agrimprove.com\/pt-br\/produto\/c-vita\/#primaryimage\"},\"thumbnailUrl\":\"https:\/\/www.agrimprove.com\/wp-content\/uploads\/2019\/09\/shutterstock_277909613-e1568919775464.jpg\",\"datePublished\":\"2019-09-19T18:55:11+00:00\",\"dateModified\":\"2021-07-07T07:31:52+00:00\",\"breadcrumb\":{\"@id\":\"https:\/\/www.agrimprove.com\/pt-br\/produto\/c-vita\/#breadcrumb\"},\"inLanguage\":\"pt-BR\",\"potentialAction\":[{\"@type\":\"ReadAction\",\"target\":[\"https:\/\/www.agrimprove.com\/pt-br\/produto\/c-vita\/\"]}]},{\"@type\":\"ImageObject\",\"inLanguage\":\"pt-BR\",\"@id\":\"https:\/\/www.agrimprove.com\/pt-br\/produto\/c-vita\/#primaryimage\",\"url\":\"https:\/\/www.agrimprove.com\/wp-content\/uploads\/2019\/09\/shutterstock_277909613-e1568919775464.jpg\",\"contentUrl\":\"https:\/\/www.agrimprove.com\/wp-content\/uploads\/2019\/09\/shutterstock_277909613-e1568919775464.jpg\",\"width\":1181,\"height\":765},{\"@type\":\"BreadcrumbList\",\"@id\":\"https:\/\/www.agrimprove.com\/pt-br\/produto\/c-vita\/#breadcrumb\",\"itemListElement\":[{\"@type\":\"ListItem\",\"position\":1,\"name\":\"Home\",\"item\":\"https:\/\/www.agrimprove.com\/pt-br\/\"},{\"@type\":\"ListItem\",\"position\":2,\"name\":\"Nossas solu\u00e7\u00f5es\",\"item\":\"https:\/\/www.agrimprove.com\/pt-br\/nossos-produtos\/\"},{\"@type\":\"ListItem\",\"position\":3,\"name\":\"C-VITA\"}]},{\"@type\":\"WebSite\",\"@id\":\"https:\/\/www.agrimprove.com\/pt-br\/#website\",\"url\":\"https:\/\/www.agrimprove.com\/pt-br\/\",\"name\":\"Agrimprove\",\"description\":\"We farm ideas\",\"potentialAction\":[{\"@type\":\"SearchAction\",\"target\":{\"@type\":\"EntryPoint\",\"urlTemplate\":\"https:\/\/www.agrimprove.com\/pt-br\/?s={search_term_string}\"},\"query-input\":{\"@type\":\"PropertyValueSpecification\",\"valueRequired\":true,\"valueName\":\"search_term_string\"}}],\"inLanguage\":\"pt-BR\"}]}<\/script>\n<!-- \/ Yoast SEO plugin. -->","yoast_head_json":{"title":"C-VITA","robots":{"index":"index","follow":"follow","max-snippet":"max-snippet:-1","max-image-preview":"max-image-preview:large","max-video-preview":"max-video-preview:-1"},"canonical":"https:\/\/www.agrimprove.com\/pt-br\/produto\/c-vita\/","og_locale":"pt_BR","og_type":"article","og_title":"C-VITA","og_description":"Apoiar a imunidade e a microflora","og_url":"https:\/\/www.agrimprove.com\/pt-br\/produto\/c-vita\/","og_site_name":"Agrimprove","article_publisher":"https:\/\/www.facebook.com\/Agrimprove-107026970835037","article_modified_time":"2021-07-07T07:31:52+00:00","og_image":[{"width":1181,"height":765,"url":"https:\/\/www.agrimprove.com\/wp-content\/uploads\/2019\/09\/shutterstock_277909613-e1568919775464.jpg","type":"image\/jpeg"}],"twitter_card":"summary_large_image","twitter_misc":{"Est. tempo de leitura":"1 minuto"},"schema":{"@context":"https:\/\/schema.org","@graph":[{"@type":"WebPage","@id":"https:\/\/www.agrimprove.com\/pt-br\/produto\/c-vita\/","url":"https:\/\/www.agrimprove.com\/pt-br\/produto\/c-vita\/","name":"C-VITA","isPartOf":{"@id":"https:\/\/www.agrimprove.com\/pt-br\/#website"},"primaryImageOfPage":{"@id":"https:\/\/www.agrimprove.com\/pt-br\/produto\/c-vita\/#primaryimage"},"image":{"@id":"https:\/\/www.agrimprove.com\/pt-br\/produto\/c-vita\/#primaryimage"},"thumbnailUrl":"https:\/\/www.agrimprove.com\/wp-content\/uploads\/2019\/09\/shutterstock_277909613-e1568919775464.jpg","datePublished":"2019-09-19T18:55:11+00:00","dateModified":"2021-07-07T07:31:52+00:00","breadcrumb":{"@id":"https:\/\/www.agrimprove.com\/pt-br\/produto\/c-vita\/#breadcrumb"},"inLanguage":"pt-BR","potentialAction":[{"@type":"ReadAction","target":["https:\/\/www.agrimprove.com\/pt-br\/produto\/c-vita\/"]}]},{"@type":"ImageObject","inLanguage":"pt-BR","@id":"https:\/\/www.agrimprove.com\/pt-br\/produto\/c-vita\/#primaryimage","url":"https:\/\/www.agrimprove.com\/wp-content\/uploads\/2019\/09\/shutterstock_277909613-e1568919775464.jpg","contentUrl":"https:\/\/www.agrimprove.com\/wp-content\/uploads\/2019\/09\/shutterstock_277909613-e1568919775464.jpg","width":1181,"height":765},{"@type":"BreadcrumbList","@id":"https:\/\/www.agrimprove.com\/pt-br\/produto\/c-vita\/#breadcrumb","itemListElement":[{"@type":"ListItem","position":1,"name":"Home","item":"https:\/\/www.agrimprove.com\/pt-br\/"},{"@type":"ListItem","position":2,"name":"Nossas solu\u00e7\u00f5es","item":"https:\/\/www.agrimprove.com\/pt-br\/nossos-produtos\/"},{"@type":"ListItem","position":3,"name":"C-VITA"}]},{"@type":"WebSite","@id":"https:\/\/www.agrimprove.com\/pt-br\/#website","url":"https:\/\/www.agrimprove.com\/pt-br\/","name":"Agrimprove","description":"We farm ideas","potentialAction":[{"@type":"SearchAction","target":{"@type":"EntryPoint","urlTemplate":"https:\/\/www.agrimprove.com\/pt-br\/?s={search_term_string}"},"query-input":{"@type":"PropertyValueSpecification","valueRequired":true,"valueName":"search_term_string"}}],"inLanguage":"pt-BR"}]}},"_links":{"self":[{"href":"https:\/\/www.agrimprove.com\/pt-br\/wp-json\/wp\/v2\/product\/9259","targetHints":{"allow":["GET"]}}],"collection":[{"href":"https:\/\/www.agrimprove.com\/pt-br\/wp-json\/wp\/v2\/product"}],"about":[{"href":"https:\/\/www.agrimprove.com\/pt-br\/wp-json\/wp\/v2\/types\/product"}],"wp:featuredmedia":[{"embeddable":true,"href":"https:\/\/www.agrimprove.com\/pt-br\/wp-json\/wp\/v2\/media\/9260"}],"wp:attachment":[{"href":"https:\/\/www.agrimprove.com\/pt-br\/wp-json\/wp\/v2\/media?parent=9259"}],"wp:term":[{"taxonomy":"product_brand","embeddable":true,"href":"https:\/\/www.agrimprove.com\/pt-br\/wp-json\/wp\/v2\/product_brand?post=9259"},{"taxonomy":"product_cat","embeddable":true,"href":"https:\/\/www.agrimprove.com\/pt-br\/wp-json\/wp\/v2\/product_cat?post=9259"},{"taxonomy":"product_tag","embeddable":true,"href":"https:\/\/www.agrimprove.com\/pt-br\/wp-json\/wp\/v2\/product_tag?post=9259"},{"taxonomy":"sector","embeddable":true,"href":"https:\/\/www.agrimprove.com\/pt-br\/wp-json\/wp\/v2\/sector?post=9259"},{"taxonomy":"country","embeddable":true,"href":"https:\/\/www.agrimprove.com\/pt-br\/wp-json\/wp\/v2\/country?post=9259"}],"curies":[{"name":"wp","href":"https:\/\/api.w.org\/{rel}","templated":true}]}}